{"id":525,"date":"2019-04-02T13:12:59","date_gmt":"2019-04-02T12:12:59","guid":{"rendered":"https:\/\/www.knowledgebaseltd.eu\/project-topics-and-products\/global-issues-economy-and-society\/turkish\/turkish4\/"},"modified":"2021-10-21T08:15:00","modified_gmt":"2021-10-21T07:15:00","slug":"turkish4","status":"publish","type":"page","link":"https:\/\/www.knowledgebaseltd.eu\/project-topics-and-products\/global-issues-economy-and-society\/turkish\/turkish4\/","title":{"rendered":"G\u0131da Sorunu ve At\u0131k Y\u00f6netimi"},"content":{"rendered":"<p><a href=\"https:\/\/www.knowledgebaseltd.eu\/wp-content\/uploads\/2021\/10\/Gida-Sorunu-ve-Atik-Yonetimi.pptx\" class=\"mtli_attachment mtli_pptx\" data-mtli=\"mtli_filesize346MB\">G\u0131da Sorunu ve At\u0131k Y\u00f6netimi<\/a><\/p>\n<style type=\"text\/css\">a[data-mtli~=\"mtli_filesize346MB\"]:after {content:\" (3.46 MB)\"}<\/style>","protected":false},"excerpt":{"rendered":"<p>G\u0131da Sorunu ve At\u0131k Y\u00f6netimi<\/p>\n","protected":false},"author":1,"featured_media":0,"parent":90,"menu_order":44,"comment_status":"closed","ping_status":"closed","template":"","meta":[],"_links":{"self":[{"href":"https:\/\/www.knowledgebaseltd.eu\/wp-json\/wp\/v2\/pages\/525"}],"collection":[{"href":"https:\/\/www.knowledgebaseltd.eu\/wp-json\/wp\/v2\/pages"}],"about":[{"href":"https:\/\/www.knowledgebaseltd.eu\/wp-json\/wp\/v2\/types\/page"}],"author":[{"embeddable":true,"href":"https:\/\/www.knowledgebaseltd.eu\/wp-json\/wp\/v2\/users\/1"}],"replies":[{"embeddable":true,"href":"https:\/\/www.knowledgebaseltd.eu\/wp-json\/wp\/v2\/comments?post=525"}],"version-history":[{"count":2,"href":"https:\/\/www.knowledgebaseltd.eu\/wp-json\/wp\/v2\/pages\/525\/revisions"}],"predecessor-version":[{"id":1858,"href":"https:\/\/www.knowledgebaseltd.eu\/wp-json\/wp\/v2\/pages\/525\/revisions\/1858"}],"up":[{"embeddable":true,"href":"https:\/\/www.knowledgebaseltd.eu\/wp-json\/wp\/v2\/pages\/90"}],"wp:attachment":[{"href":"https:\/\/www.knowledgebaseltd.eu\/wp-json\/wp\/v2\/media?parent=525"}],"curies":[{"name":"wp","href":"https:\/\/api.w.org\/{rel}","templated":true}]}}