{"id":524,"date":"2019-04-02T13:12:59","date_gmt":"2019-04-02T12:12:59","guid":{"rendered":"https:\/\/www.knowledgebaseltd.eu\/project-topics-and-products\/global-issues-economy-and-society\/turkish\/turkish3\/"},"modified":"2021-10-21T08:13:31","modified_gmt":"2021-10-21T07:13:31","slug":"turkish3","status":"publish","type":"page","link":"https:\/\/www.knowledgebaseltd.eu\/project-topics-and-products\/global-issues-economy-and-society\/turkish\/turkish3\/","title":{"rendered":"T\u00fcrkiyede Nuf\u00fcs Art\u0131\u015f\u0131"},"content":{"rendered":"<p><a href=\"https:\/\/www.knowledgebaseltd.eu\/wp-content\/uploads\/2021\/10\/Turkiyede-Nufus-Artisinin-Sonuclari.pptx\" class=\"mtli_attachment mtli_pptx\" data-mtli=\"mtli_filesize45621kB\">T\u00fcrkiyede N\u00fcfus Art\u0131\u015f\u0131n\u0131n Sonu\u00e7lar\u0131<\/a><\/p>\n<style type=\"text\/css\">a[data-mtli~=\"mtli_filesize45621kB\"]:after {content:\" (456.21 kB)\"}<\/style>","protected":false},"excerpt":{"rendered":"<p>T\u00fcrkiyede N\u00fcfus Art\u0131\u015f\u0131n\u0131n Sonu\u00e7lar\u0131<\/p>\n","protected":false},"author":1,"featured_media":0,"parent":90,"menu_order":43,"comment_status":"closed","ping_status":"closed","template":"","meta":[],"_links":{"self":[{"href":"https:\/\/www.knowledgebaseltd.eu\/wp-json\/wp\/v2\/pages\/524"}],"collection":[{"href":"https:\/\/www.knowledgebaseltd.eu\/wp-json\/wp\/v2\/pages"}],"about":[{"href":"https:\/\/www.knowledgebaseltd.eu\/wp-json\/wp\/v2\/types\/page"}],"author":[{"embeddable":true,"href":"https:\/\/www.knowledgebaseltd.eu\/wp-json\/wp\/v2\/users\/1"}],"replies":[{"embeddable":true,"href":"https:\/\/www.knowledgebaseltd.eu\/wp-json\/wp\/v2\/comments?post=524"}],"version-history":[{"count":1,"href":"https:\/\/www.knowledgebaseltd.eu\/wp-json\/wp\/v2\/pages\/524\/revisions"}],"predecessor-version":[{"id":1855,"href":"https:\/\/www.knowledgebaseltd.eu\/wp-json\/wp\/v2\/pages\/524\/revisions\/1855"}],"up":[{"embeddable":true,"href":"https:\/\/www.knowledgebaseltd.eu\/wp-json\/wp\/v2\/pages\/90"}],"wp:attachment":[{"href":"https:\/\/www.knowledgebaseltd.eu\/wp-json\/wp\/v2\/media?parent=524"}],"curies":[{"name":"wp","href":"https:\/\/api.w.org\/{rel}","templated":true}]}}