{"id":522,"date":"2019-04-02T13:12:59","date_gmt":"2019-04-02T12:12:59","guid":{"rendered":"https:\/\/www.knowledgebaseltd.eu\/project-topics-and-products\/global-issues-economy-and-society\/turkish\/turkish1\/"},"modified":"2021-10-21T08:09:54","modified_gmt":"2021-10-21T07:09:54","slug":"turkish1","status":"publish","type":"page","link":"https:\/\/www.knowledgebaseltd.eu\/project-topics-and-products\/global-issues-economy-and-society\/turkish\/turkish1\/","title":{"rendered":"Ekonomik Kriz"},"content":{"rendered":"<p><a href=\"https:\/\/www.knowledgebaseltd.eu\/wp-content\/uploads\/2021\/10\/EKONOMIK-KRIZ-TURKCE.pptx\" class=\"mtli_attachment mtli_pptx\" data-mtli=\"mtli_filesize223MB\">EKONOM\u0130K KR\u0130Z T\u00dcRK\u00c7E<\/a><\/p>\n<style type=\"text\/css\">a[data-mtli~=\"mtli_filesize223MB\"]:after {content:\" (2.23 MB)\"}<\/style>","protected":false},"excerpt":{"rendered":"<p>EKONOM\u0130K KR\u0130Z T\u00dcRK\u00c7E<\/p>\n","protected":false},"author":1,"featured_media":0,"parent":90,"menu_order":41,"comment_status":"closed","ping_status":"closed","template":"","meta":[],"_links":{"self":[{"href":"https:\/\/www.knowledgebaseltd.eu\/wp-json\/wp\/v2\/pages\/522"}],"collection":[{"href":"https:\/\/www.knowledgebaseltd.eu\/wp-json\/wp\/v2\/pages"}],"about":[{"href":"https:\/\/www.knowledgebaseltd.eu\/wp-json\/wp\/v2\/types\/page"}],"author":[{"embeddable":true,"href":"https:\/\/www.knowledgebaseltd.eu\/wp-json\/wp\/v2\/users\/1"}],"replies":[{"embeddable":true,"href":"https:\/\/www.knowledgebaseltd.eu\/wp-json\/wp\/v2\/comments?post=522"}],"version-history":[{"count":3,"href":"https:\/\/www.knowledgebaseltd.eu\/wp-json\/wp\/v2\/pages\/522\/revisions"}],"predecessor-version":[{"id":1849,"href":"https:\/\/www.knowledgebaseltd.eu\/wp-json\/wp\/v2\/pages\/522\/revisions\/1849"}],"up":[{"embeddable":true,"href":"https:\/\/www.knowledgebaseltd.eu\/wp-json\/wp\/v2\/pages\/90"}],"wp:attachment":[{"href":"https:\/\/www.knowledgebaseltd.eu\/wp-json\/wp\/v2\/media?parent=522"}],"curies":[{"name":"wp","href":"https:\/\/api.w.org\/{rel}","templated":true}]}}