{"id":521,"date":"2019-04-02T13:12:59","date_gmt":"2019-04-02T12:12:59","guid":{"rendered":"https:\/\/www.knowledgebaseltd.eu\/project-topics-and-products\/global-issues-economy-and-society\/hungarian\/hungarian4\/"},"modified":"2020-03-09T09:35:19","modified_gmt":"2020-03-09T08:35:19","slug":"hungarian4","status":"publish","type":"page","link":"https:\/\/www.knowledgebaseltd.eu\/project-topics-and-products\/global-issues-economy-and-society\/hungarian\/hungarian4\/","title":{"rendered":"Energiav\u00e1ls\u00e1g"},"content":{"rendered":"<p><a href=\"https:\/\/www.knowledgebaseltd.eu\/wp-content\/uploads\/2020\/03\/Energiaforr\u00e1sok.docx\" class=\"mtli_attachment mtli_docx\" data-mtli=\"mtli_filesize2205kB\">Energiaforr\u00e1sok<\/a><\/p>\n<p><a href=\"https:\/\/www.knowledgebaseltd.eu\/wp-content\/uploads\/2020\/03\/Energiaforr\u00e1sok.pptx\" class=\"mtli_attachment mtli_pptx\" data-mtli=\"mtli_filesize425MB\">Energiaforr\u00e1sok<\/a><\/p>\n<p><a href=\"https:\/\/www.knowledgebaseltd.eu\/wp-content\/uploads\/2020\/03\/Energia-forr\u00e1sok-feladat.doc\" class=\"mtli_attachment mtli_doc\" data-mtli=\"mtli_filesize1550kB\">Energia-forr\u00e1sok-feladat<\/a><\/p>\n<style type=\"text\/css\">a[data-mtli~=\"mtli_filesize2205kB\"]:after {content:\" (22.05 kB)\"}a[data-mtli~=\"mtli_filesize425MB\"]:after {content:\" (4.25 MB)\"}a[data-mtli~=\"mtli_filesize1550kB\"]:after {content:\" (15.50 kB)\"}<\/style>","protected":false},"excerpt":{"rendered":"<p>Energiaforr\u00e1sok Energiaforr\u00e1sok Energia-forr\u00e1sok-feladat<\/p>\n","protected":false},"author":1,"featured_media":0,"parent":88,"menu_order":40,"comment_status":"closed","ping_status":"closed","template":"","meta":[],"_links":{"self":[{"href":"https:\/\/www.knowledgebaseltd.eu\/wp-json\/wp\/v2\/pages\/521"}],"collection":[{"href":"https:\/\/www.knowledgebaseltd.eu\/wp-json\/wp\/v2\/pages"}],"about":[{"href":"https:\/\/www.knowledgebaseltd.eu\/wp-json\/wp\/v2\/types\/page"}],"author":[{"embeddable":true,"href":"https:\/\/www.knowledgebaseltd.eu\/wp-json\/wp\/v2\/users\/1"}],"replies":[{"embeddable":true,"href":"https:\/\/www.knowledgebaseltd.eu\/wp-json\/wp\/v2\/comments?post=521"}],"version-history":[{"count":3,"href":"https:\/\/www.knowledgebaseltd.eu\/wp-json\/wp\/v2\/pages\/521\/revisions"}],"predecessor-version":[{"id":1321,"href":"https:\/\/www.knowledgebaseltd.eu\/wp-json\/wp\/v2\/pages\/521\/revisions\/1321"}],"up":[{"embeddable":true,"href":"https:\/\/www.knowledgebaseltd.eu\/wp-json\/wp\/v2\/pages\/88"}],"wp:attachment":[{"href":"https:\/\/www.knowledgebaseltd.eu\/wp-json\/wp\/v2\/media?parent=521"}],"curies":[{"name":"wp","href":"https:\/\/api.w.org\/{rel}","templated":true}]}}