{"id":520,"date":"2019-04-02T13:12:59","date_gmt":"2019-04-02T12:12:59","guid":{"rendered":"https:\/\/www.knowledgebaseltd.eu\/project-topics-and-products\/global-issues-economy-and-society\/hungarian\/hungarian3\/"},"modified":"2021-06-12T19:45:10","modified_gmt":"2021-06-12T18:45:10","slug":"hungarian3","status":"publish","type":"page","link":"https:\/\/www.knowledgebaseltd.eu\/project-topics-and-products\/global-issues-economy-and-society\/hungarian\/hungarian3\/","title":{"rendered":"Civiliz\u00e1ci\u00f3s \u00e1rtalmak"},"content":{"rendered":"<div>1) \u00c9Lelmiszerv\u00e1ls\u00e1g, hullad\u00e9kgazd\u00e1lkod\u00e1s<\/div>\n<div>&#8211; A kl\u00edmav\u00e1ltoz\u00e1s hat\u00e1sai Magyarorsz\u00e1gra<\/div>\n<div><a href=\"https:\/\/www.knowledgebaseltd.eu\/wp-content\/uploads\/2021\/06\/Ujrahasznositas.pptx\" class=\"mtli_attachment mtli_pptx\" data-mtli=\"mtli_filesize343MB\">\u00dajrahasznos\u00edt\u00e1s<\/a><\/div>\n<div>2) T\u00faln\u00e9pesed\u00e9s<\/div>\n<div><a href=\"https:\/\/www.knowledgebaseltd.eu\/wp-content\/uploads\/2021\/06\/A-tulnepesedes.docx\" class=\"mtli_attachment mtli_docx\" data-mtli=\"mtli_filesize1790kB\">A t\u00faln\u00e9pesed\u00e9s<\/a><\/div>\n<div><a href=\"https:\/\/www.knowledgebaseltd.eu\/wp-content\/uploads\/2021\/06\/Demographic-situation-of-Hungary-task-magyar-valtozat.pptx\" class=\"mtli_attachment mtli_pptx\" data-mtli=\"mtli_filesize307MB\">Demographic-situation-of-Hungary-task-magyar-v\u00e1ltozat<\/a><\/div>\n<div><a href=\"https:\/\/www.knowledgebaseltd.eu\/wp-content\/uploads\/2021\/06\/Magyarorszag-demografiai-helyzete.docx\" class=\"mtli_attachment mtli_docx\" data-mtli=\"mtli_filesize2215kB\">Magyarorsz\u00e1g-demogr\u00e1fiai-helyzete<\/a><\/div>\n<div><a href=\"https:\/\/www.knowledgebaseltd.eu\/wp-content\/uploads\/2021\/06\/Magyarorszag-demografiai-helyzete.pptx\" class=\"mtli_attachment mtli_pptx\" data-mtli=\"mtli_filesize186MB\">Magyarorsz\u00e1g-demogr\u00e1fiai-helyzete powerpoint<\/a><\/div>\n<div><\/div>\n<div>3) Civiliz\u00e1ci\u00f3s \u00e1rtalmak<\/div>\n<div><a href=\"https:\/\/www.knowledgebaseltd.eu\/wp-content\/uploads\/2021\/06\/Civilizacios-betegsegek.pptx\" class=\"mtli_attachment mtli_pptx\" data-mtli=\"mtli_filesize309MB\">Civiliz\u00e1ci\u00f3s-betegs\u00e9gek<\/a><\/div>\n<div><a href=\"https:\/\/www.knowledgebaseltd.eu\/wp-content\/uploads\/2021\/06\/Kiket-sujtanak-a-civilizacios-betegsegek.docx\" class=\"mtli_attachment mtli_docx\" data-mtli=\"mtli_filesize1148kB\">Kiket-s\u00fajtanak-a-civiliz\u00e1ci\u00f3s-betegs\u00e9gek<\/a><\/div>\n<div><a href=\"https:\/\/www.knowledgebaseltd.eu\/wp-content\/uploads\/2021\/06\/Kiket-sujtanak-a-civilizacios-betegsegek-MEGOLDAS.docx\" class=\"mtli_attachment mtli_docx\" data-mtli=\"mtli_filesize1168kB\">Kiket s\u00fajtanak a civiliz\u00e1ci\u00f3s betegs\u00e9gek MEGOLDAS<\/a><\/div>\n<div>&#8211; A m\u00e9dia \u00e9s az internethaszn\u00e1lat (lehet\u0151s\u00e9gek, vesz\u00e9lyek)<\/div>\n<div>\n<p><a href=\"https:\/\/www.knowledgebaseltd.eu\/wp-content\/uploads\/2021\/06\/A-media-es-az-internet-hasznalata.pptx\" class=\"mtli_attachment mtli_pptx\" data-mtli=\"mtli_filesize699MB\">A m\u00e9dia \u00e9s az internet haszn\u00e1lata<\/a><br \/>\n<a href=\"https:\/\/www.knowledgebaseltd.eu\/wp-content\/uploads\/2021\/02\/Media-es-internet-kerdesek-1.docx\" class=\"mtli_attachment mtli_docx\" data-mtli=\"mtli_filesize1521kB\">M\u00e9dia \u00e9s internet &#8211; k\u00e9rd\u00e9sek (1)<\/a><\/p>\n<\/div>\n<div>4) Energiav\u00e1ls\u00e1g<\/div>\n<div><a href=\"https:\/\/www.knowledgebaseltd.eu\/wp-content\/uploads\/2021\/06\/Energiaforrasok.docx\" class=\"mtli_attachment mtli_docx\" data-mtli=\"mtli_filesize2205kB\">Energiaforr\u00e1sok<\/a><\/div>\n<div><a href=\"https:\/\/www.knowledgebaseltd.eu\/wp-content\/uploads\/2021\/06\/Energiaforrasok.pptx\" class=\"mtli_attachment mtli_pptx\" data-mtli=\"mtli_filesize425MB\">Energiaforr\u00e1sok<\/a><\/div>\n<div><a href=\"https:\/\/www.knowledgebaseltd.eu\/wp-content\/uploads\/2021\/06\/Energia-forrasok-feladat.doc\" class=\"mtli_attachment mtli_doc\" data-mtli=\"mtli_filesize1550kB\">Energia-forr\u00e1sok-feladat<\/a><\/div>\n<div>-Energiafelhaszn\u00e1l\u00e1s<\/div>\n<div><a href=\"https:\/\/www.knowledgebaseltd.eu\/wp-content\/uploads\/2021\/06\/feladatlap.txt\" class=\"mtli_attachment mtli_txt\" data-mtli=\"mtli_filesize566b\">feladatlap<\/a><\/div>\n<p>&nbsp;<\/p>\n<p>&nbsp;<\/p>\n<style type=\"text\/css\">a[data-mtli~=\"mtli_filesize343MB\"]:after {content:\" (3.43 MB)\"}a[data-mtli~=\"mtli_filesize1790kB\"]:after {content:\" (17.90 kB)\"}a[data-mtli~=\"mtli_filesize307MB\"]:after {content:\" (3.07 MB)\"}a[data-mtli~=\"mtli_filesize2215kB\"]:after {content:\" (22.15 kB)\"}a[data-mtli~=\"mtli_filesize186MB\"]:after {content:\" (1.86 MB)\"}a[data-mtli~=\"mtli_filesize309MB\"]:after {content:\" (3.09 MB)\"}a[data-mtli~=\"mtli_filesize1148kB\"]:after {content:\" (11.48 kB)\"}a[data-mtli~=\"mtli_filesize1168kB\"]:after {content:\" (11.68 kB)\"}a[data-mtli~=\"mtli_filesize699MB\"]:after {content:\" (6.99 MB)\"}a[data-mtli~=\"mtli_filesize1521kB\"]:after {content:\" (15.21 kB)\"}a[data-mtli~=\"mtli_filesize2205kB\"]:after {content:\" (22.05 kB)\"}a[data-mtli~=\"mtli_filesize425MB\"]:after {content:\" (4.25 MB)\"}a[data-mtli~=\"mtli_filesize1550kB\"]:after {content:\" (15.50 kB)\"}a[data-mtli~=\"mtli_filesize566b\"]:after {content:\" (566 b)\"}<\/style>","protected":false},"excerpt":{"rendered":"<p>1) \u00c9Lelmiszerv\u00e1ls\u00e1g, hullad\u00e9kgazd\u00e1lkod\u00e1s &#8211; A kl\u00edmav\u00e1ltoz\u00e1s hat\u00e1sai Magyarorsz\u00e1gra \u00dajrahasznos\u00edt\u00e1s 2) T\u00faln\u00e9pesed\u00e9s A t\u00faln\u00e9pesed\u00e9s Demographic-situation-of-Hungary-task-magyar-v\u00e1ltozat Magyarorsz\u00e1g-demogr\u00e1fiai-helyzete Magyarorsz\u00e1g-demogr\u00e1fiai-helyzete powerpoint 3) Civiliz\u00e1ci\u00f3s \u00e1rtalmak Civiliz\u00e1ci\u00f3s-betegs\u00e9gek Kiket-s\u00fajtanak-a-civiliz\u00e1ci\u00f3s-betegs\u00e9gek Kiket s\u00fajtanak a civiliz\u00e1ci\u00f3s betegs\u00e9gek MEGOLDAS &#8211; A m\u00e9dia \u00e9s az internethaszn\u00e1lat (lehet\u0151s\u00e9gek, vesz\u00e9lyek) A m\u00e9dia \u00e9s az&hellip; <\/p>\n","protected":false},"author":1,"featured_media":0,"parent":88,"menu_order":39,"comment_status":"closed","ping_status":"closed","template":"","meta":[],"_links":{"self":[{"href":"https:\/\/www.knowledgebaseltd.eu\/wp-json\/wp\/v2\/pages\/520"}],"collection":[{"href":"https:\/\/www.knowledgebaseltd.eu\/wp-json\/wp\/v2\/pages"}],"about":[{"href":"https:\/\/www.knowledgebaseltd.eu\/wp-json\/wp\/v2\/types\/page"}],"author":[{"embeddable":true,"href":"https:\/\/www.knowledgebaseltd.eu\/wp-json\/wp\/v2\/users\/1"}],"replies":[{"embeddable":true,"href":"https:\/\/www.knowledgebaseltd.eu\/wp-json\/wp\/v2\/comments?post=520"}],"version-history":[{"count":7,"href":"https:\/\/www.knowledgebaseltd.eu\/wp-json\/wp\/v2\/pages\/520\/revisions"}],"predecessor-version":[{"id":1583,"href":"https:\/\/www.knowledgebaseltd.eu\/wp-json\/wp\/v2\/pages\/520\/revisions\/1583"}],"up":[{"embeddable":true,"href":"https:\/\/www.knowledgebaseltd.eu\/wp-json\/wp\/v2\/pages\/88"}],"wp:attachment":[{"href":"https:\/\/www.knowledgebaseltd.eu\/wp-json\/wp\/v2\/media?parent=520"}],"curies":[{"name":"wp","href":"https:\/\/api.w.org\/{rel}","templated":true}]}}