{"id":517,"date":"2019-04-02T13:12:59","date_gmt":"2019-04-02T12:12:59","guid":{"rendered":"https:\/\/www.knowledgebaseltd.eu\/project-topics-and-products\/who-and-what-has-given-to-the-european-culture\/croatian\/croatian4\/"},"modified":"2021-02-02T14:39:30","modified_gmt":"2021-02-02T13:39:30","slug":"croatian4","status":"publish","type":"page","link":"https:\/\/www.knowledgebaseltd.eu\/project-topics-and-products\/who-and-what-has-given-to-the-european-culture\/croatian\/croatian4\/","title":{"rendered":"UMJETNOST"},"content":{"rendered":"<table style=\"border-collapse: collapse; width: 100%;\">\n<tbody>\n<tr>\n<td style=\"width: 50%;\">GR\u010cKA GLAZBA<\/td>\n<td style=\"width: 50%;\">https:\/\/prezi.com\/view\/m8uGGEy1VQkOe1dpjqxW\/<\/td>\n<\/tr>\n<\/tbody>\n<\/table>\n<table style=\"border-collapse: collapse; width: 100%; height: 216px;\">\n<tbody>\n<tr style=\"height: 24px;\">\n<td style=\"width: 50%; height: 24px;\">MA\u0110ARSKI NARODNI PLESOVI<\/td>\n<td style=\"width: 50%; height: 24px;\"><a href=\"https:\/\/www.knowledgebaseltd.eu\/wp-content\/uploads\/2020\/02\/Ma\u0111arski-narodni-plesovi.docx\" class=\"mtli_attachment mtli_docx\" data-mtli=\"mtli_filesize1343kB\">Ma\u0111arski-narodni-plesovi<\/a><\/p>\n<p>https:\/\/prezi.com\/view\/OswvYJpNQZiM1UH6Yj0r\/?fbclid=IwAR26UUtfwYYj4g6hAQPUoFhHoh60AllZxSRmTuqk5UPfysccYs2qe_nMuFE<\/td>\n<\/tr>\n<tr style=\"height: 24px;\">\n<td style=\"width: 50%; height: 24px;\">MA\u0110ARSKA GLAZBA<\/td>\n<td style=\"width: 50%; height: 24px;\"><a href=\"https:\/\/www.knowledgebaseltd.eu\/wp-content\/uploads\/2020\/02\/Ma\u0111arska-umjetnici-zadatci.docx\" class=\"mtli_attachment mtli_docx\" data-mtli=\"mtli_filesize1197kB\">Ma\u0111arska umjetnici, <\/a><\/p>\n<p><a href=\"https:\/\/www.knowledgebaseltd.eu\/wp-content\/uploads\/2020\/02\/Ma\u0111arska-umjetnici-zadatci.docx\" class=\"mtli_attachment mtli_docx\" data-mtli=\"mtli_filesize1197kB\">zadatci<\/a> <a href=\"https:\/\/www.knowledgebaseltd.eu\/wp-content\/uploads\/2020\/02\/Ma\u0111arski-umjetnici.docx\" class=\"mtli_attachment mtli_docx\" data-mtli=\"mtli_filesize1300kB\">Ma\u0111arski umjetnici<\/a><\/p>\n<p><a href=\"https:\/\/www.knowledgebaseltd.eu\/wp-content\/uploads\/2020\/02\/Ma\u0111arski-umjetnici.pptx\" class=\"mtli_attachment mtli_pptx\" data-mtli=\"mtli_filesize517MB\">Ma\u0111arski umjetnici<\/a><\/p>\n<p><a href=\"https:\/\/www.knowledgebaseltd.eu\/wp-content\/uploads\/2020\/02\/Ma\u0111arski-umjetnici-Zadaci-rje\u0161enja.docx\" class=\"mtli_attachment mtli_docx\" data-mtli=\"mtli_filesize1831kB\">Ma\u0111arski umjetnici-Zadaci- rje\u0161enja<\/a><\/p>\n<p>https:\/\/l.facebook.com\/l.php?u=https%3A%2F%2Fcreate.kahoot.it%2Fshare%2Fhungarian-music-erasmus%2F00fcc49f-c0f4-4730-8a87-f460c8bfd14b%3Ffbclid%3DIwAR0Zs-YiaCSMFMXDWyIG-1tZJL1jSgclvqOEVRrSTXX5ewHVZ8FHMTxSYD0&amp;h=AT1miG-wzoAMCsX3BuccpHJax_gWvoLMaEw1sTgx0c4oef7iSXrjNoN195SE5NMHPWBGcjgy-7m27rYO5Lp71jNSsOW_Wd1_FBQo302mKfJ3HrQpaHa5_wo6_-FKbEpzfoTSAgoC-3GTnX8cQpaD_g<\/td>\n<\/tr>\n<tr style=\"height: 48px;\">\n<td style=\"width: 50%; height: 48px;\">DREVNO KAZALI\u0160TE EPIDAVROS I GRAD NAPFOLIO<\/td>\n<td style=\"width: 50%; height: 48px;\"><\/td>\n<\/tr>\n<tr style=\"height: 24px;\">\n<td style=\"width: 50%; height: 24px;\">GR\u010cI NARODNE NO\u0160NJE<\/td>\n<td style=\"width: 50%; height: 24px;\"><a href=\"https:\/\/www.knowledgebaseltd.eu\/wp-content\/uploads\/2020\/02\/GR\u010cKE-NARODNE-NO\u0160NJE.pptx\" class=\"mtli_attachment mtli_pptx\" data-mtli=\"mtli_filesize742MB\">GR\u010cKE NARODNE NO\u0160NJE<\/a><\/td>\n<\/tr>\n<tr style=\"height: 24px;\">\n<td style=\"width: 50%; height: 24px;\">GR\u010cI MOZAIK<\/td>\n<td style=\"width: 50%; height: 24px;\"><a href=\"https:\/\/www.knowledgebaseltd.eu\/wp-content\/uploads\/2020\/02\/Gr\u010dki-mozaik.pptx\" class=\"mtli_attachment mtli_pptx\" data-mtli=\"mtli_filesize438MB\">Gr\u010dki mozaik<\/a><\/td>\n<\/tr>\n<tr style=\"height: 24px;\">\n<td style=\"width: 50%; height: 24px;\">STAROGR\u010cKO KAZALI\u0160TE &#8220;SOFOKLOVA ANTIGONA&#8221;<\/p>\n<p>RADIONICA ZA U\u010cENIKE<\/p>\n<p>&nbsp;<\/td>\n<td style=\"width: 50%; height: 24px;\"><a href=\"https:\/\/www.knowledgebaseltd.eu\/wp-content\/uploads\/2020\/02\/Starogr\u010dko-kazali\u0161te-Sofoklova-Antigona.docx\" class=\"mtli_attachment mtli_docx\" data-mtli=\"mtli_filesize1273kB\">Starogr\u010dko kazali\u0161te -Sofoklova Antigona<\/a><\/td>\n<\/tr>\n<tr style=\"height: 24px;\">\n<td style=\"width: 50%; height: 24px;\">GR\u010cKE SVETA\u010cKE IKONE<\/td>\n<td style=\"width: 50%; height: 24px;\"><a href=\"https:\/\/www.knowledgebaseltd.eu\/wp-content\/uploads\/2020\/02\/Gr\u010dke-sveta\u010dke-ikone.pptx\" class=\"mtli_attachment mtli_pptx\" data-mtli=\"mtli_filesize25600kB\">Gr\u010dke sveta\u010dke ikone<\/a><\/td>\n<\/tr>\n<tr style=\"height: 24px;\">\n<td style=\"width: 50%; height: 24px;\">MA\u0110ARSKA LIKOVNA UMJETNOST<\/td>\n<td style=\"width: 50%; height: 24px;\"><a href=\"https:\/\/www.knowledgebaseltd.eu\/wp-content\/uploads\/2021\/02\/MADARSKA-LIKOVNA-UMJETNOST.pptx\" class=\"mtli_attachment mtli_pptx\" data-mtli=\"mtli_filesize2750MB\">MA\u0110ARSKA LIKOVNA UMJETNOST<\/a><\/p>\n<p><a href=\"https:\/\/www.knowledgebaseltd.eu\/wp-content\/uploads\/2021\/02\/MADARSKA-LIKOVNA-UMJETNOST.docx\" class=\"mtli_attachment mtli_docx\" data-mtli=\"mtli_filesize1988kB\">MA\u0110ARSKA LIKOVNA UMJETNOST<\/a><\/p>\n<p>MA\u0110ARSKA LIKOVNA UMJETNOST\u00a0 &#8211; KVIZ &#8211; https:\/\/learningapps.org\/display?v=p36aqc6xc19&amp;fbclid=IwAR3Eu-DbFwvW1-LMHxjABZfXq4LzWWr0cSIR_1z4rodDzRTPM3cpOIwJseE<\/td>\n<\/tr>\n<\/tbody>\n<\/table>\n<style type=\"text\/css\">a[data-mtli~=\"mtli_filesize1343kB\"]:after {content:\" (13.43 kB)\"}a[data-mtli~=\"mtli_filesize1197kB\"]:after {content:\" (11.97 kB)\"}a[data-mtli~=\"mtli_filesize1300kB\"]:after {content:\" (13.00 kB)\"}a[data-mtli~=\"mtli_filesize517MB\"]:after {content:\" (5.17 MB)\"}a[data-mtli~=\"mtli_filesize1831kB\"]:after {content:\" (18.31 kB)\"}a[data-mtli~=\"mtli_filesize742MB\"]:after {content:\" (7.42 MB)\"}a[data-mtli~=\"mtli_filesize438MB\"]:after {content:\" (4.38 MB)\"}a[data-mtli~=\"mtli_filesize1273kB\"]:after {content:\" (12.73 kB)\"}a[data-mtli~=\"mtli_filesize25600kB\"]:after {content:\" (256.00 kB)\"}a[data-mtli~=\"mtli_filesize2750MB\"]:after {content:\" (27.50 MB)\"}a[data-mtli~=\"mtli_filesize1988kB\"]:after {content:\" (19.88 kB)\"}<\/style>","protected":false},"excerpt":{"rendered":"<p>GR\u010cKA GLAZBA https:\/\/prezi.com\/view\/m8uGGEy1VQkOe1dpjqxW\/ MA\u0110ARSKI NARODNI PLESOVI Ma\u0111arski-narodni-plesovi https:\/\/prezi.com\/view\/OswvYJpNQZiM1UH6Yj0r\/?fbclid=IwAR26UUtfwYYj4g6hAQPUoFhHoh60AllZxSRmTuqk5UPfysccYs2qe_nMuFE MA\u0110ARSKA GLAZBA Ma\u0111arska umjetnici, zadatci Ma\u0111arski umjetnici Ma\u0111arski umjetnici Ma\u0111arski umjetnici-Zadaci- rje\u0161enja https:\/\/l.facebook.com\/l.php?u=https%3A%2F%2Fcreate.kahoot.it%2Fshare%2Fhungarian-music-erasmus%2F00fcc49f-c0f4-4730-8a87-f460c8bfd14b%3Ffbclid%3DIwAR0Zs-YiaCSMFMXDWyIG-1tZJL1jSgclvqOEVRrSTXX5ewHVZ8FHMTxSYD0&amp;h=AT1miG-wzoAMCsX3BuccpHJax_gWvoLMaEw1sTgx0c4oef7iSXrjNoN195SE5NMHPWBGcjgy-7m27rYO5Lp71jNSsOW_Wd1_FBQo302mKfJ3HrQpaHa5_wo6_-FKbEpzfoTSAgoC-3GTnX8cQpaD_g DREVNO KAZALI\u0160TE EPIDAVROS I GRAD NAPFOLIO GR\u010cI NARODNE NO\u0160NJE GR\u010cKE NARODNE NO\u0160NJE GR\u010cI MOZAIK Gr\u010dki mozaik STAROGR\u010cKO KAZALI\u0160TE &#8220;SOFOKLOVA&hellip; <\/p>\n","protected":false},"author":1,"featured_media":0,"parent":82,"menu_order":36,"comment_status":"closed","ping_status":"closed","template":"","meta":[],"_links":{"self":[{"href":"https:\/\/www.knowledgebaseltd.eu\/wp-json\/wp\/v2\/pages\/517"}],"collection":[{"href":"https:\/\/www.knowledgebaseltd.eu\/wp-json\/wp\/v2\/pages"}],"about":[{"href":"https:\/\/www.knowledgebaseltd.eu\/wp-json\/wp\/v2\/types\/page"}],"author":[{"embeddable":true,"href":"https:\/\/www.knowledgebaseltd.eu\/wp-json\/wp\/v2\/users\/1"}],"replies":[{"embeddable":true,"href":"https:\/\/www.knowledgebaseltd.eu\/wp-json\/wp\/v2\/comments?post=517"}],"version-history":[{"count":15,"href":"https:\/\/www.knowledgebaseltd.eu\/wp-json\/wp\/v2\/pages\/517\/revisions"}],"predecessor-version":[{"id":1431,"href":"https:\/\/www.knowledgebaseltd.eu\/wp-json\/wp\/v2\/pages\/517\/revisions\/1431"}],"up":[{"embeddable":true,"href":"https:\/\/www.knowledgebaseltd.eu\/wp-json\/wp\/v2\/pages\/82"}],"wp:attachment":[{"href":"https:\/\/www.knowledgebaseltd.eu\/wp-json\/wp\/v2\/media?parent=517"}],"curies":[{"name":"wp","href":"https:\/\/api.w.org\/{rel}","templated":true}]}}