{"id":516,"date":"2019-04-02T13:12:59","date_gmt":"2019-04-02T12:12:59","guid":{"rendered":"https:\/\/www.knowledgebaseltd.eu\/project-topics-and-products\/who-and-what-has-given-to-the-european-culture\/croatian\/croatian3\/"},"modified":"2021-01-26T21:03:22","modified_gmt":"2021-01-26T20:03:22","slug":"croatian3","status":"publish","type":"page","link":"https:\/\/www.knowledgebaseltd.eu\/project-topics-and-products\/who-and-what-has-given-to-the-european-culture\/croatian\/croatian3\/","title":{"rendered":"ZNANOST I TEHNOLOGIJA"},"content":{"rendered":"<table style=\"border-collapse: collapse; width: 100%;\">\n<tbody>\n<tr>\n<td style=\"width: 50%;\">MA\u0110ARSKI IZUMITELJI<\/td>\n<td style=\"width: 50%;\"><a href=\"https:\/\/www.knowledgebaseltd.eu\/wp-content\/uploads\/2021\/01\/Madarski-znanstvenici.docx\" class=\"mtli_attachment mtli_docx\" data-mtli=\"mtli_filesize1581kB\">Ma\u0111arski znanstvenici<\/a><\/p>\n<div id=\"wpfp_8e9da4169e1f411139877382daa477b9\" data-item=\"{&quot;sources&quot;:[{&quot;src&quot;:&quot;http:\\\/\\\/knowledgebaseltd.eu\\\/1st_meeting-Hatvan\\\/Hungarian_inventors.mp4&quot;,&quot;type&quot;:&quot;video\\\/mp4&quot;}],&quot;id&quot;:&quot;14&quot;}\" class=\"flowplayer no-brand is-splash no-svg is-paused skin-slim fp-slim fp-edgy\" data-fv-embed=\"https:\/\/www.knowledgebaseltd.eu\/project-topics-and-products\/who-and-what-has-given-to-the-european-culture\/croatian\/croatian3\/fvp-14\/\" style=\"position:relative; max-width: 640px; max-height: 360px; \" data-ratio=\"0.5625\">\n\t<div class=\"fp-ratio\" style=\"padding-top: 56.25%\"><\/div>\n\t<div class=\"fp-ui\"><noscript>Please enable JavaScript<\/noscript><div class=\"fp-play fp-visible\"><svg class=\"fp-play-sharp-fill\" xmlns=\"http:\/\/www.w3.org\/2000\/svg\" viewBox=\"0 0 100 100\"><defs><style>.fp-color-play{opacity:0.65;}.controlbutton{fill:#fff;}<\/style><\/defs><title>play-sharp-fill<\/title><path class=\"fp-color-play\" d=\"M49.9217-.078a50,50,0,1,0,50,50A50.0564,50.0564,0,0,0,49.9217-.078Z\"\/><polygon class=\"controlbutton\" points=\"73.601 50 37.968 70.573 37.968 29.427 73.601 50\" filter=\"url(#f1)\"\/><\/svg><\/div><div class=\"fp-preload\"><b><\/b><b><\/b><b><\/b><b><\/b><\/div><\/div>\n<div class='fvp-share-bar'><ul class=\"fvp-sharing\">\n    <li><a class=\"sharing-facebook\" href=\"https:\/\/www.facebook.com\/sharer\/sharer.php?u=https%3A%2F%2Fwww.knowledgebaseltd.eu%2Fproject-topics-and-products%2Fwho-and-what-has-given-to-the-european-culture%2Fcroatian%2Fcroatian3%2F\" target=\"_blank\"><\/a><\/li>\n    <li><a class=\"sharing-twitter\" href=\"https:\/\/twitter.com\/intent\/tweet?text=Knowledge+Base+International+Ltd+&url=https%3A%2F%2Fwww.knowledgebaseltd.eu%2Fproject-topics-and-products%2Fwho-and-what-has-given-to-the-european-culture%2Fcroatian%2Fcroatian3%2F\" target=\"_blank\"><\/a><\/li>\n    <li><a class=\"sharing-email\" href=\"mailto:?body=Check%20out%20the%20amazing%20video%20here%3A%20https%3A%2F%2Fwww.knowledgebaseltd.eu%2Fproject-topics-and-products%2Fwho-and-what-has-given-to-the-european-culture%2Fcroatian%2Fcroatian3%2F\" target=\"_blank\"><\/a><\/li><\/ul><div><a class=\"sharing-link\" href=\"https:\/\/www.knowledgebaseltd.eu\/project-topics-and-products\/who-and-what-has-given-to-the-european-culture\/croatian\/croatian3\/\" target=\"_blank\">Link<\/a><\/div><div><label><a class=\"embed-code-toggle\" href=\"#\"><strong>Embed<\/strong><\/a><\/label><\/div><div class=\"embed-code\"><label>Copy and paste this HTML code into your webpage to embed.<\/label><textarea><\/textarea><\/div><\/div>\n<\/div>\n\n<p>Ma\u0111arski znanstvenici &#8211; zadatak<\/p>\n<p>https:\/\/learningapps.org\/display?v=pxpkcoej519&amp;fbclid=IwAR19fkM6B2GKcUC764IGKV87IvcXokuLeWrFPqBt_dXSlojKiMliz3Cyz58<\/td>\n<\/tr>\n<tr>\n<td style=\"width: 50%;\">GR\u010cKI ZNANSTVENICI<\/td>\n<td style=\"width: 50%;\"><a href=\"https:\/\/www.knowledgebaseltd.eu\/wp-content\/uploads\/2021\/01\/Grcki-znanstvenici.pptx\" class=\"mtli_attachment mtli_pptx\" data-mtli=\"mtli_filesize51924kB\">Gr\u010dki znanstvenici<\/a><\/td>\n<\/tr>\n<tr>\n<td style=\"width: 50%;\">TURSKI IZUMITELJI<\/td>\n<td style=\"width: 50%;\"><a href=\"https:\/\/www.knowledgebaseltd.eu\/wp-content\/uploads\/2020\/02\/turski-izumitelji.docx\" class=\"mtli_attachment mtli_docx\" data-mtli=\"mtli_filesize1710kB\">Turski izumitelji<\/a><\/td>\n<\/tr>\n<tr>\n<td style=\"width: 50%;\">MA\u0110ARSKI TEHNOLO\u0160KI IZUMI<\/td>\n<td style=\"width: 50%;\"><a href=\"https:\/\/www.knowledgebaseltd.eu\/wp-content\/uploads\/2021\/01\/Madarski-tehnoloski-izumi.pptx\" class=\"mtli_attachment mtli_pptx\" data-mtli=\"mtli_filesize224MB\">Ma\u0111arski tehnolo\u0161ki izumi<\/a><\/p>\n<p><a href=\"https:\/\/www.knowledgebaseltd.eu\/wp-content\/uploads\/2021\/01\/Madarski-tehnoloski-izumi.docx\" class=\"mtli_attachment mtli_docx\" data-mtli=\"mtli_filesize1303kB\">Ma\u0111arski tehnolo\u0161ki izumi<\/a><\/p>\n<p>https:\/\/create.kahoot.it\/share\/famous-hungarian-inventors\/ecfcda1d-b8c9-4b54-b303-d3bba0e10ea3?fbclid=IwAR1ZbdR62m4bilxtpaOygCTT1rF-pQe1IBk5Czs2Oq9bzhqvpA5NEKpytqo<\/td>\n<\/tr>\n<tr>\n<td style=\"width: 50%;\">NIKOLA TESLA<\/td>\n<td style=\"width: 50%;\"><a href=\"https:\/\/www.knowledgebaseltd.eu\/wp-content\/uploads\/2021\/01\/Nikola-tesla.pptx\" class=\"mtli_attachment mtli_pptx\" data-mtli=\"mtli_filesize25340kB\">Nikola-tesla<\/a><\/td>\n<\/tr>\n<tr>\n<td style=\"width: 50%;\"><\/td>\n<td style=\"width: 50%;\"><\/td>\n<\/tr>\n<tr>\n<td style=\"width: 50%;\"><\/td>\n<td style=\"width: 50%;\"><\/td>\n<\/tr>\n<tr>\n<td style=\"width: 50%;\"><\/td>\n<td style=\"width: 50%;\"><\/td>\n<\/tr>\n<\/tbody>\n<\/table>\n<style type=\"text\/css\">a[data-mtli~=\"mtli_filesize1581kB\"]:after {content:\" (15.81 kB)\"}a[data-mtli~=\"mtli_filesize51924kB\"]:after {content:\" (519.24 kB)\"}a[data-mtli~=\"mtli_filesize1710kB\"]:after {content:\" (17.10 kB)\"}a[data-mtli~=\"mtli_filesize224MB\"]:after {content:\" (2.24 MB)\"}a[data-mtli~=\"mtli_filesize1303kB\"]:after {content:\" (13.03 kB)\"}a[data-mtli~=\"mtli_filesize25340kB\"]:after {content:\" (253.40 kB)\"}<\/style>","protected":false},"excerpt":{"rendered":"<p>MA\u0110ARSKI IZUMITELJI Ma\u0111arski znanstvenici Ma\u0111arski znanstvenici &#8211; zadatak https:\/\/learningapps.org\/display?v=pxpkcoej519&amp;fbclid=IwAR19fkM6B2GKcUC764IGKV87IvcXokuLeWrFPqBt_dXSlojKiMliz3Cyz58 GR\u010cKI ZNANSTVENICI Gr\u010dki znanstvenici TURSKI IZUMITELJI Turski izumitelji MA\u0110ARSKI TEHNOLO\u0160KI IZUMI Ma\u0111arski tehnolo\u0161ki izumi Ma\u0111arski tehnolo\u0161ki izumi https:\/\/create.kahoot.it\/share\/famous-hungarian-inventors\/ecfcda1d-b8c9-4b54-b303-d3bba0e10ea3?fbclid=IwAR1ZbdR62m4bilxtpaOygCTT1rF-pQe1IBk5Czs2Oq9bzhqvpA5NEKpytqo NIKOLA TESLA Nikola-tesla<\/p>\n","protected":false},"author":1,"featured_media":0,"parent":82,"menu_order":35,"comment_status":"closed","ping_status":"closed","template":"","meta":[],"_links":{"self":[{"href":"https:\/\/www.knowledgebaseltd.eu\/wp-json\/wp\/v2\/pages\/516"}],"collection":[{"href":"https:\/\/www.knowledgebaseltd.eu\/wp-json\/wp\/v2\/pages"}],"about":[{"href":"https:\/\/www.knowledgebaseltd.eu\/wp-json\/wp\/v2\/types\/page"}],"author":[{"embeddable":true,"href":"https:\/\/www.knowledgebaseltd.eu\/wp-json\/wp\/v2\/users\/1"}],"replies":[{"embeddable":true,"href":"https:\/\/www.knowledgebaseltd.eu\/wp-json\/wp\/v2\/comments?post=516"}],"version-history":[{"count":11,"href":"https:\/\/www.knowledgebaseltd.eu\/wp-json\/wp\/v2\/pages\/516\/revisions"}],"predecessor-version":[{"id":1425,"href":"https:\/\/www.knowledgebaseltd.eu\/wp-json\/wp\/v2\/pages\/516\/revisions\/1425"}],"up":[{"embeddable":true,"href":"https:\/\/www.knowledgebaseltd.eu\/wp-json\/wp\/v2\/pages\/82"}],"wp:attachment":[{"href":"https:\/\/www.knowledgebaseltd.eu\/wp-json\/wp\/v2\/media?parent=516"}],"curies":[{"name":"wp","href":"https:\/\/api.w.org\/{rel}","templated":true}]}}