{"id":514,"date":"2019-04-02T13:12:59","date_gmt":"2019-04-02T12:12:59","guid":{"rendered":"https:\/\/www.knowledgebaseltd.eu\/project-topics-and-products\/who-and-what-has-given-to-the-european-culture\/croatian\/croatian1\/"},"modified":"2021-01-26T20:30:01","modified_gmt":"2021-01-26T19:30:01","slug":"croatian1","status":"publish","type":"page","link":"https:\/\/www.knowledgebaseltd.eu\/project-topics-and-products\/who-and-what-has-given-to-the-european-culture\/croatian\/croatian1\/","title":{"rendered":"ARHITEKTONSKE I KULTURNE VRIJEDNOSTI"},"content":{"rendered":"<table>\n<tbody>\n<tr>\n<td>TURSKA ARHITEKTURA<\/td>\n<td><a href=\"https:\/\/www.knowledgebaseltd.eu\/wp-content\/uploads\/2021\/01\/Turska-arhitektura.pptx\" class=\"mtli_attachment mtli_pptx\" data-mtli=\"mtli_filesize709MB\">Turska arhitektura<\/a><\/td>\n<\/tr>\n<tr>\n<td>TURSKI ARHITEKTI<\/td>\n<td><\/td>\n<\/tr>\n<tr>\n<td>MA\u0110ARSKA ARHITEKTURA<\/td>\n<td><a href=\"https:\/\/www.knowledgebaseltd.eu\/wp-content\/uploads\/2020\/02\/MA\u0110ARSKA-ARHITEKTURA.pptx\" class=\"mtli_attachment mtli_pptx\" data-mtli=\"mtli_filesize459MB\">MA\u0110ARSKA ARHITEKTURA<\/a><\/p>\n<p><a href=\"https:\/\/www.knowledgebaseltd.eu\/wp-content\/uploads\/2020\/02\/MA\u0110ARSKA-ARHITEKTURA-ZADATAK.docx\" class=\"mtli_attachment mtli_docx\" data-mtli=\"mtli_filesize1358kB\">MA\u0110ARSKA ARHITEKTURA ZADATAK<\/a><\/td>\n<\/tr>\n<tr>\n<td>HUNGARIZMI<\/td>\n<td><a href=\"https:\/\/www.knowledgebaseltd.eu\/wp-content\/uploads\/2021\/01\/Hungarizmi-tekst.docx\" class=\"mtli_attachment mtli_docx\" data-mtli=\"mtli_filesize1652kB\">Hungarizmi tekst<\/a><\/p>\n<p><a href=\"https:\/\/www.knowledgebaseltd.eu\/wp-content\/uploads\/2021\/01\/Hungarizmi.pptx\" class=\"mtli_attachment mtli_pptx\" data-mtli=\"mtli_filesize172MB\">Hungarizmi<\/a><\/td>\n<\/tr>\n<tr>\n<td>MODERNA ARHITEKTURA<\/td>\n<td><\/td>\n<\/tr>\n<tr>\n<td>EUROPSKA ARHITEKTURA<\/td>\n<td><a href=\"https:\/\/www.knowledgebaseltd.eu\/wp-content\/uploads\/2021\/01\/Europska-arhitektura.ppt\" class=\"mtli_attachment mtli_ppt\" data-mtli=\"mtli_filesize140MB\">Europska arhitektura<\/a><\/td>\n<\/tr>\n<tr>\n<td>MA\u0110ARSKE KULTURNE VRIJEDNOSTI<\/td>\n<td><a href=\"https:\/\/www.knowledgebaseltd.eu\/wp-content\/uploads\/2021\/01\/Madarske-kulturne-vrijednosti.pptx\" class=\"mtli_attachment mtli_pptx\" data-mtli=\"mtli_filesize2534MB\">Ma\u0111arske kulturne vrijednosti<\/a><\/td>\n<\/tr>\n<tr>\n<td><\/td>\n<td><\/td>\n<\/tr>\n<\/tbody>\n<\/table>\n<style type=\"text\/css\">a[data-mtli~=\"mtli_filesize709MB\"]:after {content:\" (7.09 MB)\"}a[data-mtli~=\"mtli_filesize459MB\"]:after {content:\" (4.59 MB)\"}a[data-mtli~=\"mtli_filesize1358kB\"]:after {content:\" (13.58 kB)\"}a[data-mtli~=\"mtli_filesize1652kB\"]:after {content:\" (16.52 kB)\"}a[data-mtli~=\"mtli_filesize172MB\"]:after {content:\" (1.72 MB)\"}a[data-mtli~=\"mtli_filesize140MB\"]:after {content:\" (1.40 MB)\"}a[data-mtli~=\"mtli_filesize2534MB\"]:after {content:\" (25.34 MB)\"}<\/style>","protected":false},"excerpt":{"rendered":"<p>TURSKA ARHITEKTURA Turska arhitektura TURSKI ARHITEKTI MA\u0110ARSKA ARHITEKTURA MA\u0110ARSKA ARHITEKTURA MA\u0110ARSKA ARHITEKTURA ZADATAK HUNGARIZMI Hungarizmi tekst Hungarizmi MODERNA ARHITEKTURA EUROPSKA ARHITEKTURA Europska arhitektura MA\u0110ARSKE KULTURNE VRIJEDNOSTI Ma\u0111arske kulturne vrijednosti<\/p>\n","protected":false},"author":1,"featured_media":0,"parent":82,"menu_order":33,"comment_status":"closed","ping_status":"closed","template":"","meta":[],"_links":{"self":[{"href":"https:\/\/www.knowledgebaseltd.eu\/wp-json\/wp\/v2\/pages\/514"}],"collection":[{"href":"https:\/\/www.knowledgebaseltd.eu\/wp-json\/wp\/v2\/pages"}],"about":[{"href":"https:\/\/www.knowledgebaseltd.eu\/wp-json\/wp\/v2\/types\/page"}],"author":[{"embeddable":true,"href":"https:\/\/www.knowledgebaseltd.eu\/wp-json\/wp\/v2\/users\/1"}],"replies":[{"embeddable":true,"href":"https:\/\/www.knowledgebaseltd.eu\/wp-json\/wp\/v2\/comments?post=514"}],"version-history":[{"count":9,"href":"https:\/\/www.knowledgebaseltd.eu\/wp-json\/wp\/v2\/pages\/514\/revisions"}],"predecessor-version":[{"id":1414,"href":"https:\/\/www.knowledgebaseltd.eu\/wp-json\/wp\/v2\/pages\/514\/revisions\/1414"}],"up":[{"embeddable":true,"href":"https:\/\/www.knowledgebaseltd.eu\/wp-json\/wp\/v2\/pages\/82"}],"wp:attachment":[{"href":"https:\/\/www.knowledgebaseltd.eu\/wp-json\/wp\/v2\/media?parent=514"}],"curies":[{"name":"wp","href":"https:\/\/api.w.org\/{rel}","templated":true}]}}