{"id":506,"date":"2019-04-02T13:12:59","date_gmt":"2019-04-02T12:12:59","guid":{"rendered":"https:\/\/www.knowledgebaseltd.eu\/project-topics-and-products\/who-and-what-has-given-to-the-european-culture\/turkish\/turkish1\/"},"modified":"2019-12-18T09:47:45","modified_gmt":"2019-12-18T08:47:45","slug":"turkish1","status":"publish","type":"page","link":"https:\/\/www.knowledgebaseltd.eu\/project-topics-and-products\/who-and-what-has-given-to-the-european-culture\/turkish\/turkish1\/","title":{"rendered":"Mimari ve K\u00fclt\u00fcrel De\u011ferler"},"content":{"rendered":"<p><a href=\"https:\/\/www.knowledgebaseltd.eu\/wp-content\/uploads\/2019\/12\/Turkish-architecture.pptx\" class=\"mtli_attachment mtli_pptx\">Turk Mimarisi<\/a><\/p>\n<p><a href=\"https:\/\/www.knowledgebaseltd.eu\/wp-content\/uploads\/2019\/12\/Tayfun-Turkeys-Architectures2.pptx\" class=\"mtli_attachment mtli_pptx\" data-mtli=\"mtli_filesize712MB\">Turk Mimarisi 2<\/a><\/p>\n<style type=\"text\/css\">a[data-mtli~=\"mtli_filesize712MB\"]:after {content:\" (7.12 MB)\"}<\/style>","protected":false},"excerpt":{"rendered":"<p>Turk Mimarisi Turk Mimarisi 2<\/p>\n","protected":false},"author":1,"featured_media":0,"parent":78,"menu_order":25,"comment_status":"closed","ping_status":"closed","template":"","meta":[],"_links":{"self":[{"href":"https:\/\/www.knowledgebaseltd.eu\/wp-json\/wp\/v2\/pages\/506"}],"collection":[{"href":"https:\/\/www.knowledgebaseltd.eu\/wp-json\/wp\/v2\/pages"}],"about":[{"href":"https:\/\/www.knowledgebaseltd.eu\/wp-json\/wp\/v2\/types\/page"}],"author":[{"embeddable":true,"href":"https:\/\/www.knowledgebaseltd.eu\/wp-json\/wp\/v2\/users\/1"}],"replies":[{"embeddable":true,"href":"https:\/\/www.knowledgebaseltd.eu\/wp-json\/wp\/v2\/comments?post=506"}],"version-history":[{"count":3,"href":"https:\/\/www.knowledgebaseltd.eu\/wp-json\/wp\/v2\/pages\/506\/revisions"}],"predecessor-version":[{"id":1170,"href":"https:\/\/www.knowledgebaseltd.eu\/wp-json\/wp\/v2\/pages\/506\/revisions\/1170"}],"up":[{"embeddable":true,"href":"https:\/\/www.knowledgebaseltd.eu\/wp-json\/wp\/v2\/pages\/78"}],"wp:attachment":[{"href":"https:\/\/www.knowledgebaseltd.eu\/wp-json\/wp\/v2\/media?parent=506"}],"curies":[{"name":"wp","href":"https:\/\/api.w.org\/{rel}","templated":true}]}}