{"id":505,"date":"2019-04-02T13:12:59","date_gmt":"2019-04-02T12:12:59","guid":{"rendered":"https:\/\/www.knowledgebaseltd.eu\/project-topics-and-products\/who-and-what-has-given-to-the-european-culture\/hungarian\/hungarian4\/"},"modified":"2020-01-21T12:19:26","modified_gmt":"2020-01-21T11:19:26","slug":"hungarian4","status":"publish","type":"page","link":"https:\/\/www.knowledgebaseltd.eu\/project-topics-and-products\/who-and-what-has-given-to-the-european-culture\/hungarian\/hungarian4\/","title":{"rendered":"M\u0171v\u00e9szetek"},"content":{"rendered":"<table class=\" aligncenter\">\n<tbody>\n<tr>\n<td style=\"width: 228px; text-align: left; vertical-align: middle;\">1. T\u00e1nc<\/td>\n<td style=\"width: 650px;\"><a href=\"https:\/\/www.knowledgebaseltd.eu\/wp-content\/uploads\/2019\/10\/magyar_n\u00e9pt\u00e1nc_feladat.docx\" class=\"mtli_attachment mtli_docx\" data-mtli=\"mtli_filesize1291kB\">Magyar n\u00e9pt\u00e1nc feladat<\/a><\/p>\n<p><a href=\"https:\/\/prezi.com\/view\/Z3FnG2cwoFP96o2x9p3F\/?fbclid=IwAR2Ud5l6VLMkYrP7tdkNKzlv0tsko8SGBctT2qN8ZbjTkAJFxlLZq3WKlE0\">Prezi ind\u00edt\u00e1sa<\/a><\/p>\n<p><a href=\"https:\/\/create.kahoot.it\/share\/magyar-neptanc\/f9643ba3-56de-4e48-8a6f-8e1a879eec5c?fbclid=IwAR1doKV8fRcsJ1qNW6jY5z7ZF4uqOZaevtqoDGno47mHw-jQFZxbROWOnb4\">Magyar n\u00e9pt\u00e1nc Kahoot Quiz<\/a><\/td>\n<\/tr>\n<tr>\n<td style=\"width: 228px; text-align: left; vertical-align: middle;\">2. Zene<\/td>\n<td style=\"width: 650px;\"><a href=\"https:\/\/www.knowledgebaseltd.eu\/wp-content\/uploads\/2019\/10\/Magyar_zene.docx\" class=\"mtli_attachment mtli_docx\" data-mtli=\"mtli_filesize2026kB\">Magyar_zene<\/a><\/p>\n<p><a href=\"https:\/\/www.knowledgebaseltd.eu\/wp-content\/uploads\/2019\/10\/Magyar_zene_feladatok.docx\" class=\"mtli_attachment mtli_docx\" data-mtli=\"mtli_filesize1645kB\">Magyar_zene_feladatok<\/a><\/p>\n<p><a href=\"https:\/\/www.knowledgebaseltd.eu\/wp-content\/uploads\/2019\/10\/Magyar-Zene.pptx\" class=\"mtli_attachment mtli_pptx\" data-mtli=\"mtli_filesize502MB\">Magyar-Zene<\/a><\/p>\n<p><a href=\"https:\/\/www.knowledgebaseltd.eu\/wp-content\/uploads\/2019\/10\/Magyar-zene-fealadatok-megold\u00f3kulcs.docx\" class=\"mtli_attachment mtli_docx\" data-mtli=\"mtli_filesize3171kB\">Magyar-zene-fealadatok-megold\u00f3kulcs<\/a><\/td>\n<\/tr>\n<tr>\n<td style=\"width: 228px; text-align: left; vertical-align: middle;\">3. K\u00e9pz\u0151m\u0171v\u00e9szetek<\/td>\n<td style=\"width: 650px;\"><a href=\"https:\/\/www.knowledgebaseltd.eu\/wp-content\/uploads\/2019\/12\/Magyar_K\u00e9pz\u0151m\u0171v\u00e9szetek.docx\" class=\"mtli_attachment mtli_docx\" data-mtli=\"mtli_filesize2431kB\">Magyar_K\u00e9pz\u0151m\u0171v\u00e9szetek<\/a><\/p>\n<p><a href=\"https:\/\/www.knowledgebaseltd.eu\/wp-content\/uploads\/2019\/12\/Magyar_K\u00e9pz\u0151m\u0171v\u00e9szetek.pptx\" class=\"mtli_attachment mtli_pptx\" data-mtli=\"mtli_filesize3136MB\">Magyar_K\u00e9pz\u0151m\u0171v\u00e9szetek<\/a><\/p>\n<p><a href=\"https:\/\/learningapps.org\/display?v=pt1gs3c4t19&amp;fbclid=IwAR26C6O29DjI8SyyPv2wrxTo0Dym4BhcmziyP49pZXwt1KMN0UILklgjlsk\">Magyar K\u00e9pz\u0151m\u0171v\u00e9szetek feladat<\/a><\/p>\n<p><a href=\"https:\/\/www.knowledgebaseltd.eu\/wp-content\/uploads\/2019\/12\/Magyar_n\u00e9pt\u00e1nc.docx\" class=\"mtli_attachment mtli_docx\" data-mtli=\"mtli_filesize1425kB\">Magyar_n\u00e9pt\u00e1nc<\/a><\/p>\n<p><a href=\"https:\/\/prezi.com\/view\/Z3FnG2cwoFP96o2x9p3F\/?fbclid=IwAR2Ud5l6VLMkYrP7tdkNKzlv0tsko8SGBctT2qN8ZbjTkAJFxlLZq3WKlE0\">Magyar n\u00e9pt\u00e1nc prezi<\/a><\/p>\n<p><a href=\"https:\/\/create.kahoot.it\/share\/magyar-neptanc\/f9643ba3-56de-4e48-8a6f-8e1a879eec5c?fbclid=IwAR0hD3ZJWB8vuj5g5WkWe9s_YLQGMyh44RGjw-b-ERt1vGbrtZaztT4yLnk\">Magyar n\u00e9pt\u00e1nc feladat<\/a><\/p>\n<p><a href=\"https:\/\/www.knowledgebaseltd.eu\/wp-content\/uploads\/2020\/01\/Antigone-sz\u00ednh\u00e1z-feladat-1.docx\" class=\"mtli_attachment mtli_docx\" data-mtli=\"mtli_filesize1840kB\">Antigone-sz\u00ednh\u00e1z-feladat<\/a><\/td>\n<\/tr>\n<\/tbody>\n<\/table>\n<style type=\"text\/css\">a[data-mtli~=\"mtli_filesize1291kB\"]:after {content:\" (12.91 kB)\"}a[data-mtli~=\"mtli_filesize2026kB\"]:after {content:\" (20.26 kB)\"}a[data-mtli~=\"mtli_filesize1645kB\"]:after {content:\" (16.45 kB)\"}a[data-mtli~=\"mtli_filesize502MB\"]:after {content:\" (5.02 MB)\"}a[data-mtli~=\"mtli_filesize3171kB\"]:after {content:\" (31.71 kB)\"}a[data-mtli~=\"mtli_filesize2431kB\"]:after {content:\" (24.31 kB)\"}a[data-mtli~=\"mtli_filesize3136MB\"]:after {content:\" (31.36 MB)\"}a[data-mtli~=\"mtli_filesize1425kB\"]:after {content:\" (14.25 kB)\"}a[data-mtli~=\"mtli_filesize1840kB\"]:after {content:\" (18.40 kB)\"}<\/style>","protected":false},"excerpt":{"rendered":"<p>1. T\u00e1nc Magyar n\u00e9pt\u00e1nc feladat Prezi ind\u00edt\u00e1sa Magyar n\u00e9pt\u00e1nc Kahoot Quiz 2. Zene Magyar_zene Magyar_zene_feladatok Magyar-Zene Magyar-zene-fealadatok-megold\u00f3kulcs 3. K\u00e9pz\u0151m\u0171v\u00e9szetek Magyar_K\u00e9pz\u0151m\u0171v\u00e9szetek Magyar_K\u00e9pz\u0151m\u0171v\u00e9szetek Magyar K\u00e9pz\u0151m\u0171v\u00e9szetek feladat Magyar_n\u00e9pt\u00e1nc Magyar n\u00e9pt\u00e1nc prezi Magyar n\u00e9pt\u00e1nc feladat Antigone-sz\u00ednh\u00e1z-feladat<\/p>\n","protected":false},"author":1,"featured_media":0,"parent":76,"menu_order":3,"comment_status":"closed","ping_status":"closed","template":"","meta":[],"_links":{"self":[{"href":"https:\/\/www.knowledgebaseltd.eu\/wp-json\/wp\/v2\/pages\/505"}],"collection":[{"href":"https:\/\/www.knowledgebaseltd.eu\/wp-json\/wp\/v2\/pages"}],"about":[{"href":"https:\/\/www.knowledgebaseltd.eu\/wp-json\/wp\/v2\/types\/page"}],"author":[{"embeddable":true,"href":"https:\/\/www.knowledgebaseltd.eu\/wp-json\/wp\/v2\/users\/1"}],"replies":[{"embeddable":true,"href":"https:\/\/www.knowledgebaseltd.eu\/wp-json\/wp\/v2\/comments?post=505"}],"version-history":[{"count":6,"href":"https:\/\/www.knowledgebaseltd.eu\/wp-json\/wp\/v2\/pages\/505\/revisions"}],"predecessor-version":[{"id":1214,"href":"https:\/\/www.knowledgebaseltd.eu\/wp-json\/wp\/v2\/pages\/505\/revisions\/1214"}],"up":[{"embeddable":true,"href":"https:\/\/www.knowledgebaseltd.eu\/wp-json\/wp\/v2\/pages\/76"}],"wp:attachment":[{"href":"https:\/\/www.knowledgebaseltd.eu\/wp-json\/wp\/v2\/media?parent=505"}],"curies":[{"name":"wp","href":"https:\/\/api.w.org\/{rel}","templated":true}]}}