{"id":504,"date":"2019-04-02T13:12:59","date_gmt":"2019-04-02T12:12:59","guid":{"rendered":"https:\/\/www.knowledgebaseltd.eu\/project-topics-and-products\/who-and-what-has-given-to-the-european-culture\/hungarian\/hungarian3\/"},"modified":"2020-02-26T12:46:08","modified_gmt":"2020-02-26T11:46:08","slug":"hungarian3","status":"publish","type":"page","link":"https:\/\/www.knowledgebaseltd.eu\/project-topics-and-products\/who-and-what-has-given-to-the-european-culture\/hungarian\/hungarian3\/","title":{"rendered":"Tudom\u00e1ny \u00e9s technol\u00f3gia"},"content":{"rendered":"<table class=\" aligncenter\">\n<tbody>\n<tr>\n<td style=\"width: 228px; text-align: left; vertical-align: middle;\">1. Feltal\u00e1l\u00f3k-tudom\u00e1ny<\/td>\n<td style=\"width: 650px;\"><a href=\"https:\/\/www.knowledgebaseltd.eu\/wp-content\/uploads\/2019\/10\/magyar_feltal\u00e1l\u00f3k.docx\" class=\"mtli_attachment mtli_docx\" data-mtli=\"mtli_filesize1541kB\">magyar_feltal\u00e1l\u00f3k<\/a><\/p>\n<p><a href=\"https:\/\/www.knowledgebaseltd.eu\/wp-content\/uploads\/2020\/02\/G\u00f6r\u00f6g_tud\u00f3sok.pptx\" class=\"mtli_attachment mtli_pptx\" data-mtli=\"mtli_filesize49738kB\">G\u00f6r\u00f6g_tud\u00f3sok<\/a><\/td>\n<\/tr>\n<tr>\n<td style=\"width: 228px; text-align: left; vertical-align: middle;\">2.Feltal\u00e1l\u00f3k-technol\u00f3gia<\/td>\n<td style=\"width: 650px;\"><div id=\"wpfp_60961afb748ae75c62aaa8f7e8553462\" data-item=\"{&quot;sources&quot;:[{&quot;src&quot;:&quot;http:\\\/\\\/knowledgebaseltd.eu\\\/1st_meeting-Hatvan\\\/Hungarian_inventors.mp4&quot;,&quot;type&quot;:&quot;video\\\/mp4&quot;}],&quot;id&quot;:&quot;14&quot;}\" class=\"flowplayer no-brand is-splash no-svg is-paused skin-slim fp-slim fp-edgy\" data-fv-embed=\"https:\/\/www.knowledgebaseltd.eu\/project-topics-and-products\/who-and-what-has-given-to-the-european-culture\/hungarian\/hungarian3\/fvp-14\/\" style=\"position:relative; max-width: 640px; max-height: 360px; \" data-ratio=\"0.5625\">\n\t<div class=\"fp-ratio\" style=\"padding-top: 56.25%\"><\/div>\n\t<div class=\"fp-ui\"><noscript>Please enable JavaScript<\/noscript><div class=\"fp-play fp-visible\"><svg class=\"fp-play-sharp-fill\" xmlns=\"http:\/\/www.w3.org\/2000\/svg\" viewBox=\"0 0 100 100\"><defs><style>.fp-color-play{opacity:0.65;}.controlbutton{fill:#fff;}<\/style><\/defs><title>play-sharp-fill<\/title><path class=\"fp-color-play\" d=\"M49.9217-.078a50,50,0,1,0,50,50A50.0564,50.0564,0,0,0,49.9217-.078Z\"\/><polygon class=\"controlbutton\" points=\"73.601 50 37.968 70.573 37.968 29.427 73.601 50\" filter=\"url(#f1)\"\/><\/svg><\/div><div class=\"fp-preload\"><b><\/b><b><\/b><b><\/b><b><\/b><\/div><\/div>\n<div class='fvp-share-bar'><ul class=\"fvp-sharing\">\n    <li><a class=\"sharing-facebook\" href=\"https:\/\/www.facebook.com\/sharer\/sharer.php?u=https%3A%2F%2Fwww.knowledgebaseltd.eu%2Fproject-topics-and-products%2Fwho-and-what-has-given-to-the-european-culture%2Fhungarian%2Fhungarian3%2F\" target=\"_blank\"><\/a><\/li>\n    <li><a class=\"sharing-twitter\" href=\"https:\/\/twitter.com\/intent\/tweet?text=Knowledge+Base+International+Ltd+&url=https%3A%2F%2Fwww.knowledgebaseltd.eu%2Fproject-topics-and-products%2Fwho-and-what-has-given-to-the-european-culture%2Fhungarian%2Fhungarian3%2F\" target=\"_blank\"><\/a><\/li>\n    <li><a class=\"sharing-email\" href=\"mailto:?body=Check%20out%20the%20amazing%20video%20here%3A%20https%3A%2F%2Fwww.knowledgebaseltd.eu%2Fproject-topics-and-products%2Fwho-and-what-has-given-to-the-european-culture%2Fhungarian%2Fhungarian3%2F\" target=\"_blank\"><\/a><\/li><\/ul><div><a class=\"sharing-link\" href=\"https:\/\/www.knowledgebaseltd.eu\/project-topics-and-products\/who-and-what-has-given-to-the-european-culture\/hungarian\/hungarian3\/\" target=\"_blank\">Link<\/a><\/div><div><label><a class=\"embed-code-toggle\" href=\"#\"><strong>Embed<\/strong><\/a><\/label><\/div><div class=\"embed-code\"><label>Copy and paste this HTML code into your webpage to embed.<\/label><textarea><\/textarea><\/div><\/div>\n<\/div>\n<\/p>\n<p><a href=\"https:\/\/www.knowledgebaseltd.eu\/wp-content\/uploads\/2020\/01\/Magyar_feltal\u00e1l\u00f3_technol\u00f3gia.txt\" class=\"mtli_attachment mtli_txt\" data-mtli=\"mtli_filesize289kB\">Magyar_feltal\u00e1l\u00f3_technol\u00f3gia<\/a><\/p>\n<p><a href=\"https:\/\/www.knowledgebaseltd.eu\/wp-content\/uploads\/2020\/01\/Magyar_feltal\u00e1l\u00f3k_technol\u00f3gia.pptx\" class=\"mtli_attachment mtli_pptx\" data-mtli=\"mtli_filesize201MB\">Magyar_feltal\u00e1l\u00f3k_technol\u00f3gia<\/a><\/td>\n<\/tr>\n<\/tbody>\n<\/table>\n<style type=\"text\/css\">a[data-mtli~=\"mtli_filesize1541kB\"]:after {content:\" (15.41 kB)\"}a[data-mtli~=\"mtli_filesize49738kB\"]:after {content:\" (497.38 kB)\"}a[data-mtli~=\"mtli_filesize289kB\"]:after {content:\" (2.89 kB)\"}a[data-mtli~=\"mtli_filesize201MB\"]:after {content:\" (2.01 MB)\"}<\/style>","protected":false},"excerpt":{"rendered":"<p>1. Feltal\u00e1l\u00f3k-tudom\u00e1ny magyar_feltal\u00e1l\u00f3k G\u00f6r\u00f6g_tud\u00f3sok 2.Feltal\u00e1l\u00f3k-technol\u00f3gia Magyar_feltal\u00e1l\u00f3_technol\u00f3gia Magyar_feltal\u00e1l\u00f3k_technol\u00f3gia<\/p>\n","protected":false},"author":1,"featured_media":0,"parent":76,"menu_order":2,"comment_status":"closed","ping_status":"closed","template":"","meta":[],"_links":{"self":[{"href":"https:\/\/www.knowledgebaseltd.eu\/wp-json\/wp\/v2\/pages\/504"}],"collection":[{"href":"https:\/\/www.knowledgebaseltd.eu\/wp-json\/wp\/v2\/pages"}],"about":[{"href":"https:\/\/www.knowledgebaseltd.eu\/wp-json\/wp\/v2\/types\/page"}],"author":[{"embeddable":true,"href":"https:\/\/www.knowledgebaseltd.eu\/wp-json\/wp\/v2\/users\/1"}],"replies":[{"embeddable":true,"href":"https:\/\/www.knowledgebaseltd.eu\/wp-json\/wp\/v2\/comments?post=504"}],"version-history":[{"count":7,"href":"https:\/\/www.knowledgebaseltd.eu\/wp-json\/wp\/v2\/pages\/504\/revisions"}],"predecessor-version":[{"id":1294,"href":"https:\/\/www.knowledgebaseltd.eu\/wp-json\/wp\/v2\/pages\/504\/revisions\/1294"}],"up":[{"embeddable":true,"href":"https:\/\/www.knowledgebaseltd.eu\/wp-json\/wp\/v2\/pages\/76"}],"wp:attachment":[{"href":"https:\/\/www.knowledgebaseltd.eu\/wp-json\/wp\/v2\/media?parent=504"}],"curies":[{"name":"wp","href":"https:\/\/api.w.org\/{rel}","templated":true}]}}