{"id":503,"date":"2019-04-02T13:12:59","date_gmt":"2019-04-02T12:12:59","guid":{"rendered":"https:\/\/www.knowledgebaseltd.eu\/project-topics-and-products\/who-and-what-has-given-to-the-european-culture\/hungarian\/hungarian2\/"},"modified":"2020-02-26T13:00:16","modified_gmt":"2020-02-26T12:00:16","slug":"hungarian2","status":"publish","type":"page","link":"https:\/\/www.knowledgebaseltd.eu\/project-topics-and-products\/who-and-what-has-given-to-the-european-culture\/hungarian\/hungarian2\/","title":{"rendered":"Term\u00e9szeti \u00e9rt\u00e9kek\/Nemzeti parkok"},"content":{"rendered":"<p><a href=\"https:\/\/www.knowledgebaseltd.eu\/wp-content\/uploads\/2019\/12\/Magyarorsz\u00e1g-term\u00e9szeti-\u00e9rt\u00e9kei.pptx\" class=\"mtli_attachment mtli_pptx\" data-mtli=\"mtli_filesize71932kB\">Magyarorsz\u00e1g-term\u00e9szeti-\u00e9rt\u00e9kei<\/a><\/p>\n<p><a href=\"https:\/\/www.knowledgebaseltd.eu\/wp-content\/uploads\/2020\/02\/A-v\u00edz-vil\u00e1gnapja.pptx\" class=\"mtli_attachment mtli_pptx\" data-mtli=\"mtli_filesize2235MB\">A-v\u00edz-vil\u00e1gnapja<\/a><\/p>\n<p><a href=\"https:\/\/www.knowledgebaseltd.eu\/wp-content\/uploads\/2020\/02\/Mozaikok.pptx\" class=\"mtli_attachment mtli_pptx\" data-mtli=\"mtli_filesize459MB\">Mozaikok<\/a><\/p>\n<p><a href=\"https:\/\/www.knowledgebaseltd.eu\/wp-content\/uploads\/2020\/02\/Nemzeti-Parkok-Horv\u00e1torsz\u00e1gban.ppt\" class=\"mtli_attachment mtli_ppt\" data-mtli=\"mtli_filesize606MB\">Nemzeti-Parkok-Horv\u00e1torsz\u00e1gban<\/a><\/p>\n<p><a href=\"https:\/\/www.knowledgebaseltd.eu\/wp-content\/uploads\/2020\/02\/V\u00cdZCIKLUS-A-TERM\u00c9SZETBEN.docx\" class=\"mtli_attachment mtli_docx\" data-mtli=\"mtli_filesize4196kB\">V\u00cdZCIKLUS-A-TERM\u00c9SZETBEN<\/a><\/p>\n<style type=\"text\/css\">a[data-mtli~=\"mtli_filesize71932kB\"]:after {content:\" (719.32 kB)\"}a[data-mtli~=\"mtli_filesize2235MB\"]:after {content:\" (22.35 MB)\"}a[data-mtli~=\"mtli_filesize459MB\"]:after {content:\" (4.59 MB)\"}a[data-mtli~=\"mtli_filesize606MB\"]:after {content:\" (6.06 MB)\"}a[data-mtli~=\"mtli_filesize4196kB\"]:after {content:\" (41.96 kB)\"}<\/style>","protected":false},"excerpt":{"rendered":"<p>Magyarorsz\u00e1g-term\u00e9szeti-\u00e9rt\u00e9kei A-v\u00edz-vil\u00e1gnapja Mozaikok Nemzeti-Parkok-Horv\u00e1torsz\u00e1gban V\u00cdZCIKLUS-A-TERM\u00c9SZETBEN<\/p>\n","protected":false},"author":1,"featured_media":0,"parent":76,"menu_order":1,"comment_status":"closed","ping_status":"closed","template":"","meta":[],"_links":{"self":[{"href":"https:\/\/www.knowledgebaseltd.eu\/wp-json\/wp\/v2\/pages\/503"}],"collection":[{"href":"https:\/\/www.knowledgebaseltd.eu\/wp-json\/wp\/v2\/pages"}],"about":[{"href":"https:\/\/www.knowledgebaseltd.eu\/wp-json\/wp\/v2\/types\/page"}],"author":[{"embeddable":true,"href":"https:\/\/www.knowledgebaseltd.eu\/wp-json\/wp\/v2\/users\/1"}],"replies":[{"embeddable":true,"href":"https:\/\/www.knowledgebaseltd.eu\/wp-json\/wp\/v2\/comments?post=503"}],"version-history":[{"count":5,"href":"https:\/\/www.knowledgebaseltd.eu\/wp-json\/wp\/v2\/pages\/503\/revisions"}],"predecessor-version":[{"id":1305,"href":"https:\/\/www.knowledgebaseltd.eu\/wp-json\/wp\/v2\/pages\/503\/revisions\/1305"}],"up":[{"embeddable":true,"href":"https:\/\/www.knowledgebaseltd.eu\/wp-json\/wp\/v2\/pages\/76"}],"wp:attachment":[{"href":"https:\/\/www.knowledgebaseltd.eu\/wp-json\/wp\/v2\/media?parent=503"}],"curies":[{"name":"wp","href":"https:\/\/api.w.org\/{rel}","templated":true}]}}