{"id":501,"date":"2019-04-02T13:12:59","date_gmt":"2019-04-02T12:12:59","guid":{"rendered":"https:\/\/www.knowledgebaseltd.eu\/project-topics-and-products\/global-problems-nature\/croatian\/croatian4\/"},"modified":"2021-01-17T21:53:32","modified_gmt":"2021-01-17T20:53:32","slug":"croatian4","status":"publish","type":"page","link":"https:\/\/www.knowledgebaseltd.eu\/project-topics-and-products\/global-problems-nature\/croatian\/croatian4\/","title":{"rendered":"BIORAZNOLIKOST"},"content":{"rendered":"<table>\n<tbody>\n<tr>\n<td>Definicije i vrste bioraznolikosti<\/td>\n<td><a href=\"https:\/\/www.knowledgebaseltd.eu\/wp-content\/uploads\/2019\/11\/Bioraznolikost.pptx\" class=\"mtli_attachment mtli_pptx\" data-mtli=\"mtli_filesize49296kB\">Bioraznolikost<\/a><\/p>\n<p><a href=\"https:\/\/www.knowledgebaseltd.eu\/wp-content\/uploads\/2019\/11\/Biolo\u0161ka-raznolikost.docx\" class=\"mtli_attachment mtli_docx\" data-mtli=\"mtli_filesize1300kB\">Biolo\u0161ka raznolikost<\/a><\/td>\n<\/tr>\n<tr>\n<td>Konvencija iz Ria<\/td>\n<td><a href=\"https:\/\/www.knowledgebaseltd.eu\/wp-content\/uploads\/2021\/01\/konvencija-iz-Ria.pptx\" class=\"mtli_attachment mtli_pptx\" data-mtli=\"mtli_filesize79334kB\">konvencija iz Ria<\/a><\/p>\n<p><a href=\"https:\/\/www.knowledgebaseltd.eu\/wp-content\/uploads\/2021\/01\/Konvencija-iz-Ria.docx\" class=\"mtli_attachment mtli_docx\" data-mtli=\"mtli_filesize1421kB\">Konvencija iz Ria<\/a><\/p>\n<p><a href=\"https:\/\/www.knowledgebaseltd.eu\/wp-content\/uploads\/2021\/01\/Konvencija-iz-Ria-test.docx\" class=\"mtli_attachment mtli_docx\" data-mtli=\"mtli_filesize1454kB\">Konvencija iz Ria &#8211; test<\/a><\/p>\n<p><a href=\"https:\/\/www.knowledgebaseltd.eu\/wp-content\/uploads\/2021\/01\/Konvencija-iz-Ria-rjesenje-testa.docx\" class=\"mtli_attachment mtli_docx\" data-mtli=\"mtli_filesize1413kB\">Konvencija iz Ria &#8211; rje\u0161enje testa<\/a><\/td>\n<\/tr>\n<tr>\n<td>Uni\u0161tavanje ki\u0161nih \u0161uma<\/td>\n<td><a href=\"https:\/\/www.knowledgebaseltd.eu\/wp-content\/uploads\/2019\/11\/uni\u0161tenje-tropskih-pra\u0161uma.docx\" class=\"mtli_attachment mtli_docx\" data-mtli=\"mtli_filesize1221kB\">uni\u0161tenje tropskih pra\u0161uma<\/a><\/td>\n<\/tr>\n<tr>\n<td>Konvencija iz Ramsara<\/td>\n<td><a href=\"https:\/\/www.knowledgebaseltd.eu\/wp-content\/uploads\/2021\/01\/Konvencija-iz-Ramsara.odp\" class=\"mtli_attachment mtli_odp\" data-mtli=\"mtli_filesize6321kB\">Konvencija iz Ramsara<\/a><\/p>\n<p><a href=\"https:\/\/www.knowledgebaseltd.eu\/wp-content\/uploads\/2021\/01\/Konvencija-iz-Ramsara-zadatak.docx\" class=\"mtli_attachment mtli_docx\" data-mtli=\"mtli_filesize1429kB\">Konvencija iz Ramsara &#8211; zadatak<\/a><\/td>\n<\/tr>\n<tr>\n<td>WASHINGTONSKA KONVENCIJA &#8211; CITES konvencija<\/td>\n<td><a href=\"https:\/\/www.knowledgebaseltd.eu\/wp-content\/uploads\/2021\/01\/Washingtonska-konvencij-CITES.pptx\" class=\"mtli_attachment mtli_pptx\" data-mtli=\"mtli_filesize123MB\">Washingtonska konvencij CITES<\/a><\/p>\n<p><a href=\"https:\/\/www.knowledgebaseltd.eu\/wp-content\/uploads\/2021\/01\/Medunarodne-konvencije-o-ocuvanju-bioloske-raznolikosti.docx\" class=\"mtli_attachment mtli_docx\" data-mtli=\"mtli_filesize1472kB\">Me\u0111unarodne konvencije o o\u010duvanju biolo\u0161ke raznolikosti<\/a><\/p>\n<p><a href=\"https:\/\/www.knowledgebaseltd.eu\/wp-content\/uploads\/2021\/01\/Medunarodne-konvencije-o-ocuvanju-bioloske-raznolikosti-zadatak.docx\" class=\"mtli_attachment mtli_docx\" data-mtli=\"mtli_filesize1171kB\">Me\u0111unarodne konvencije o o\u010duvanju biolo\u0161ke raznolikosti &#8211; zadatak<\/a><\/td>\n<\/tr>\n<tr>\n<td>Konvencija Natura 2000<\/td>\n<td><a href=\"https:\/\/www.knowledgebaseltd.eu\/wp-content\/uploads\/2021\/01\/Natura-2000.pptx\" class=\"mtli_attachment mtli_pptx\" data-mtli=\"mtli_filesize138MB\">Natura 2000<\/a><\/td>\n<\/tr>\n<tr>\n<td>Za\u0161tita vrsta<\/td>\n<td><a href=\"https:\/\/www.knowledgebaseltd.eu\/wp-content\/uploads\/2019\/11\/7-Za\u0161tita-vrsta.pptx\" class=\"mtli_attachment mtli_pptx\" data-mtli=\"mtli_filesize102MB\">Za\u0161tita vrsta<\/a><\/p>\n<p><a href=\"https:\/\/www.knowledgebaseltd.eu\/wp-content\/uploads\/2019\/11\/7.-Za\u0161tita-vrsta.docx\" class=\"mtli_attachment mtli_docx\" data-mtli=\"mtli_filesize1432kB\">Za\u0161tita vrsta<\/a><\/td>\n<\/tr>\n<tr>\n<td>Za\u0161tita prirodnih stani\u0161ta<\/td>\n<td><a href=\"https:\/\/www.knowledgebaseltd.eu\/wp-content\/uploads\/2020\/02\/Za\u0161tita-prirodnih-stani\u0161ta.docx\" class=\"mtli_attachment mtli_docx\" data-mtli=\"mtli_filesize1266kB\">Za\u0161tita prirodnih stani\u0161ta<\/a><\/p>\n<p><a href=\"https:\/\/www.knowledgebaseltd.eu\/wp-content\/uploads\/2020\/02\/za\u0161tita-stani\u0161ta-zadatak.docx\" class=\"mtli_attachment mtli_docx\" data-mtli=\"mtli_filesize1204kB\">za\u0161tita stani\u0161ta- zadatak<\/a><\/p>\n<p><a href=\"https:\/\/www.knowledgebaseltd.eu\/wp-content\/uploads\/2020\/02\/Za\u0161tita-stani\u0161ta.pptx\" class=\"mtli_attachment mtli_pptx\" data-mtli=\"mtli_filesize544MB\">Za\u0161tita stani\u0161ta<\/a><\/td>\n<\/tr>\n<\/tbody>\n<\/table>\n<style type=\"text\/css\">a[data-mtli~=\"mtli_filesize49296kB\"]:after {content:\" (492.96 kB)\"}a[data-mtli~=\"mtli_filesize1300kB\"]:after {content:\" (13.00 kB)\"}a[data-mtli~=\"mtli_filesize79334kB\"]:after {content:\" (793.34 kB)\"}a[data-mtli~=\"mtli_filesize1421kB\"]:after {content:\" (14.21 kB)\"}a[data-mtli~=\"mtli_filesize1454kB\"]:after {content:\" (14.54 kB)\"}a[data-mtli~=\"mtli_filesize1413kB\"]:after {content:\" (14.13 kB)\"}a[data-mtli~=\"mtli_filesize1221kB\"]:after {content:\" (12.21 kB)\"}a[data-mtli~=\"mtli_filesize6321kB\"]:after {content:\" (63.21 kB)\"}a[data-mtli~=\"mtli_filesize1429kB\"]:after {content:\" (14.29 kB)\"}a[data-mtli~=\"mtli_filesize123MB\"]:after {content:\" (1.23 MB)\"}a[data-mtli~=\"mtli_filesize1472kB\"]:after {content:\" (14.72 kB)\"}a[data-mtli~=\"mtli_filesize1171kB\"]:after {content:\" (11.71 kB)\"}a[data-mtli~=\"mtli_filesize138MB\"]:after {content:\" (1.38 MB)\"}a[data-mtli~=\"mtli_filesize102MB\"]:after {content:\" (1.02 MB)\"}a[data-mtli~=\"mtli_filesize1432kB\"]:after {content:\" (14.32 kB)\"}a[data-mtli~=\"mtli_filesize1266kB\"]:after {content:\" (12.66 kB)\"}a[data-mtli~=\"mtli_filesize1204kB\"]:after {content:\" (12.04 kB)\"}a[data-mtli~=\"mtli_filesize544MB\"]:after {content:\" (5.44 MB)\"}<\/style>","protected":false},"excerpt":{"rendered":"<p>Definicije i vrste bioraznolikosti Bioraznolikost Biolo\u0161ka raznolikost Konvencija iz Ria konvencija iz Ria Konvencija iz Ria Konvencija iz Ria &#8211; test Konvencija iz Ria &#8211; rje\u0161enje testa Uni\u0161tavanje ki\u0161nih \u0161uma uni\u0161tenje tropskih pra\u0161uma Konvencija iz Ramsara Konvencija iz Ramsara Konvencija&hellip; <\/p>\n","protected":false},"author":1,"featured_media":0,"parent":70,"menu_order":20,"comment_status":"closed","ping_status":"closed","template":"","meta":[],"_links":{"self":[{"href":"https:\/\/www.knowledgebaseltd.eu\/wp-json\/wp\/v2\/pages\/501"}],"collection":[{"href":"https:\/\/www.knowledgebaseltd.eu\/wp-json\/wp\/v2\/pages"}],"about":[{"href":"https:\/\/www.knowledgebaseltd.eu\/wp-json\/wp\/v2\/types\/page"}],"author":[{"embeddable":true,"href":"https:\/\/www.knowledgebaseltd.eu\/wp-json\/wp\/v2\/users\/1"}],"replies":[{"embeddable":true,"href":"https:\/\/www.knowledgebaseltd.eu\/wp-json\/wp\/v2\/comments?post=501"}],"version-history":[{"count":12,"href":"https:\/\/www.knowledgebaseltd.eu\/wp-json\/wp\/v2\/pages\/501\/revisions"}],"predecessor-version":[{"id":1398,"href":"https:\/\/www.knowledgebaseltd.eu\/wp-json\/wp\/v2\/pages\/501\/revisions\/1398"}],"up":[{"embeddable":true,"href":"https:\/\/www.knowledgebaseltd.eu\/wp-json\/wp\/v2\/pages\/70"}],"wp:attachment":[{"href":"https:\/\/www.knowledgebaseltd.eu\/wp-json\/wp\/v2\/media?parent=501"}],"curies":[{"name":"wp","href":"https:\/\/api.w.org\/{rel}","templated":true}]}}