{"id":500,"date":"2019-04-02T13:12:59","date_gmt":"2019-04-02T12:12:59","guid":{"rendered":"https:\/\/www.knowledgebaseltd.eu\/project-topics-and-products\/global-problems-nature\/croatian\/croatian3\/"},"modified":"2021-01-17T22:27:02","modified_gmt":"2021-01-17T21:27:02","slug":"croatian3","status":"publish","type":"page","link":"https:\/\/www.knowledgebaseltd.eu\/project-topics-and-products\/global-problems-nature\/croatian\/croatian3\/","title":{"rendered":"ZRAK"},"content":{"rendered":"<table style=\"border-collapse: collapse; width: 100%;\">\n<tbody>\n<tr>\n<td style=\"width: 50%;\">ZAGA\u0110ENJE ZRAKA<\/td>\n<td style=\"width: 50%;\"><a href=\"https:\/\/www.knowledgebaseltd.eu\/wp-content\/uploads\/2020\/02\/\u010cIMBENICI-ZAGA\u0110ENJA-ZRAKA.pptx\" class=\"mtli_attachment mtli_pptx\" data-mtli=\"mtli_filesize238MB\">\u010cIMBENICI ZAGA\u0110ENJA ZRAKA<\/a><\/td>\n<\/tr>\n<tr>\n<td style=\"width: 50%;\">PREVENTIVNE MJERE PROTIV ZAGA\u0110ENJA ZRAKA<\/td>\n<td style=\"width: 50%;\"><a href=\"https:\/\/www.knowledgebaseltd.eu\/wp-content\/uploads\/2021\/01\/MJERE-OPREZA-PROTIV-ZAGADIVANJA-ZRAKA.docx\" class=\"mtli_attachment mtli_docx\" data-mtli=\"mtli_filesize1508kB\">MJERE OPREZA PROTIV ZAGA\u0110IVANJA ZRAKA<\/a><\/td>\n<\/tr>\n<tr>\n<td style=\"width: 50%;\">\u010cIMBENICI ZAGA\u0110ENJA ZRAKA<\/td>\n<td style=\"width: 50%;\"><a href=\"https:\/\/www.knowledgebaseltd.eu\/wp-content\/uploads\/2021\/01\/CIMBENICI-ZAGADENJA-ZRAKA.pptx\" class=\"mtli_attachment mtli_pptx\" data-mtli=\"mtli_filesize236MB\">\u010cIMBENICI ZAGA\u0110ENJA ZRAKA<\/a><\/td>\n<\/tr>\n<tr>\n<td style=\"width: 50%;\">40 \u010cINJENICA O ZAGA\u0110ENJU ZRAKA<\/td>\n<td style=\"width: 50%;\"><a href=\"https:\/\/www.knowledgebaseltd.eu\/wp-content\/uploads\/2020\/01\/40-\u010cINJENICA-O-ZAGA\u0110ENJU-ZRAKA.docx\" class=\"mtli_attachment mtli_docx\" data-mtli=\"mtli_filesize1984kB\">40 \u010cINJENICA O ZAGA\u0110ENJU ZRAKA<\/a><\/td>\n<\/tr>\n<tr>\n<td style=\"width: 50%;\">UTJECAJI ZAGA\u0110ENOG ZRAKA<\/td>\n<td style=\"width: 50%;\"><a href=\"https:\/\/www.knowledgebaseltd.eu\/wp-content\/uploads\/2020\/01\/UTJECAJI-ZAGA\u0110ENOG-ZRAKA.docx\" class=\"mtli_attachment mtli_docx\" data-mtli=\"mtli_filesize1542kB\">UTJECAJI ZAGA\u0110ENOG ZRAKA<\/a><\/td>\n<\/tr>\n<tr>\n<td style=\"width: 50%;\">DR\u017dAVE S NAJ\u010cI\u0160\u0106IM ZRAKOM NA SVIJETU<\/td>\n<td style=\"width: 50%;\"><a href=\"https:\/\/www.knowledgebaseltd.eu\/wp-content\/uploads\/2021\/01\/Zemlje-s-najciscim-zrakom-na-svijetu.pptx\" class=\"mtli_attachment mtli_pptx\" data-mtli=\"mtli_filesize4289kB\">Zemlje s naj\u010di\u0161\u0107im zrakom na svijetu<\/a><\/td>\n<\/tr>\n<tr>\n<td style=\"width: 50%;\"><\/td>\n<td style=\"width: 50%;\"><\/td>\n<\/tr>\n<tr>\n<td style=\"width: 50%;\"><\/td>\n<td style=\"width: 50%;\"><\/td>\n<\/tr>\n<\/tbody>\n<\/table>\n<style type=\"text\/css\">a[data-mtli~=\"mtli_filesize238MB\"]:after {content:\" (2.38 MB)\"}a[data-mtli~=\"mtli_filesize1508kB\"]:after {content:\" (15.08 kB)\"}a[data-mtli~=\"mtli_filesize236MB\"]:after {content:\" (2.36 MB)\"}a[data-mtli~=\"mtli_filesize1984kB\"]:after {content:\" (19.84 kB)\"}a[data-mtli~=\"mtli_filesize1542kB\"]:after {content:\" (15.42 kB)\"}a[data-mtli~=\"mtli_filesize4289kB\"]:after {content:\" (42.89 kB)\"}<\/style>","protected":false},"excerpt":{"rendered":"<p>ZAGA\u0110ENJE ZRAKA \u010cIMBENICI ZAGA\u0110ENJA ZRAKA PREVENTIVNE MJERE PROTIV ZAGA\u0110ENJA ZRAKA MJERE OPREZA PROTIV ZAGA\u0110IVANJA ZRAKA \u010cIMBENICI ZAGA\u0110ENJA ZRAKA \u010cIMBENICI ZAGA\u0110ENJA ZRAKA 40 \u010cINJENICA O ZAGA\u0110ENJU ZRAKA 40 \u010cINJENICA O ZAGA\u0110ENJU ZRAKA UTJECAJI ZAGA\u0110ENOG ZRAKA UTJECAJI ZAGA\u0110ENOG ZRAKA DR\u017dAVE S NAJ\u010cI\u0160\u0106IM&hellip; <\/p>\n","protected":false},"author":1,"featured_media":0,"parent":70,"menu_order":19,"comment_status":"closed","ping_status":"closed","template":"","meta":[],"_links":{"self":[{"href":"https:\/\/www.knowledgebaseltd.eu\/wp-json\/wp\/v2\/pages\/500"}],"collection":[{"href":"https:\/\/www.knowledgebaseltd.eu\/wp-json\/wp\/v2\/pages"}],"about":[{"href":"https:\/\/www.knowledgebaseltd.eu\/wp-json\/wp\/v2\/types\/page"}],"author":[{"embeddable":true,"href":"https:\/\/www.knowledgebaseltd.eu\/wp-json\/wp\/v2\/users\/1"}],"replies":[{"embeddable":true,"href":"https:\/\/www.knowledgebaseltd.eu\/wp-json\/wp\/v2\/comments?post=500"}],"version-history":[{"count":7,"href":"https:\/\/www.knowledgebaseltd.eu\/wp-json\/wp\/v2\/pages\/500\/revisions"}],"predecessor-version":[{"id":1404,"href":"https:\/\/www.knowledgebaseltd.eu\/wp-json\/wp\/v2\/pages\/500\/revisions\/1404"}],"up":[{"embeddable":true,"href":"https:\/\/www.knowledgebaseltd.eu\/wp-json\/wp\/v2\/pages\/70"}],"wp:attachment":[{"href":"https:\/\/www.knowledgebaseltd.eu\/wp-json\/wp\/v2\/media?parent=500"}],"curies":[{"name":"wp","href":"https:\/\/api.w.org\/{rel}","templated":true}]}}