{"id":498,"date":"2019-04-02T13:12:59","date_gmt":"2019-04-02T12:12:59","guid":{"rendered":"https:\/\/www.knowledgebaseltd.eu\/project-topics-and-products\/global-problems-nature\/croatian\/croatian1\/"},"modified":"2020-02-16T23:12:16","modified_gmt":"2020-02-16T22:12:16","slug":"croatian1","status":"publish","type":"page","link":"https:\/\/www.knowledgebaseltd.eu\/project-topics-and-products\/global-problems-nature\/croatian\/croatian1\/","title":{"rendered":"VODA"},"content":{"rendered":"<table>\n<tbody>\n<tr>\n<td>Kru\u017eenje vode u prirodi<\/td>\n<td><img decoding=\"async\" loading=\"lazy\" class=\"alignnone size-medium wp-image-700\" src=\"https:\/\/www.knowledgebaseltd.eu\/wp-content\/uploads\/2019\/04\/400px-Kru\u017eenje_vode-hidrolo\u0161ki_ciklus-300x209.png\" alt=\"\" width=\"300\" height=\"209\" srcset=\"https:\/\/www.knowledgebaseltd.eu\/wp-content\/uploads\/2019\/04\/400px-Kru\u017eenje_vode-hidrolo\u0161ki_ciklus-300x209.png 300w, https:\/\/www.knowledgebaseltd.eu\/wp-content\/uploads\/2019\/04\/400px-Kru\u017eenje_vode-hidrolo\u0161ki_ciklus.png 400w\" sizes=\"(max-width: 300px) 100vw, 300px\" \/><\/p>\n<p><a href=\"https:\/\/www.knowledgebaseltd.eu\/wp-content\/uploads\/2019\/04\/KRU\u017dENJE-VODE-U-PRIRODI.docx\" class=\"mtli_attachment mtli_docx\" data-mtli=\"mtli_filesize23652kB\">KRU\u017dENJE VODE U PRIRODI<\/a><\/td>\n<\/tr>\n<tr>\n<td>Svjetski dan voda<\/td>\n<td><a href=\"https:\/\/www.knowledgebaseltd.eu\/wp-content\/uploads\/2019\/04\/SVJETSKI-DAN-VODA.pptx\" class=\"mtli_attachment mtli_pptx\" data-mtli=\"mtli_filesize2239MB\">SVJETSKI DAN VODA<\/a><\/td>\n<\/tr>\n<tr>\n<td>Plasti\u010dni oceani<\/td>\n<td><a href=\"https:\/\/www.knowledgebaseltd.eu\/wp-content\/uploads\/2019\/04\/OceanPlastic-hr.ppt\" class=\"mtli_attachment mtli_ppt\" data-mtli=\"mtli_filesize168MB\">OceanPlastic hr<\/a><\/td>\n<\/tr>\n<tr>\n<td>Iskori\u0161tavanje voda<\/td>\n<td><a href=\"https:\/\/www.knowledgebaseltd.eu\/wp-content\/uploads\/2019\/04\/uses-of-water-hr.pptx\" class=\"mtli_attachment mtli_pptx\" data-mtli=\"mtli_filesize252MB\">uses of water hr<\/a><\/td>\n<\/tr>\n<tr>\n<td>\u010cinjenice o vodi<\/td>\n<td><a href=\"https:\/\/www.knowledgebaseltd.eu\/wp-content\/uploads\/2019\/05\/Voda_cinjenice_hrv.pdf\" class=\"mtli_attachment mtli_pdf\" data-mtli=\"mtli_filesize17785kB\">Voda_cinjenice_hrv<\/a><\/p>\n<p><a href=\"https:\/\/www.knowledgebaseltd.eu\/wp-content\/uploads\/2019\/05\/Voda_cinjenice2.pdf\" class=\"mtli_attachment mtli_pdf\" data-mtli=\"mtli_filesize8214kB\">Voda_cinjenice2<\/a><\/p>\n<p><img decoding=\"async\" loading=\"lazy\" class=\"alignnone size-medium wp-image-778\" src=\"https:\/\/www.knowledgebaseltd.eu\/wp-content\/uploads\/2019\/05\/Voda_cinjenice_hrv-300x200.png\" alt=\"\" width=\"300\" height=\"200\" srcset=\"https:\/\/www.knowledgebaseltd.eu\/wp-content\/uploads\/2019\/05\/Voda_cinjenice_hrv-300x200.png 300w, https:\/\/www.knowledgebaseltd.eu\/wp-content\/uploads\/2019\/05\/Voda_cinjenice_hrv.png 750w\" sizes=\"(max-width: 300px) 100vw, 300px\" \/><\/p>\n<p><img decoding=\"async\" loading=\"lazy\" class=\"alignnone size-medium wp-image-779\" src=\"https:\/\/www.knowledgebaseltd.eu\/wp-content\/uploads\/2019\/05\/Voda_cinjenice_hrv2-300x200.png\" alt=\"\" width=\"300\" height=\"200\" srcset=\"https:\/\/www.knowledgebaseltd.eu\/wp-content\/uploads\/2019\/05\/Voda_cinjenice_hrv2-300x200.png 300w, https:\/\/www.knowledgebaseltd.eu\/wp-content\/uploads\/2019\/05\/Voda_cinjenice_hrv2.png 750w\" sizes=\"(max-width: 300px) 100vw, 300px\" \/><\/td>\n<\/tr>\n<tr>\n<td>Vodeni putevi<\/td>\n<td><a href=\"https:\/\/www.knowledgebaseltd.eu\/wp-content\/uploads\/2019\/05\/Vodena-ruta_hrv.pdf\" class=\"mtli_attachment mtli_pdf\" data-mtli=\"mtli_filesize18791kB\">Vodena ruta<\/a><\/p>\n<p><a href=\"https:\/\/www.knowledgebaseltd.eu\/wp-content\/uploads\/2019\/05\/KARTA_VODENIPUT.pdf\" class=\"mtli_attachment mtli_pdf\" data-mtli=\"mtli_filesize159MB\">KARTA_VODENIPUT<\/a><\/td>\n<\/tr>\n<tr>\n<td>Savjeti za u\u0161tedu vode<\/td>\n<td><\/td>\n<\/tr>\n<tr>\n<td>Najva\u017enije rijeke u Europi<\/td>\n<td><a href=\"https:\/\/www.knowledgebaseltd.eu\/wp-content\/uploads\/2020\/02\/Najva\u017enije-rijeke-u-Europi-1.docx\" class=\"mtli_attachment mtli_docx\" data-mtli=\"mtli_filesize1617kB\">Najva\u017enije-rijeke-u-Europi (1)<\/a><\/td>\n<\/tr>\n<tr>\n<td><\/td>\n<td><\/td>\n<\/tr>\n<tr>\n<td><\/td>\n<td><\/td>\n<\/tr>\n<\/tbody>\n<\/table>\n<style type=\"text\/css\">a[data-mtli~=\"mtli_filesize23652kB\"]:after {content:\" (236.52 kB)\"}a[data-mtli~=\"mtli_filesize2239MB\"]:after {content:\" (22.39 MB)\"}a[data-mtli~=\"mtli_filesize168MB\"]:after {content:\" (1.68 MB)\"}a[data-mtli~=\"mtli_filesize252MB\"]:after {content:\" (2.52 MB)\"}a[data-mtli~=\"mtli_filesize17785kB\"]:after {content:\" (177.85 kB)\"}a[data-mtli~=\"mtli_filesize8214kB\"]:after {content:\" (82.14 kB)\"}a[data-mtli~=\"mtli_filesize18791kB\"]:after {content:\" (187.91 kB)\"}a[data-mtli~=\"mtli_filesize159MB\"]:after {content:\" (1.59 MB)\"}a[data-mtli~=\"mtli_filesize1617kB\"]:after {content:\" (16.17 kB)\"}<\/style>","protected":false},"excerpt":{"rendered":"<p>Kru\u017eenje vode u prirodi KRU\u017dENJE VODE U PRIRODI Svjetski dan voda SVJETSKI DAN VODA Plasti\u010dni oceani OceanPlastic hr Iskori\u0161tavanje voda uses of water hr \u010cinjenice o vodi Voda_cinjenice_hrv Voda_cinjenice2 Vodeni putevi Vodena ruta KARTA_VODENIPUT Savjeti za u\u0161tedu vode Najva\u017enije rijeke&hellip; <\/p>\n","protected":false},"author":1,"featured_media":0,"parent":70,"menu_order":17,"comment_status":"closed","ping_status":"closed","template":"","meta":[],"_links":{"self":[{"href":"https:\/\/www.knowledgebaseltd.eu\/wp-json\/wp\/v2\/pages\/498"}],"collection":[{"href":"https:\/\/www.knowledgebaseltd.eu\/wp-json\/wp\/v2\/pages"}],"about":[{"href":"https:\/\/www.knowledgebaseltd.eu\/wp-json\/wp\/v2\/types\/page"}],"author":[{"embeddable":true,"href":"https:\/\/www.knowledgebaseltd.eu\/wp-json\/wp\/v2\/users\/1"}],"replies":[{"embeddable":true,"href":"https:\/\/www.knowledgebaseltd.eu\/wp-json\/wp\/v2\/comments?post=498"}],"version-history":[{"count":9,"href":"https:\/\/www.knowledgebaseltd.eu\/wp-json\/wp\/v2\/pages\/498\/revisions"}],"predecessor-version":[{"id":1266,"href":"https:\/\/www.knowledgebaseltd.eu\/wp-json\/wp\/v2\/pages\/498\/revisions\/1266"}],"up":[{"embeddable":true,"href":"https:\/\/www.knowledgebaseltd.eu\/wp-json\/wp\/v2\/pages\/70"}],"wp:attachment":[{"href":"https:\/\/www.knowledgebaseltd.eu\/wp-json\/wp\/v2\/media?parent=498"}],"curies":[{"name":"wp","href":"https:\/\/api.w.org\/{rel}","templated":true}]}}