{"id":493,"date":"2019-04-02T13:12:59","date_gmt":"2019-04-02T12:12:59","guid":{"rendered":"https:\/\/www.knowledgebaseltd.eu\/project-topics-and-products\/global-problems-nature\/turkish\/turkish4\/"},"modified":"2019-12-18T09:43:49","modified_gmt":"2019-12-18T08:43:49","slug":"turkish4","status":"publish","type":"page","link":"https:\/\/www.knowledgebaseltd.eu\/project-topics-and-products\/global-problems-nature\/turkish\/turkish4\/","title":{"rendered":"B\u0130YO \u00c7E\u015e\u0130TL\u0130L\u0130K"},"content":{"rendered":"<p><a href=\"https:\/\/www.knowledgebaseltd.eu\/wp-content\/uploads\/2019\/04\/1.Biodiversity.pptx\" class=\"mtli_attachment mtli_pptx\" data-mtli=\"mtli_filesize49320kB\">Bio \u00c7e\u015fitlilik<\/a><\/p>\n<p><a href=\"https:\/\/www.knowledgebaseltd.eu\/wp-content\/uploads\/2019\/04\/2.-The-Rio-Convention.docx\" class=\"mtli_attachment mtli_docx\" data-mtli=\"mtli_filesize1662kB\">Rio Kongresi<\/a><\/p>\n<p><a href=\"https:\/\/www.knowledgebaseltd.eu\/wp-content\/uploads\/2019\/05\/3.-rainforest.docx\" class=\"mtli_attachment mtli_docx\" data-mtli=\"mtli_filesize1460kB\">Ya\u011fmur Ormanlar\u0131<\/a><\/p>\n<p><a href=\"https:\/\/www.knowledgebaseltd.eu\/wp-content\/uploads\/2019\/04\/4-Ramsar_convention.odp\" class=\"mtli_attachment mtli_odp\" data-mtli=\"mtli_filesize6704kB\">Ramsar Kongresi<\/a><\/p>\n<p><a href=\"https:\/\/www.knowledgebaseltd.eu\/wp-content\/uploads\/2019\/04\/5.International-biodiversity-conservation-conventions.docx\" class=\"mtli_attachment mtli_docx\" data-mtli=\"mtli_filesize1681kB\">Uluslararas\u0131 Biyo\u00e7e\u015fitlilik Koruma<\/a><\/p>\n<p><a href=\"https:\/\/www.knowledgebaseltd.eu\/wp-content\/uploads\/2019\/05\/6.Natura_2000_English.pptx\" class=\"mtli_attachment mtli_pptx\" data-mtli=\"mtli_filesize139MB\">Do\u011fa 2000<\/a><\/p>\n<p><a href=\"https:\/\/www.knowledgebaseltd.eu\/wp-content\/uploads\/2019\/04\/7.-The-_protection_of_species.docx\" class=\"mtli_attachment mtli_docx\" data-mtli=\"mtli_filesize1763kB\">T\u00fcrlerin Korunmas\u0131<\/a><\/p>\n<p><a href=\"https:\/\/www.knowledgebaseltd.eu\/wp-content\/uploads\/2019\/08\/8-protection_of_habitats.pptx\" class=\"mtli_attachment mtli_pptx\" data-mtli=\"mtli_filesize632MB\">Habitat\u0131n Korunmas\u0131<\/a><\/p>\n<p>&nbsp;<\/p>\n<style type=\"text\/css\">a[data-mtli~=\"mtli_filesize49320kB\"]:after {content:\" (493.20 kB)\"}a[data-mtli~=\"mtli_filesize1662kB\"]:after {content:\" (16.62 kB)\"}a[data-mtli~=\"mtli_filesize1460kB\"]:after {content:\" (14.60 kB)\"}a[data-mtli~=\"mtli_filesize6704kB\"]:after {content:\" (67.04 kB)\"}a[data-mtli~=\"mtli_filesize1681kB\"]:after {content:\" (16.81 kB)\"}a[data-mtli~=\"mtli_filesize139MB\"]:after {content:\" (1.39 MB)\"}a[data-mtli~=\"mtli_filesize1763kB\"]:after {content:\" (17.63 kB)\"}a[data-mtli~=\"mtli_filesize632MB\"]:after {content:\" (6.32 MB)\"}<\/style>","protected":false},"excerpt":{"rendered":"<p>Bio \u00c7e\u015fitlilik Rio Kongresi Ya\u011fmur Ormanlar\u0131 Ramsar Kongresi Uluslararas\u0131 Biyo\u00e7e\u015fitlilik Koruma Do\u011fa 2000 T\u00fcrlerin Korunmas\u0131 Habitat\u0131n Korunmas\u0131 &nbsp;<\/p>\n","protected":false},"author":1,"featured_media":0,"parent":66,"menu_order":12,"comment_status":"closed","ping_status":"closed","template":"","meta":[],"_links":{"self":[{"href":"https:\/\/www.knowledgebaseltd.eu\/wp-json\/wp\/v2\/pages\/493"}],"collection":[{"href":"https:\/\/www.knowledgebaseltd.eu\/wp-json\/wp\/v2\/pages"}],"about":[{"href":"https:\/\/www.knowledgebaseltd.eu\/wp-json\/wp\/v2\/types\/page"}],"author":[{"embeddable":true,"href":"https:\/\/www.knowledgebaseltd.eu\/wp-json\/wp\/v2\/users\/1"}],"replies":[{"embeddable":true,"href":"https:\/\/www.knowledgebaseltd.eu\/wp-json\/wp\/v2\/comments?post=493"}],"version-history":[{"count":6,"href":"https:\/\/www.knowledgebaseltd.eu\/wp-json\/wp\/v2\/pages\/493\/revisions"}],"predecessor-version":[{"id":1167,"href":"https:\/\/www.knowledgebaseltd.eu\/wp-json\/wp\/v2\/pages\/493\/revisions\/1167"}],"up":[{"embeddable":true,"href":"https:\/\/www.knowledgebaseltd.eu\/wp-json\/wp\/v2\/pages\/66"}],"wp:attachment":[{"href":"https:\/\/www.knowledgebaseltd.eu\/wp-json\/wp\/v2\/media?parent=493"}],"curies":[{"name":"wp","href":"https:\/\/api.w.org\/{rel}","templated":true}]}}