{"id":492,"date":"2019-04-02T13:12:59","date_gmt":"2019-04-02T12:12:59","guid":{"rendered":"https:\/\/www.knowledgebaseltd.eu\/project-topics-and-products\/global-problems-nature\/turkish\/turkish3\/"},"modified":"2019-12-18T09:37:31","modified_gmt":"2019-12-18T08:37:31","slug":"turkish3","status":"publish","type":"page","link":"https:\/\/www.knowledgebaseltd.eu\/project-topics-and-products\/global-problems-nature\/turkish\/turkish3\/","title":{"rendered":"\u00c7\u00d6LLE\u015eME"},"content":{"rendered":"<p><a href=\"https:\/\/www.knowledgebaseltd.eu\/wp-content\/uploads\/2019\/06\/What\u2019s-desertification.pptx\" class=\"mtli_attachment mtli_pptx\" data-mtli=\"mtli_filesize354MB\">\u00c7\u00f6lle\u015fme Nedir?<\/a><\/p>\n<p><a href=\"https:\/\/www.storyjumper.com\/book\/index\/64315295\/untitled\">K\u00fcresel olarak \u00e7\u00f6lle\u015fmenin \u00e7\u0131\u011f\u0131r a\u00e7an olaylar\u0131<\/a><\/p>\n<p><a href=\"https:\/\/spark.adobe.com\/page\/q95jqAz2qcar8\/?fbclid=IwAR0S7iJMIIqNZdITAuYH-1dIN8YqXWzJWrGCjq4C9uAQ35SE70upd5YM3eA\">\u00c7\u00f6lle\u015fmeye ne sebep olur?<\/a><\/p>\n<p><a href=\"https:\/\/www.knowledgebaseltd.eu\/wp-content\/uploads\/2019\/04\/Desertification.pptx\" class=\"mtli_attachment mtli_pptx\" data-mtli=\"mtli_filesize354MB\">\u00c7\u00f6elle\u015fme<\/a><\/p>\n<p><img decoding=\"async\" loading=\"lazy\" class=\"wp-image-625 size-medium\" src=\"https:\/\/www.knowledgebaseltd.eu\/wp-content\/uploads\/2019\/04\/Afisa2-desertification_n-300x225.png\" alt=\"\" width=\"300\" height=\"225\" srcset=\"https:\/\/www.knowledgebaseltd.eu\/wp-content\/uploads\/2019\/04\/Afisa2-desertification_n-300x225.png 300w, https:\/\/www.knowledgebaseltd.eu\/wp-content\/uploads\/2019\/04\/Afisa2-desertification_n-768x576.png 768w, https:\/\/www.knowledgebaseltd.eu\/wp-content\/uploads\/2019\/04\/Afisa2-desertification_n.png 960w\" sizes=\"(max-width: 300px) 100vw, 300px\" \/><\/p>\n<p><img decoding=\"async\" loading=\"lazy\" class=\"wp-image-389 size-medium\" src=\"https:\/\/www.knowledgebaseltd.eu\/wp-content\/uploads\/2019\/03\/Afisa-1-about-desertification_n-1-300x225.jpg\" alt=\"\" width=\"300\" height=\"225\" srcset=\"https:\/\/www.knowledgebaseltd.eu\/wp-content\/uploads\/2019\/03\/Afisa-1-about-desertification_n-1-300x225.jpg 300w, https:\/\/www.knowledgebaseltd.eu\/wp-content\/uploads\/2019\/03\/Afisa-1-about-desertification_n-1-768x576.jpg 768w, https:\/\/www.knowledgebaseltd.eu\/wp-content\/uploads\/2019\/03\/Afisa-1-about-desertification_n-1-880x660.jpg 880w, https:\/\/www.knowledgebaseltd.eu\/wp-content\/uploads\/2019\/03\/Afisa-1-about-desertification_n-1-90x68.jpg 90w, https:\/\/www.knowledgebaseltd.eu\/wp-content\/uploads\/2019\/03\/Afisa-1-about-desertification_n-1.jpg 960w\" sizes=\"(max-width: 300px) 100vw, 300px\" \/><\/p>\n<p>&nbsp;<\/p>\n<style type=\"text\/css\">a[data-mtli~=\"mtli_filesize354MB\"]:after {content:\" (3.54 MB)\"}<\/style>","protected":false},"excerpt":{"rendered":"<p>\u00c7\u00f6lle\u015fme Nedir? K\u00fcresel olarak \u00e7\u00f6lle\u015fmenin \u00e7\u0131\u011f\u0131r a\u00e7an olaylar\u0131 \u00c7\u00f6lle\u015fmeye ne sebep olur? \u00c7\u00f6elle\u015fme &nbsp;<\/p>\n","protected":false},"author":1,"featured_media":0,"parent":66,"menu_order":11,"comment_status":"closed","ping_status":"closed","template":"","meta":[],"_links":{"self":[{"href":"https:\/\/www.knowledgebaseltd.eu\/wp-json\/wp\/v2\/pages\/492"}],"collection":[{"href":"https:\/\/www.knowledgebaseltd.eu\/wp-json\/wp\/v2\/pages"}],"about":[{"href":"https:\/\/www.knowledgebaseltd.eu\/wp-json\/wp\/v2\/types\/page"}],"author":[{"embeddable":true,"href":"https:\/\/www.knowledgebaseltd.eu\/wp-json\/wp\/v2\/users\/1"}],"replies":[{"embeddable":true,"href":"https:\/\/www.knowledgebaseltd.eu\/wp-json\/wp\/v2\/comments?post=492"}],"version-history":[{"count":5,"href":"https:\/\/www.knowledgebaseltd.eu\/wp-json\/wp\/v2\/pages\/492\/revisions"}],"predecessor-version":[{"id":1161,"href":"https:\/\/www.knowledgebaseltd.eu\/wp-json\/wp\/v2\/pages\/492\/revisions\/1161"}],"up":[{"embeddable":true,"href":"https:\/\/www.knowledgebaseltd.eu\/wp-json\/wp\/v2\/pages\/66"}],"wp:attachment":[{"href":"https:\/\/www.knowledgebaseltd.eu\/wp-json\/wp\/v2\/media?parent=492"}],"curies":[{"name":"wp","href":"https:\/\/api.w.org\/{rel}","templated":true}]}}