{"id":491,"date":"2019-04-02T13:12:58","date_gmt":"2019-04-02T12:12:58","guid":{"rendered":"https:\/\/www.knowledgebaseltd.eu\/project-topics-and-products\/global-problems-nature\/turkish\/turkish2\/"},"modified":"2019-12-18T09:31:36","modified_gmt":"2019-12-18T08:31:36","slug":"turkish2","status":"publish","type":"page","link":"https:\/\/www.knowledgebaseltd.eu\/project-topics-and-products\/global-problems-nature\/turkish\/turkish2\/","title":{"rendered":"HAVA K\u0130RL\u0130L\u0130\u011e\u0130"},"content":{"rendered":"<p><a href=\"https:\/\/www.knowledgebaseltd.eu\/wp-content\/uploads\/2019\/12\/Hava-kirlili-ile-ilgili-dikkat-edilmesi-gerekilenler.pptx\" class=\"mtli_attachment mtli_pptx\" data-mtli=\"mtli_filesize125MB\">Hava kirlili ile ilgili dikkat edilmesi gerekilenler<\/a><\/p>\n<p><a href=\"https:\/\/www.knowledgebaseltd.eu\/wp-content\/uploads\/2019\/12\/Hava-Kirlili\u011fi.pptx\" class=\"mtli_attachment mtli_pptx\" data-mtli=\"mtli_filesize109MB\">Hava Kirlili\u011fi<\/a><\/p>\n<p><a href=\"https:\/\/www.knowledgebaseltd.eu\/wp-content\/uploads\/2019\/12\/En-Kirli-20-\u015eehir-TR.pptx\" class=\"mtli_attachment mtli_pptx\" data-mtli=\"mtli_filesize236MB\">En <\/a><a style=\"font-size: 14px;\" href=\"https:\/\/www.knowledgebaseltd.eu\/wp-content\/uploads\/2019\/12\/En-Kirli-20-\u015eehir-TR.pptx\" class=\"mtli_attachment mtli_pptx\" data-mtli=\"mtli_filesize236MB\">Kirli 20 \u015eehir (TR)<\/a><\/p>\n<style type=\"text\/css\">a[data-mtli~=\"mtli_filesize125MB\"]:after {content:\" (1.25 MB)\"}a[data-mtli~=\"mtli_filesize109MB\"]:after {content:\" (1.09 MB)\"}a[data-mtli~=\"mtli_filesize236MB\"]:after {content:\" (2.36 MB)\"}<\/style>","protected":false},"excerpt":{"rendered":"<p>Hava kirlili ile ilgili dikkat edilmesi gerekilenler Hava Kirlili\u011fi En Kirli 20 \u015eehir (TR)<\/p>\n","protected":false},"author":1,"featured_media":0,"parent":66,"menu_order":10,"comment_status":"closed","ping_status":"closed","template":"","meta":[],"_links":{"self":[{"href":"https:\/\/www.knowledgebaseltd.eu\/wp-json\/wp\/v2\/pages\/491"}],"collection":[{"href":"https:\/\/www.knowledgebaseltd.eu\/wp-json\/wp\/v2\/pages"}],"about":[{"href":"https:\/\/www.knowledgebaseltd.eu\/wp-json\/wp\/v2\/types\/page"}],"author":[{"embeddable":true,"href":"https:\/\/www.knowledgebaseltd.eu\/wp-json\/wp\/v2\/users\/1"}],"replies":[{"embeddable":true,"href":"https:\/\/www.knowledgebaseltd.eu\/wp-json\/wp\/v2\/comments?post=491"}],"version-history":[{"count":4,"href":"https:\/\/www.knowledgebaseltd.eu\/wp-json\/wp\/v2\/pages\/491\/revisions"}],"predecessor-version":[{"id":1156,"href":"https:\/\/www.knowledgebaseltd.eu\/wp-json\/wp\/v2\/pages\/491\/revisions\/1156"}],"up":[{"embeddable":true,"href":"https:\/\/www.knowledgebaseltd.eu\/wp-json\/wp\/v2\/pages\/66"}],"wp:attachment":[{"href":"https:\/\/www.knowledgebaseltd.eu\/wp-json\/wp\/v2\/media?parent=491"}],"curies":[{"name":"wp","href":"https:\/\/api.w.org\/{rel}","templated":true}]}}