{"id":490,"date":"2019-04-02T13:12:58","date_gmt":"2019-04-02T12:12:58","guid":{"rendered":"https:\/\/www.knowledgebaseltd.eu\/project-topics-and-products\/global-problems-nature\/turkish\/turkish1\/"},"modified":"2019-12-18T09:31:07","modified_gmt":"2019-12-18T08:31:07","slug":"turkish1","status":"publish","type":"page","link":"https:\/\/www.knowledgebaseltd.eu\/project-topics-and-products\/global-problems-nature\/turkish\/turkish1\/","title":{"rendered":"SU"},"content":{"rendered":"<p><a href=\"https:\/\/www.knowledgebaseltd.eu\/wp-content\/uploads\/2019\/12\/DO\u011eADA-SU-D\u00d6NG\u00dcS\u00dc.docx\" class=\"mtli_attachment mtli_docx\" data-mtli=\"mtli_filesize4106kB\">DO\u011eADA SU D\u00d6NG\u00dcS\u00dc<\/a><\/p>\n<p><a href=\"https:\/\/www.knowledgebaseltd.eu\/wp-content\/uploads\/2019\/12\/WORLD-WATER-DAY-DUNYA-SU-GUNU.pptx\" class=\"mtli_attachment mtli_pptx\" data-mtli=\"mtli_filesize2235MB\">WORLD-WATER-DAY-DUNYA SU GUNU<\/a><\/p>\n<style type=\"text\/css\">a[data-mtli~=\"mtli_filesize4106kB\"]:after {content:\" (41.06 kB)\"}a[data-mtli~=\"mtli_filesize2235MB\"]:after {content:\" (22.35 MB)\"}<\/style>","protected":false},"excerpt":{"rendered":"<p>DO\u011eADA SU D\u00d6NG\u00dcS\u00dc WORLD-WATER-DAY-DUNYA SU GUNU<\/p>\n","protected":false},"author":1,"featured_media":0,"parent":66,"menu_order":9,"comment_status":"closed","ping_status":"closed","template":"","meta":[],"_links":{"self":[{"href":"https:\/\/www.knowledgebaseltd.eu\/wp-json\/wp\/v2\/pages\/490"}],"collection":[{"href":"https:\/\/www.knowledgebaseltd.eu\/wp-json\/wp\/v2\/pages"}],"about":[{"href":"https:\/\/www.knowledgebaseltd.eu\/wp-json\/wp\/v2\/types\/page"}],"author":[{"embeddable":true,"href":"https:\/\/www.knowledgebaseltd.eu\/wp-json\/wp\/v2\/users\/1"}],"replies":[{"embeddable":true,"href":"https:\/\/www.knowledgebaseltd.eu\/wp-json\/wp\/v2\/comments?post=490"}],"version-history":[{"count":4,"href":"https:\/\/www.knowledgebaseltd.eu\/wp-json\/wp\/v2\/pages\/490\/revisions"}],"predecessor-version":[{"id":1155,"href":"https:\/\/www.knowledgebaseltd.eu\/wp-json\/wp\/v2\/pages\/490\/revisions\/1155"}],"up":[{"embeddable":true,"href":"https:\/\/www.knowledgebaseltd.eu\/wp-json\/wp\/v2\/pages\/66"}],"wp:attachment":[{"href":"https:\/\/www.knowledgebaseltd.eu\/wp-json\/wp\/v2\/media?parent=490"}],"curies":[{"name":"wp","href":"https:\/\/api.w.org\/{rel}","templated":true}]}}