{"id":488,"date":"2019-04-02T13:05:43","date_gmt":"2019-04-02T12:05:43","guid":{"rendered":"https:\/\/www.knowledgebaseltd.eu\/project-topics-and-products\/global-problems-nature\/hungarian\/hungarian3\/"},"modified":"2021-03-29T18:34:26","modified_gmt":"2021-03-29T17:34:26","slug":"hungarian3","status":"publish","type":"page","link":"https:\/\/www.knowledgebaseltd.eu\/project-topics-and-products\/global-problems-nature\/hungarian\/hungarian3\/","title":{"rendered":"Leveg\u0151"},"content":{"rendered":"<p><a href=\"https:\/\/www.knowledgebaseltd.eu\/wp-content\/uploads\/2020\/02\/40-t\u00e9ny-a-k\u00f6rnyezetszennyez\u00e9sr\u0151l-40-facts-on-air-pollution.docx\" class=\"mtli_attachment mtli_docx\" data-mtli=\"mtli_filesize1594kB\">40-t\u00e9ny-a-k\u00f6rnyezetszennyez\u00e9sr\u0151l-40-facts-on-air-pollution<\/a><\/p>\n<p><a href=\"https:\/\/www.knowledgebaseltd.eu\/wp-content\/uploads\/2020\/02\/A-l\u00e9gszennyez\u00e9s-hat\u00e1sai.docx\" class=\"mtli_attachment mtli_docx\" data-mtli=\"mtli_filesize1721kB\">A-l\u00e9gszennyez\u00e9s-hat\u00e1sai<\/a><\/p>\n<p><a href=\"https:\/\/www.knowledgebaseltd.eu\/wp-content\/uploads\/2020\/02\/Legtiszt\u00e1bb_leveg\u0151j\u0171_orsz\u00e1gok.pptx\" class=\"mtli_attachment mtli_pptx\" data-mtli=\"mtli_filesize5392kB\">Legtiszt\u00e1bb_leveg\u0151j\u0171_orsz\u00e1gok<\/a><\/p>\n<p><a href=\"https:\/\/www.knowledgebaseltd.eu\/wp-content\/uploads\/2021\/03\/Figyelmeztetesek.docx\" class=\"mtli_attachment mtli_docx\" data-mtli=\"mtli_filesize1305kB\">Figyelmeztet\u00e9sek<\/a><\/p>\n<p><a href=\"https:\/\/www.knowledgebaseltd.eu\/wp-content\/uploads\/2021\/03\/Legszennyezes.pptx\" class=\"mtli_attachment mtli_pptx\" data-mtli=\"mtli_filesize99443kB\">L\u00e9gszennyez\u00e9s<\/a><\/p>\n<p><a href=\"https:\/\/www.knowledgebaseltd.eu\/wp-content\/uploads\/2021\/03\/Legszennyezesi-tenyezok.pptx\" class=\"mtli_attachment mtli_pptx\" data-mtli=\"mtli_filesize323MB\">L\u00e9gszennyez\u00e9si-t\u00e9nyez\u0151k<\/a><\/p>\n<style type=\"text\/css\">a[data-mtli~=\"mtli_filesize1594kB\"]:after {content:\" (15.94 kB)\"}a[data-mtli~=\"mtli_filesize1721kB\"]:after {content:\" (17.21 kB)\"}a[data-mtli~=\"mtli_filesize5392kB\"]:after {content:\" (53.92 kB)\"}a[data-mtli~=\"mtli_filesize1305kB\"]:after {content:\" (13.05 kB)\"}a[data-mtli~=\"mtli_filesize99443kB\"]:after {content:\" (994.43 kB)\"}a[data-mtli~=\"mtli_filesize323MB\"]:after {content:\" (3.23 MB)\"}<\/style>","protected":false},"excerpt":{"rendered":"<p>40-t\u00e9ny-a-k\u00f6rnyezetszennyez\u00e9sr\u0151l-40-facts-on-air-pollution A-l\u00e9gszennyez\u00e9s-hat\u00e1sai Legtiszt\u00e1bb_leveg\u0151j\u0171_orsz\u00e1gok Figyelmeztet\u00e9sek L\u00e9gszennyez\u00e9s L\u00e9gszennyez\u00e9si-t\u00e9nyez\u0151k<\/p>\n","protected":false},"author":1,"featured_media":0,"parent":64,"menu_order":7,"comment_status":"closed","ping_status":"closed","template":"","meta":[],"_links":{"self":[{"href":"https:\/\/www.knowledgebaseltd.eu\/wp-json\/wp\/v2\/pages\/488"}],"collection":[{"href":"https:\/\/www.knowledgebaseltd.eu\/wp-json\/wp\/v2\/pages"}],"about":[{"href":"https:\/\/www.knowledgebaseltd.eu\/wp-json\/wp\/v2\/types\/page"}],"author":[{"embeddable":true,"href":"https:\/\/www.knowledgebaseltd.eu\/wp-json\/wp\/v2\/users\/1"}],"replies":[{"embeddable":true,"href":"https:\/\/www.knowledgebaseltd.eu\/wp-json\/wp\/v2\/comments?post=488"}],"version-history":[{"count":5,"href":"https:\/\/www.knowledgebaseltd.eu\/wp-json\/wp\/v2\/pages\/488\/revisions"}],"predecessor-version":[{"id":1464,"href":"https:\/\/www.knowledgebaseltd.eu\/wp-json\/wp\/v2\/pages\/488\/revisions\/1464"}],"up":[{"embeddable":true,"href":"https:\/\/www.knowledgebaseltd.eu\/wp-json\/wp\/v2\/pages\/64"}],"wp:attachment":[{"href":"https:\/\/www.knowledgebaseltd.eu\/wp-json\/wp\/v2\/media?parent=488"}],"curies":[{"name":"wp","href":"https:\/\/api.w.org\/{rel}","templated":true}]}}