{"id":486,"date":"2019-04-02T13:05:43","date_gmt":"2019-04-02T12:05:43","guid":{"rendered":"https:\/\/www.knowledgebaseltd.eu\/project-topics-and-products\/global-problems-nature\/hungarian\/hungarian1\/"},"modified":"2021-03-29T18:33:25","modified_gmt":"2021-03-29T17:33:25","slug":"hungarian1","status":"publish","type":"page","link":"https:\/\/www.knowledgebaseltd.eu\/project-topics-and-products\/global-problems-nature\/hungarian\/hungarian1\/","title":{"rendered":"Biodiverzit\u00e1s"},"content":{"rendered":"<table class=\" aligncenter\">\n<tbody>\n<tr>\n<td style=\"width: 228px; text-align: left; vertical-align: middle;\">1. A biodiverztit\u00e1s fogalma, t\u00edpusai<\/td>\n<td style=\"width: 650px;\"><a href=\"https:\/\/www.knowledgebaseltd.eu\/wp-content\/uploads\/2019\/04\/1._biodiverzitas.pptx\" class=\"mtli_attachment mtli_pptx\" data-mtli=\"mtli_filesize49232kB\">1._biodiverzitas<\/a><\/p>\n<p><a href=\"https:\/\/www.knowledgebaseltd.eu\/wp-content\/uploads\/2019\/04\/1.-Biodiverzit\u00e1s-sz\u00f6veg.docx\" class=\"mtli_attachment mtli_docx\" data-mtli=\"mtli_filesize1586kB\">1.-Biodiverzit\u00e1s-sz\u00f6veg<\/a><\/td>\n<\/tr>\n<tr>\n<td style=\"width: 228px; vertical-align: middle;\">2. A Ri\u00f3-i egyezm\u00e9ny<\/td>\n<td style=\"width: 650px;\"><a href=\"https:\/\/www.knowledgebaseltd.eu\/wp-content\/uploads\/2019\/04\/2.-A-Ri\u00f3i-egyezm\u00e9ny.pptx\" class=\"mtli_attachment mtli_pptx\" data-mtli=\"mtli_filesize81662kB\">2.-A-Ri\u00f3i-egyezm\u00e9ny<\/a><\/p>\n<p><a href=\"https:\/\/www.knowledgebaseltd.eu\/wp-content\/uploads\/2019\/04\/2-Ri\u00f3i-egyezm\u00e9ny.docx\" class=\"mtli_attachment mtli_docx\" data-mtli=\"mtli_filesize1818kB\">2-Ri\u00f3i-egyezm\u00e9ny<\/a><\/p>\n<p><a href=\"https:\/\/www.knowledgebaseltd.eu\/wp-content\/uploads\/2019\/05\/2.Rio-i_konferencia-feladatok.docx\" class=\"mtli_attachment mtli_docx\" data-mtli=\"mtli_filesize1638kB\">2.Rio-i_konferencia-feladatok<\/a><\/p>\n<p><a href=\"https:\/\/www.knowledgebaseltd.eu\/wp-content\/uploads\/2019\/05\/2.Rio-i_konferencia-feladat-megold\u00e1s.docx\" class=\"mtli_attachment mtli_docx\" data-mtli=\"mtli_filesize1562kB\">2.Rio-i_konferencia-feladat-megold\u00e1s<\/a><\/td>\n<\/tr>\n<tr>\n<td style=\"width: 228px; vertical-align: middle;\">3. Az es\u0151erd\u0151k\/monszunerd\u0151k pusztul\u00e1sa<\/td>\n<td style=\"width: 650px;\"><a href=\"https:\/\/www.knowledgebaseltd.eu\/wp-content\/uploads\/2019\/04\/3.-globalis_problemak_es\u0151erd\u0151k.pptx\" class=\"mtli_attachment mtli_pptx\" data-mtli=\"mtli_filesize1048MB\">3.-globalis_problemak_es\u0151erd\u0151k<\/a><\/p>\n<p><a href=\"https:\/\/www.knowledgebaseltd.eu\/wp-content\/uploads\/2019\/04\/3.-Glob\u00e1lis-probl\u00e9m\u00e1k_es\u0151erd\u0151k.docx\" class=\"mtli_attachment mtli_docx\" data-mtli=\"mtli_filesize1524kB\">3.-Glob\u00e1lis-probl\u00e9m\u00e1k_es\u0151erd\u0151k<\/a><\/td>\n<\/tr>\n<tr>\n<td style=\"width: 228px; vertical-align: middle;\">4. A RAMSARI-egyezm\u00e9ny<\/td>\n<td style=\"width: 650px;\"><a href=\"https:\/\/www.knowledgebaseltd.eu\/wp-content\/uploads\/2019\/04\/4-RAMSARI_egyezm\u00e9ny.odp\" class=\"mtli_attachment mtli_odp\" data-mtli=\"mtli_filesize6654kB\">4-RAMSARI_egyezm\u00e9ny<\/a><\/p>\n<p><a href=\"https:\/\/www.knowledgebaseltd.eu\/wp-content\/uploads\/2019\/04\/4.RAMSAR-i-egyezm\u00e9ny-feladat.docx\" class=\"mtli_attachment mtli_docx\" data-mtli=\"mtli_filesize1567kB\">4.RAMSAR-i-egyezm\u00e9ny-feladat<\/a><\/td>\n<\/tr>\n<tr>\n<td style=\"width: 228px; vertical-align: middle;\">5. A CITES \u2013 egyezm\u00e9ny<\/td>\n<td style=\"width: 650px;\"><a href=\"https:\/\/www.knowledgebaseltd.eu\/wp-content\/uploads\/2019\/04\/5.Nemzetk\u00f6zi-biodiverzit\u00e1s-meg\u0151rz\u00e9sre-t\u00f6rekv\u0151-egyezm\u00e9nyek.pptx\" class=\"mtli_attachment mtli_pptx\" data-mtli=\"mtli_filesize126MB\">5.Nemzetk\u00f6zi-biodiverzit\u00e1s-meg\u0151rz\u00e9sre-t\u00f6rekv\u0151-egyezm\u00e9nyek<\/a><\/p>\n<p><a style=\"font-size: 14px;\" href=\"https:\/\/www.knowledgebaseltd.eu\/wp-content\/uploads\/2019\/04\/5.nemzetk\u00f6zi_egyezm\u00e9nyek-feladat.docx\" class=\"mtli_attachment mtli_docx\" data-mtli=\"mtli_filesize1272kB\">5.nemzetk\u00f6zi_egyezm\u00e9nyek-feladat<\/a><\/p>\n<p><a style=\"font-size: 14px;\" href=\"https:\/\/www.knowledgebaseltd.eu\/wp-content\/uploads\/2019\/04\/5.nemzetk\u00f6zi_egyezm\u00e9nyek_PPTsz\u00f6veg.docx\" class=\"mtli_attachment mtli_docx\" data-mtli=\"mtli_filesize2302kB\">5.nemzetk\u00f6zi_egyezm\u00e9nyek_PPTsz\u00f6veg<\/a><\/td>\n<\/tr>\n<tr>\n<td style=\"width: 228px; vertical-align: middle;\">6. A NATURA 2000 \u2013 egyezm\u00e9ny<\/td>\n<td style=\"width: 650px;\"><a href=\"https:\/\/www.knowledgebaseltd.eu\/wp-content\/uploads\/2019\/04\/6.-Natura_2000_egyezmeny.rtf\" class=\"mtli_attachment mtli_rtf\" data-mtli=\"mtli_filesize3906kB\">6.-Natura_2000_egyezmeny<\/a><\/p>\n<p><a href=\"https:\/\/www.knowledgebaseltd.eu\/wp-content\/uploads\/2019\/05\/6.Natura_2000_magyar.pptx\" class=\"mtli_attachment mtli_pptx\" data-mtli=\"mtli_filesize294MB\">6.Natura_2000_magyar<\/a><\/td>\n<\/tr>\n<tr>\n<td style=\"width: 228px; vertical-align: middle;\">7. A fajok (k\u00f6zvetlen) v\u00e9delme<\/td>\n<td style=\"width: 650px;\"><a href=\"https:\/\/www.knowledgebaseltd.eu\/wp-content\/uploads\/2019\/04\/7.-fajok_vedelme.docx\" class=\"mtli_attachment mtli_docx\" data-mtli=\"mtli_filesize1568kB\">7.-fajok_vedelme<\/a><\/p>\n<p><a href=\"https:\/\/www.knowledgebaseltd.eu\/wp-content\/uploads\/2019\/04\/7.-V\u00e9dett_fajok.pptx\" class=\"mtli_attachment mtli_pptx\" data-mtli=\"mtli_filesize104MB\">7.-V\u00e9dett_fajok<\/a><\/td>\n<\/tr>\n<tr>\n<td style=\"width: 228px; vertical-align: middle;\">8. Az \u00e9l\u0151helyek v\u00e9delme<\/td>\n<td style=\"width: 650px;\"><a href=\"https:\/\/www.knowledgebaseltd.eu\/wp-content\/uploads\/2019\/05\/8.\u00e9l\u0151helyek_v\u00e9delme.docx\" class=\"mtli_attachment mtli_docx\" data-mtli=\"mtli_filesize1382kB\">8.\u00e9l\u0151helyek_v\u00e9delme<\/a><\/p>\n<p><a href=\"https:\/\/www.knowledgebaseltd.eu\/wp-content\/uploads\/2019\/05\/8.\u00e9l\u0151helyek-v\u00e9delme-feladat.docx\" class=\"mtli_attachment mtli_docx\" data-mtli=\"mtli_filesize1448kB\">8.\u00e9l\u0151helyek-v\u00e9delme-feladat<\/a><\/p>\n<p><a href=\"https:\/\/www.knowledgebaseltd.eu\/wp-content\/uploads\/2021\/03\/Elohelyek-vedelme.pptx\" class=\"mtli_attachment mtli_pptx\" data-mtli=\"mtli_filesize484MB\">\u00c9l\u0151helyek-v\u00e9delme<\/a><\/td>\n<\/tr>\n<\/tbody>\n<\/table>\n<style type=\"text\/css\">a[data-mtli~=\"mtli_filesize49232kB\"]:after {content:\" (492.32 kB)\"}a[data-mtli~=\"mtli_filesize1586kB\"]:after {content:\" (15.86 kB)\"}a[data-mtli~=\"mtli_filesize81662kB\"]:after {content:\" (816.62 kB)\"}a[data-mtli~=\"mtli_filesize1818kB\"]:after {content:\" (18.18 kB)\"}a[data-mtli~=\"mtli_filesize1638kB\"]:after {content:\" (16.38 kB)\"}a[data-mtli~=\"mtli_filesize1562kB\"]:after {content:\" (15.62 kB)\"}a[data-mtli~=\"mtli_filesize1048MB\"]:after {content:\" (10.48 MB)\"}a[data-mtli~=\"mtli_filesize1524kB\"]:after {content:\" (15.24 kB)\"}a[data-mtli~=\"mtli_filesize6654kB\"]:after {content:\" (66.54 kB)\"}a[data-mtli~=\"mtli_filesize1567kB\"]:after {content:\" (15.67 kB)\"}a[data-mtli~=\"mtli_filesize126MB\"]:after {content:\" (1.26 MB)\"}a[data-mtli~=\"mtli_filesize1272kB\"]:after {content:\" (12.72 kB)\"}a[data-mtli~=\"mtli_filesize2302kB\"]:after {content:\" (23.02 kB)\"}a[data-mtli~=\"mtli_filesize3906kB\"]:after {content:\" (39.06 kB)\"}a[data-mtli~=\"mtli_filesize294MB\"]:after {content:\" (2.94 MB)\"}a[data-mtli~=\"mtli_filesize1568kB\"]:after {content:\" (15.68 kB)\"}a[data-mtli~=\"mtli_filesize104MB\"]:after {content:\" (1.04 MB)\"}a[data-mtli~=\"mtli_filesize1382kB\"]:after {content:\" (13.82 kB)\"}a[data-mtli~=\"mtli_filesize1448kB\"]:after {content:\" (14.48 kB)\"}a[data-mtli~=\"mtli_filesize484MB\"]:after {content:\" (4.84 MB)\"}<\/style>","protected":false},"excerpt":{"rendered":"<p>1. A biodiverztit\u00e1s fogalma, t\u00edpusai 1._biodiverzitas 1.-Biodiverzit\u00e1s-sz\u00f6veg 2. A Ri\u00f3-i egyezm\u00e9ny 2.-A-Ri\u00f3i-egyezm\u00e9ny 2-Ri\u00f3i-egyezm\u00e9ny 2.Rio-i_konferencia-feladatok 2.Rio-i_konferencia-feladat-megold\u00e1s 3. Az es\u0151erd\u0151k\/monszunerd\u0151k pusztul\u00e1sa 3.-globalis_problemak_es\u0151erd\u0151k 3.-Glob\u00e1lis-probl\u00e9m\u00e1k_es\u0151erd\u0151k 4. A RAMSARI-egyezm\u00e9ny 4-RAMSARI_egyezm\u00e9ny 4.RAMSAR-i-egyezm\u00e9ny-feladat 5. A CITES \u2013 egyezm\u00e9ny 5.Nemzetk\u00f6zi-biodiverzit\u00e1s-meg\u0151rz\u00e9sre-t\u00f6rekv\u0151-egyezm\u00e9nyek 5.nemzetk\u00f6zi_egyezm\u00e9nyek-feladat 5.nemzetk\u00f6zi_egyezm\u00e9nyek_PPTsz\u00f6veg 6. A NATURA 2000 \u2013 egyezm\u00e9ny&hellip; <\/p>\n","protected":false},"author":1,"featured_media":0,"parent":64,"menu_order":5,"comment_status":"closed","ping_status":"closed","template":"","meta":[],"_links":{"self":[{"href":"https:\/\/www.knowledgebaseltd.eu\/wp-json\/wp\/v2\/pages\/486"}],"collection":[{"href":"https:\/\/www.knowledgebaseltd.eu\/wp-json\/wp\/v2\/pages"}],"about":[{"href":"https:\/\/www.knowledgebaseltd.eu\/wp-json\/wp\/v2\/types\/page"}],"author":[{"embeddable":true,"href":"https:\/\/www.knowledgebaseltd.eu\/wp-json\/wp\/v2\/users\/1"}],"replies":[{"embeddable":true,"href":"https:\/\/www.knowledgebaseltd.eu\/wp-json\/wp\/v2\/comments?post=486"}],"version-history":[{"count":9,"href":"https:\/\/www.knowledgebaseltd.eu\/wp-json\/wp\/v2\/pages\/486\/revisions"}],"predecessor-version":[{"id":1460,"href":"https:\/\/www.knowledgebaseltd.eu\/wp-json\/wp\/v2\/pages\/486\/revisions\/1460"}],"up":[{"embeddable":true,"href":"https:\/\/www.knowledgebaseltd.eu\/wp-json\/wp\/v2\/pages\/64"}],"wp:attachment":[{"href":"https:\/\/www.knowledgebaseltd.eu\/wp-json\/wp\/v2\/media?parent=486"}],"curies":[{"name":"wp","href":"https:\/\/api.w.org\/{rel}","templated":true}]}}