{"id":46,"date":"2019-01-05T18:02:10","date_gmt":"2019-01-05T17:02:10","guid":{"rendered":"http:\/\/www.knowledgebaseltd.eu\/?page_id=46"},"modified":"2021-07-06T09:01:36","modified_gmt":"2021-07-06T08:01:36","slug":"other-products","status":"publish","type":"page","link":"https:\/\/www.knowledgebaseltd.eu\/meetings\/croatia\/other-products\/","title":{"rendered":"Other products"},"content":{"rendered":"<p><a href=\"https:\/\/drive.google.com\/file\/d\/1wOY1_sR9b_CKAbTx1kuuWDvGHmbkqKry\/view?usp=sharing\">Promotion of our school<\/a><\/p>\n<p><a href=\"https:\/\/drive.google.com\/file\/d\/1s9ZyWdKy_kTULuhdj2PTWbGEQTP3jdAo\/view?usp=sharing\">My town<\/a><\/p>\n<p><a href=\"https:\/\/drive.google.com\/file\/d\/1-70wTP8xEevDFUOfRm4MlQ-CP8XVtluT\/view?usp=sharing\">My country<\/a><\/p>\n<p><a href=\"https:\/\/drive.google.com\/file\/d\/1nAKjr0lPAiHObZGMu7RAVH6-PGBqQgqz\/view?usp=sharing\">Visiting class &#8211; Geodetic survey<\/a><\/p>\n<p><a href=\"https:\/\/www.knowledgebaseltd.eu\/wp-content\/uploads\/2021\/07\/Organisation-of-the-Education-System-and-of-its-Structure.pptx\" class=\"mtli_attachment mtli_pptx\" data-mtli=\"mtli_filesize171MB\">Organisation of the Education System and of its Structure<\/a><\/p>\n<p><a href=\"https:\/\/www.knowledgebaseltd.eu\/wp-content\/uploads\/2021\/07\/FINANCIAL-AWARENESS.pptx\" class=\"mtli_attachment mtli_pptx\" data-mtli=\"mtli_filesize200MB\">FINANCIAL AWARENESS<\/a><\/p>\n<p><a href=\"https:\/\/www.knowledgebaseltd.eu\/wp-content\/uploads\/2021\/07\/consumption-log-group-work.docx\" class=\"mtli_attachment mtli_docx\" data-mtli=\"mtli_filesize2327kB\">consumption log &#8211; group work<\/a><\/p>\n<p>DIGITAL GUIDEBOOKS:<\/p>\n<table style=\"border-collapse: collapse; width: 100%;\">\n<tbody>\n<tr>\n<td style=\"width: 50%;\">IVANA BRLI\u0106 MA\u017dURANI\u0106<\/td>\n<td style=\"width: 50%;\"><a href=\"https:\/\/drive.google.com\/file\/d\/1s3z5SyAPpxiWJV9LxFgkKoQkakcnYL4v\/view?usp=sharing\">GROUP 1<\/a><\/td>\n<\/tr>\n<tr>\n<td style=\"width: 50%;\">DRAGUTIN TADIJANOVI\u0106<\/td>\n<td style=\"width: 50%;\"><a href=\"https:\/\/prezi.com\/view\/asLICaKmoPZZzAVaFrYo\/\">GROUP 2<\/a><\/td>\n<\/tr>\n<tr>\n<td style=\"width: 50%;\">\u0110URO \u0110AKOVI\u0106 FACTORY<\/td>\n<td style=\"width: 50%;\"><a href=\"https:\/\/drive.google.com\/file\/d\/1T2o3ez4PzQuVlwUxEccqxRjTT3wzqG1S\/view?usp=sharing\">GROUP 3<\/a><\/td>\n<\/tr>\n<tr>\n<td style=\"width: 50%;\">CROATIAN TALES OF LONG AGO<\/td>\n<td style=\"width: 50%;\"><a href=\"https:\/\/drive.google.com\/file\/d\/1RT3EmN0OgU0F_fvEAUinQRDf-CeZW07t\/view?usp=sharing\">GROUP 4<\/a><\/td>\n<\/tr>\n<tr>\n<td style=\"width: 50%;\">MALENA AND KLEPETAN &#8211; LOVE STORY<\/td>\n<td style=\"width: 50%;\"><a href=\"https:\/\/drive.google.com\/file\/d\/1oWq0gWY2aN80nU8fpKQlAEwYx-SC4vTK\/view?usp=sharing\">GROUP 5<\/a><\/td>\n<\/tr>\n<tr>\n<td style=\"width: 50%;\">THE BROD FORTRESS<\/td>\n<td style=\"width: 50%;\"><a href=\"https:\/\/prezi.com\/view\/jLTw7fvu2DLu7dmGVrG4\/\">GROUP 6<\/a><\/td>\n<\/tr>\n<tr>\n<td style=\"width: 50%;\">SAVA &#8211; RIVER IN MY TOWN<\/td>\n<td style=\"width: 50%;\"><a href=\"https:\/\/prezi.com\/view\/wjc8kmuf9GKYmWQcyrYV\/\">GROUP 7<\/a><\/td>\n<\/tr>\n<tr>\n<td style=\"width: 50%;\">OUTING SPOTS AROUND SLAVONSKI BROD<\/td>\n<td style=\"width: 50%;\"><a href=\"https:\/\/drive.google.com\/file\/d\/1mNuTpfOzLYvacJRICI1SckrXbmMY0xGJ\/view?usp=sharing\">GROUP 8<\/a><\/td>\n<\/tr>\n<\/tbody>\n<\/table>\n<p>&nbsp;<\/p>\n<p><a href=\"https:\/\/drive.google.com\/file\/d\/13yVjODR1vfbo6-0RiFuspYtOD5zWtWaL\/view?usp=sharing\">CROATIAN LANGUAGE COURSE<\/a><\/p>\n<p>&nbsp;<\/p>\n<style type=\"text\/css\">a[data-mtli~=\"mtli_filesize171MB\"]:after {content:\" (1.71 MB)\"}a[data-mtli~=\"mtli_filesize200MB\"]:after {content:\" (2.00 MB)\"}a[data-mtli~=\"mtli_filesize2327kB\"]:after {content:\" (23.27 kB)\"}<\/style>","protected":false},"excerpt":{"rendered":"<p>Promotion of our school My town My country Visiting class &#8211; Geodetic survey Organisation of the Education System and of its Structure FINANCIAL AWARENESS consumption log &#8211; group work DIGITAL GUIDEBOOKS: IVANA BRLI\u0106 MA\u017dURANI\u0106 GROUP 1 DRAGUTIN TADIJANOVI\u0106 GROUP 2&hellip; <\/p>\n","protected":false},"author":1,"featured_media":0,"parent":28,"menu_order":1,"comment_status":"closed","ping_status":"closed","template":"","meta":[],"_links":{"self":[{"href":"https:\/\/www.knowledgebaseltd.eu\/wp-json\/wp\/v2\/pages\/46"}],"collection":[{"href":"https:\/\/www.knowledgebaseltd.eu\/wp-json\/wp\/v2\/pages"}],"about":[{"href":"https:\/\/www.knowledgebaseltd.eu\/wp-json\/wp\/v2\/types\/page"}],"author":[{"embeddable":true,"href":"https:\/\/www.knowledgebaseltd.eu\/wp-json\/wp\/v2\/users\/1"}],"replies":[{"embeddable":true,"href":"https:\/\/www.knowledgebaseltd.eu\/wp-json\/wp\/v2\/comments?post=46"}],"version-history":[{"count":21,"href":"https:\/\/www.knowledgebaseltd.eu\/wp-json\/wp\/v2\/pages\/46\/revisions"}],"predecessor-version":[{"id":1623,"href":"https:\/\/www.knowledgebaseltd.eu\/wp-json\/wp\/v2\/pages\/46\/revisions\/1623"}],"up":[{"embeddable":true,"href":"https:\/\/www.knowledgebaseltd.eu\/wp-json\/wp\/v2\/pages\/28"}],"wp:attachment":[{"href":"https:\/\/www.knowledgebaseltd.eu\/wp-json\/wp\/v2\/media?parent=46"}],"curies":[{"name":"wp","href":"https:\/\/api.w.org\/{rel}","templated":true}]}}