{"id":436,"date":"2019-03-20T12:52:19","date_gmt":"2019-03-20T11:52:19","guid":{"rendered":"https:\/\/www.knowledgebaseltd.eu\/?page_id=436"},"modified":"2019-11-11T23:00:59","modified_gmt":"2019-11-11T22:00:59","slug":"croatian4","status":"publish","type":"page","link":"https:\/\/www.knowledgebaseltd.eu\/project-topics-and-products\/the-european-union\/croatian\/croatian4\/","title":{"rendered":"Financijski sustav europske unije"},"content":{"rendered":"<p>&nbsp;<\/p>\n<table>\n<tbody>\n<tr>\n<td>1 Ma\u0111arska forinta<\/td>\n<td><a href=\"https:\/\/www.knowledgebaseltd.eu\/wp-content\/uploads\/2019\/11\/Ma\u0111arska-forinta.docx\" class=\"mtli_attachment mtli_docx\" data-mtli=\"mtli_filesize23085kB\">Ma\u0111arska forinta<\/a><\/p>\n<p><a href=\"https:\/\/www.knowledgebaseltd.eu\/wp-content\/uploads\/2019\/11\/Ma\u0111arska-forinta.pptx\" class=\"mtli_attachment mtli_pptx\" data-mtli=\"mtli_filesize400MB\">Ma\u0111arska forinta<\/a><\/p>\n<p><a href=\"https:\/\/www.knowledgebaseltd.eu\/wp-content\/uploads\/2019\/11\/Ma\u0111arska-forinta-zadatak.docx\" class=\"mtli_attachment mtli_docx\" data-mtli=\"mtli_filesize1463kB\">Ma\u0111arska forinta zadatak<\/a><\/p>\n<p><a href=\"https:\/\/www.knowledgebaseltd.eu\/wp-content\/uploads\/2019\/11\/Nov\u010danice-kovanice-sigurnosne_zna\u010dajke-i-simboli.pptx\" class=\"mtli_attachment mtli_pptx\" data-mtli=\"mtli_filesize549MB\">Nov\u010danice-kovanice-sigurnosne_zna\u010dajke-i-simboli<\/a><\/p>\n<p><a href=\"https:\/\/www.knowledgebaseltd.eu\/wp-content\/uploads\/2019\/11\/Nov\u010danice.docx\" class=\"mtli_attachment mtli_docx\" data-mtli=\"mtli_filesize1410kB\">Nov\u010danice<\/a><\/p>\n<p><a href=\"https:\/\/www.knowledgebaseltd.eu\/wp-content\/uploads\/2019\/11\/Pogodi-nov\u010danicu.docx\" class=\"mtli_attachment mtli_docx\" data-mtli=\"mtli_filesize1119kB\">Pogodi nov\u010danicu<\/a><\/td>\n<\/tr>\n<tr>\n<td>2.Prora\u010dun Europske unije<\/td>\n<td><a href=\"https:\/\/www.knowledgebaseltd.eu\/wp-content\/uploads\/2019\/11\/Prora\u010dun-EU.docx\" class=\"mtli_attachment mtli_docx\" data-mtli=\"mtli_filesize1941kB\">Prora\u010dun EU<\/a><\/p>\n<p><a href=\"https:\/\/www.knowledgebaseltd.eu\/wp-content\/uploads\/2019\/11\/Prora\u010dun-EU.pptx\" class=\"mtli_attachment mtli_pptx\" data-mtli=\"mtli_filesize63925kB\">Prora\u010dun EU<\/a><\/td>\n<\/tr>\n<\/tbody>\n<\/table>\n<table>\n<tbody>\n<tr>\n<td>\u00a03. Ku\u0107ni prora\u010dun<\/td>\n<td><a href=\"https:\/\/www.knowledgebaseltd.eu\/wp-content\/uploads\/2019\/11\/ku\u0107ni-prora\u010dun.docx\" class=\"mtli_attachment mtli_docx\" data-mtli=\"mtli_filesize1442kB\">ku\u0107ni prora\u010dun<\/a><\/td>\n<\/tr>\n<tr>\n<td>4. Natje\u010daji u Eurospkoj uniji<\/td>\n<td><a href=\"https:\/\/www.knowledgebaseltd.eu\/wp-content\/uploads\/2019\/11\/Europske-natje\u010dajne-mogu\u0107nosti-za-ku\u0107anstva.docx\" class=\"mtli_attachment mtli_docx\" data-mtli=\"mtli_filesize1335kB\">Europske natje\u010dajne mogu\u0107nosti za ku\u0107anstva<\/a><\/td>\n<\/tr>\n<tr>\n<td>5. Euro<\/td>\n<td><a href=\"https:\/\/www.knowledgebaseltd.eu\/wp-content\/uploads\/2019\/11\/Uvo\u0111enje-euera-test.docx\" class=\"mtli_attachment mtli_docx\" data-mtli=\"mtli_filesize1286kB\">Uvo\u0111enje eura test<\/a><\/p>\n<p><a href=\"https:\/\/www.knowledgebaseltd.eu\/wp-content\/uploads\/2019\/11\/Uvo\u0111enje-eura.docx\" class=\"mtli_attachment mtli_docx\" data-mtli=\"mtli_filesize1437kB\">Uvo\u0111enje eura<\/a><\/p>\n<p><a href=\"https:\/\/www.knowledgebaseltd.eu\/wp-content\/uploads\/2019\/11\/Uvo\u0111enje-eura.pptx\" class=\"mtli_attachment mtli_pptx\" data-mtli=\"mtli_filesize48645kB\">Uvo\u0111enje eura<\/a><\/td>\n<\/tr>\n<tr>\n<td>6. Ekonomske intervencije<\/td>\n<td><a href=\"https:\/\/www.knowledgebaseltd.eu\/wp-content\/uploads\/2019\/11\/Ekonomska-kriza-2008.docx\" class=\"mtli_attachment mtli_docx\" data-mtli=\"mtli_filesize1292kB\">Ekonomska kriza 2008<\/a><\/p>\n<p><a href=\"https:\/\/www.knowledgebaseltd.eu\/wp-content\/uploads\/2019\/11\/Ekonomska-kriza-2008.pptx\" class=\"mtli_attachment mtli_pptx\" data-mtli=\"mtli_filesize69954kB\">Ekonomska kriza 2008<\/a><\/p>\n<p><a href=\"https:\/\/www.knowledgebaseltd.eu\/wp-content\/uploads\/2019\/11\/politika-tr\u017ei\u0161nog-natjecanja.pptx\" class=\"mtli_attachment mtli_pptx\" data-mtli=\"mtli_filesize89875kB\">politika tr\u017ei\u0161nog natjecanja<\/a><\/p>\n<p><a href=\"https:\/\/www.knowledgebaseltd.eu\/wp-content\/uploads\/2019\/11\/kriza-2008-zadatak.docx\" class=\"mtli_attachment mtli_docx\" data-mtli=\"mtli_filesize1245kB\">kriza 2008 zadatak<\/a><\/p>\n<p><a href=\"https:\/\/www.knowledgebaseltd.eu\/wp-content\/uploads\/2019\/11\/kriza-2008-rje\u0161enje-zadatka.docx\" class=\"mtli_attachment mtli_docx\" data-mtli=\"mtli_filesize1259kB\">kriza 2008 rje\u0161enje zadatka<\/a><\/td>\n<\/tr>\n<tr>\n<td>7. Carina<\/td>\n<td><a href=\"https:\/\/www.knowledgebaseltd.eu\/wp-content\/uploads\/2019\/11\/Carina.pptx\" class=\"mtli_attachment mtli_pptx\" data-mtli=\"mtli_filesize58632kB\">Carina<\/a><\/p>\n<p><a href=\"https:\/\/www.knowledgebaseltd.eu\/wp-content\/uploads\/2019\/11\/Carina.docx\" class=\"mtli_attachment mtli_docx\" data-mtli=\"mtli_filesize1579kB\">Carina<\/a><\/p>\n<p><a href=\"https:\/\/www.knowledgebaseltd.eu\/wp-content\/uploads\/2019\/11\/Carina-zadatak.docx\" class=\"mtli_attachment mtli_docx\" data-mtli=\"mtli_filesize1243kB\">Carina zadatak<\/a><\/p>\n<p><a href=\"https:\/\/www.knowledgebaseltd.eu\/wp-content\/uploads\/2019\/11\/carina-rje\u0161enje-zadatka.docx\" class=\"mtli_attachment mtli_docx\" data-mtli=\"mtli_filesize1447kB\">carina rje\u0161enje zadatka<\/a><\/td>\n<\/tr>\n<tr>\n<td>8. Zajedni\u010dko tr\u017ei\u0161te<\/td>\n<td><a href=\"https:\/\/www.knowledgebaseltd.eu\/wp-content\/uploads\/2019\/05\/Zajedni\u010dko-tr\u017ei\u0161te.docx\" class=\"mtli_attachment mtli_docx\" data-mtli=\"mtli_filesize1582kB\">Zajedni\u010dko tr\u017ei\u0161te<\/a><\/p>\n<p><a href=\"https:\/\/www.knowledgebaseltd.eu\/wp-content\/uploads\/2019\/05\/Zajedni\u010dko-tr\u017ei\u0161te.pptx\" class=\"mtli_attachment mtli_pptx\" data-mtli=\"mtli_filesize203MB\">Zajedni\u010dko tr\u017ei\u0161te<\/a><\/td>\n<\/tr>\n<tr>\n<td>9. Te\u010daj<\/td>\n<td><a href=\"https:\/\/www.knowledgebaseltd.eu\/wp-content\/uploads\/2019\/11\/te\u010daj.pptx\" class=\"mtli_attachment mtli_pptx\" data-mtli=\"mtli_filesize23383kB\">te\u010daj<\/a><\/p>\n<p><a href=\"https:\/\/www.knowledgebaseltd.eu\/wp-content\/uploads\/2019\/11\/Te\u010daj-zadatak.docx\" class=\"mtli_attachment mtli_docx\" data-mtli=\"mtli_filesize1267kB\">Te\u010daj zadatak<\/a><\/td>\n<\/tr>\n<tr>\n<td>10. Europska sredi\u0161nja banka<\/td>\n<td><a href=\"https:\/\/www.knowledgebaseltd.eu\/wp-content\/uploads\/2019\/11\/Centralna-europska-banka.pptx\" class=\"mtli_attachment mtli_pptx\" data-mtli=\"mtli_filesize142MB\">Centralna europska banka<\/a><\/p>\n<p><a href=\"https:\/\/www.knowledgebaseltd.eu\/wp-content\/uploads\/2019\/11\/Centralna-europska-banka.docx\" class=\"mtli_attachment mtli_docx\" data-mtli=\"mtli_filesize1587kB\">Centralna europska banka<\/a><\/p>\n<p><a href=\"https:\/\/www.knowledgebaseltd.eu\/wp-content\/uploads\/2019\/11\/European_Central_Bank_crossword_key.docx\" class=\"mtli_attachment mtli_docx\" data-mtli=\"mtli_filesize1330kB\">European_Central_Bank_crossword_key<\/a><\/td>\n<\/tr>\n<tr>\n<td>11. Za\u0161tita potro\u0161a\u010da<\/td>\n<td><a href=\"https:\/\/www.knowledgebaseltd.eu\/wp-content\/uploads\/2019\/11\/Politika-potro\u0161a\u010da-u-Europskoj-uniji.pptx\" class=\"mtli_attachment mtli_pptx\" data-mtli=\"mtli_filesize451MB\">Politika potro\u0161a\u010da u Europskoj uniji<\/a><\/p>\n<p><a href=\"https:\/\/www.knowledgebaseltd.eu\/wp-content\/uploads\/2019\/11\/Potro\u0161a\u010dka-politika-zadatak.docx\" class=\"mtli_attachment mtli_docx\" data-mtli=\"mtli_filesize1250kB\">Potro\u0161a\u010dka politika zadatak<\/a><\/td>\n<\/tr>\n<tr>\n<td>12. Inflacija<\/td>\n<td><a href=\"https:\/\/www.knowledgebaseltd.eu\/wp-content\/uploads\/2019\/11\/Inflacija.pptx\" class=\"mtli_attachment mtli_pptx\" data-mtli=\"mtli_filesize39696kB\">Inflacija<\/a><\/p>\n<p><a href=\"https:\/\/www.knowledgebaseltd.eu\/wp-content\/uploads\/2019\/11\/Inflacija.docx\" class=\"mtli_attachment mtli_docx\" data-mtli=\"mtli_filesize1458kB\">Inflacija<\/a><\/td>\n<\/tr>\n<\/tbody>\n<\/table>\n<style type=\"text\/css\">a[data-mtli~=\"mtli_filesize23085kB\"]:after {content:\" (230.85 kB)\"}a[data-mtli~=\"mtli_filesize400MB\"]:after {content:\" (4.00 MB)\"}a[data-mtli~=\"mtli_filesize1463kB\"]:after {content:\" (14.63 kB)\"}a[data-mtli~=\"mtli_filesize549MB\"]:after {content:\" (5.49 MB)\"}a[data-mtli~=\"mtli_filesize1410kB\"]:after {content:\" (14.10 kB)\"}a[data-mtli~=\"mtli_filesize1119kB\"]:after {content:\" (11.19 kB)\"}a[data-mtli~=\"mtli_filesize1941kB\"]:after {content:\" (19.41 kB)\"}a[data-mtli~=\"mtli_filesize63925kB\"]:after {content:\" (639.25 kB)\"}a[data-mtli~=\"mtli_filesize1442kB\"]:after {content:\" (14.42 kB)\"}a[data-mtli~=\"mtli_filesize1335kB\"]:after {content:\" (13.35 kB)\"}a[data-mtli~=\"mtli_filesize1286kB\"]:after {content:\" (12.86 kB)\"}a[data-mtli~=\"mtli_filesize1437kB\"]:after {content:\" (14.37 kB)\"}a[data-mtli~=\"mtli_filesize48645kB\"]:after {content:\" (486.45 kB)\"}a[data-mtli~=\"mtli_filesize1292kB\"]:after {content:\" (12.92 kB)\"}a[data-mtli~=\"mtli_filesize69954kB\"]:after {content:\" (699.54 kB)\"}a[data-mtli~=\"mtli_filesize89875kB\"]:after {content:\" (898.75 kB)\"}a[data-mtli~=\"mtli_filesize1245kB\"]:after {content:\" (12.45 kB)\"}a[data-mtli~=\"mtli_filesize1259kB\"]:after {content:\" (12.59 kB)\"}a[data-mtli~=\"mtli_filesize58632kB\"]:after {content:\" (586.32 kB)\"}a[data-mtli~=\"mtli_filesize1579kB\"]:after {content:\" (15.79 kB)\"}a[data-mtli~=\"mtli_filesize1243kB\"]:after {content:\" (12.43 kB)\"}a[data-mtli~=\"mtli_filesize1447kB\"]:after {content:\" (14.47 kB)\"}a[data-mtli~=\"mtli_filesize1582kB\"]:after {content:\" (15.82 kB)\"}a[data-mtli~=\"mtli_filesize203MB\"]:after {content:\" (2.03 MB)\"}a[data-mtli~=\"mtli_filesize23383kB\"]:after {content:\" (233.83 kB)\"}a[data-mtli~=\"mtli_filesize1267kB\"]:after {content:\" (12.67 kB)\"}a[data-mtli~=\"mtli_filesize142MB\"]:after {content:\" (1.42 MB)\"}a[data-mtli~=\"mtli_filesize1587kB\"]:after {content:\" (15.87 kB)\"}a[data-mtli~=\"mtli_filesize1330kB\"]:after {content:\" (13.30 kB)\"}a[data-mtli~=\"mtli_filesize451MB\"]:after {content:\" (4.51 MB)\"}a[data-mtli~=\"mtli_filesize1250kB\"]:after {content:\" (12.50 kB)\"}a[data-mtli~=\"mtli_filesize39696kB\"]:after {content:\" (396.96 kB)\"}a[data-mtli~=\"mtli_filesize1458kB\"]:after {content:\" (14.58 kB)\"}<\/style>","protected":false},"excerpt":{"rendered":"<p>&nbsp; 1 Ma\u0111arska forinta Ma\u0111arska forinta Ma\u0111arska forinta Ma\u0111arska forinta zadatak Nov\u010danice-kovanice-sigurnosne_zna\u010dajke-i-simboli Nov\u010danice Pogodi nov\u010danicu 2.Prora\u010dun Europske unije Prora\u010dun EU Prora\u010dun EU \u00a03. Ku\u0107ni prora\u010dun ku\u0107ni prora\u010dun 4. Natje\u010daji u Eurospkoj uniji Europske natje\u010dajne mogu\u0107nosti za ku\u0107anstva 5. Euro Uvo\u0111enje&hellip; <\/p>\n","protected":false},"author":1,"featured_media":0,"parent":58,"menu_order":3,"comment_status":"closed","ping_status":"closed","template":"","meta":[],"_links":{"self":[{"href":"https:\/\/www.knowledgebaseltd.eu\/wp-json\/wp\/v2\/pages\/436"}],"collection":[{"href":"https:\/\/www.knowledgebaseltd.eu\/wp-json\/wp\/v2\/pages"}],"about":[{"href":"https:\/\/www.knowledgebaseltd.eu\/wp-json\/wp\/v2\/types\/page"}],"author":[{"embeddable":true,"href":"https:\/\/www.knowledgebaseltd.eu\/wp-json\/wp\/v2\/users\/1"}],"replies":[{"embeddable":true,"href":"https:\/\/www.knowledgebaseltd.eu\/wp-json\/wp\/v2\/comments?post=436"}],"version-history":[{"count":24,"href":"https:\/\/www.knowledgebaseltd.eu\/wp-json\/wp\/v2\/pages\/436\/revisions"}],"predecessor-version":[{"id":1012,"href":"https:\/\/www.knowledgebaseltd.eu\/wp-json\/wp\/v2\/pages\/436\/revisions\/1012"}],"up":[{"embeddable":true,"href":"https:\/\/www.knowledgebaseltd.eu\/wp-json\/wp\/v2\/pages\/58"}],"wp:attachment":[{"href":"https:\/\/www.knowledgebaseltd.eu\/wp-json\/wp\/v2\/media?parent=436"}],"curies":[{"name":"wp","href":"https:\/\/api.w.org\/{rel}","templated":true}]}}