{"id":434,"date":"2019-03-20T12:52:03","date_gmt":"2019-03-20T11:52:03","guid":{"rendered":"https:\/\/www.knowledgebaseltd.eu\/?page_id=434"},"modified":"2021-01-17T18:41:47","modified_gmt":"2021-01-17T17:41:47","slug":"croatian3","status":"publish","type":"page","link":"https:\/\/www.knowledgebaseltd.eu\/project-topics-and-products\/the-european-union\/croatian\/croatian3\/","title":{"rendered":"Institucije europske unije"},"content":{"rendered":"<table style=\"border-collapse: collapse; width: 100%;\">\n<tbody>\n<tr>\n<td style=\"width: 50%;\">EUROPSKI SUD PRAVDE<\/td>\n<td style=\"width: 50%;\">https:\/\/drive.google.com\/file\/d\/1SqPJSkxqFxg59n4KAqHJ4hTLSJ4hezL-\/view<\/td>\n<\/tr>\n<tr>\n<td style=\"width: 50%;\">EUROPSKA SREDI\u0160NJA BANKA<\/td>\n<td style=\"width: 50%;\">https:\/\/en.actionbound.com\/bound\/Knowledgebase<\/td>\n<\/tr>\n<tr>\n<td style=\"width: 50%;\">EDPS &#8211; EUROPSKI NADZOR ZA ZA\u0160TITU PODATAKA<\/td>\n<td style=\"width: 50%;\"><a href=\"https:\/\/www.knowledgebaseltd.eu\/wp-content\/uploads\/2021\/01\/EDPS-Europski-nadzor-za-zastitu-podataka.ppt\" class=\"mtli_attachment mtli_ppt\" data-mtli=\"mtli_filesize66850kB\">EDPS &#8211; Europski nadzor za za\u0161titu podataka<\/a><\/td>\n<\/tr>\n<tr>\n<td style=\"width: 50%;\">ECA &#8211; EUROPSKI REVIZIJSKI SUD<\/td>\n<td style=\"width: 50%;\"><a href=\"https:\/\/www.knowledgebaseltd.eu\/wp-content\/uploads\/2020\/02\/EUROPSKI-REVIZIJSKI-SUD.pptx\" class=\"mtli_attachment mtli_pptx\" data-mtli=\"mtli_filesize182MB\">EUROPSKI REVIZIJSKI SUD<\/a><\/td>\n<\/tr>\n<tr>\n<td style=\"width: 50%;\">EEAS &#8211; EUROPSKA SLU\u017dBA ZA VANJSKO VREDNOVANJE<\/td>\n<td style=\"width: 50%;\"><a href=\"https:\/\/www.knowledgebaseltd.eu\/wp-content\/uploads\/2021\/01\/EEAS-Europska-sluzba-za-vanjsko-djelovanje.pptx\" class=\"mtli_attachment mtli_pptx\" data-mtli=\"mtli_filesize6438kB\">EEAS &#8211; Europska slu\u017eba za vanjsko djelovanje<\/a><\/td>\n<\/tr>\n<tr>\n<td style=\"width: 50%;\">EIB &#8211; EUROPSKA INVESTICIJSKA BANKA\u00a0 I EUROPSKI PU\u010cKI PRAVOBRANITELJ<\/td>\n<td style=\"width: 50%;\"><a href=\"https:\/\/www.knowledgebaseltd.eu\/wp-content\/uploads\/2021\/01\/EIB-Europska-investicijska-banka-i-europski-pucki-pravobranitelj.pptx\" class=\"mtli_attachment mtli_pptx\" data-mtli=\"mtli_filesize70463kB\">EIB-Europska investicijska banka i europski pu\u010dki pravobranitelj<\/a><\/p>\n<p>UPITNIK ZA PROVJERU: https:\/\/docs.google.com\/forms\/d\/1LSJichgGo9LIpo2I6eLvLh9kKA780IVlz73n5jwwdlw\/viewform?edit_requested=true<\/td>\n<\/tr>\n<tr>\n<td style=\"width: 50%;\">EUROPSKI PARLAMENT<\/td>\n<td style=\"width: 50%;\"><a href=\"https:\/\/www.knowledgebaseltd.eu\/wp-content\/uploads\/2021\/01\/Europski-parlament.pptx\" class=\"mtli_attachment mtli_pptx\" data-mtli=\"mtli_filesize27340kB\">Europski parlament<\/a><\/td>\n<\/tr>\n<tr>\n<td style=\"width: 50%;\">VIJE\u0106E EUROPSKE UNIJE<\/td>\n<td style=\"width: 50%;\"><a href=\"https:\/\/www.knowledgebaseltd.eu\/wp-content\/uploads\/2020\/02\/Vije\u0107e-Europske-unije.pptx\" class=\"mtli_attachment mtli_pptx\" data-mtli=\"mtli_filesize189MB\">Vije\u0107e Europske unije<\/a><\/td>\n<\/tr>\n<tr>\n<td style=\"width: 50%;\">EUROPSKO VIJE\u0106E<\/td>\n<td style=\"width: 50%;\"><a href=\"https:\/\/www.knowledgebaseltd.eu\/wp-content\/uploads\/2021\/01\/Europsko-vijece.pptx\" class=\"mtli_attachment mtli_pptx\" data-mtli=\"mtli_filesize610MB\">Europsko vije\u0107e<\/a><\/td>\n<\/tr>\n<tr>\n<td style=\"width: 50%;\"><\/td>\n<td style=\"width: 50%;\"><\/td>\n<\/tr>\n<\/tbody>\n<\/table>\n<style type=\"text\/css\">a[data-mtli~=\"mtli_filesize66850kB\"]:after {content:\" (668.50 kB)\"}a[data-mtli~=\"mtli_filesize182MB\"]:after {content:\" (1.82 MB)\"}a[data-mtli~=\"mtli_filesize6438kB\"]:after {content:\" (64.38 kB)\"}a[data-mtli~=\"mtli_filesize70463kB\"]:after {content:\" (704.63 kB)\"}a[data-mtli~=\"mtli_filesize27340kB\"]:after {content:\" (273.40 kB)\"}a[data-mtli~=\"mtli_filesize189MB\"]:after {content:\" (1.89 MB)\"}a[data-mtli~=\"mtli_filesize610MB\"]:after {content:\" (6.10 MB)\"}<\/style>","protected":false},"excerpt":{"rendered":"<p>EUROPSKI SUD PRAVDE https:\/\/drive.google.com\/file\/d\/1SqPJSkxqFxg59n4KAqHJ4hTLSJ4hezL-\/view EUROPSKA SREDI\u0160NJA BANKA https:\/\/en.actionbound.com\/bound\/Knowledgebase EDPS &#8211; EUROPSKI NADZOR ZA ZA\u0160TITU PODATAKA EDPS &#8211; Europski nadzor za za\u0161titu podataka ECA &#8211; EUROPSKI REVIZIJSKI SUD EUROPSKI REVIZIJSKI SUD EEAS &#8211; EUROPSKA SLU\u017dBA ZA VANJSKO VREDNOVANJE EEAS &#8211; Europska&hellip; <\/p>\n","protected":false},"author":1,"featured_media":0,"parent":58,"menu_order":2,"comment_status":"closed","ping_status":"closed","template":"","meta":[],"_links":{"self":[{"href":"https:\/\/www.knowledgebaseltd.eu\/wp-json\/wp\/v2\/pages\/434"}],"collection":[{"href":"https:\/\/www.knowledgebaseltd.eu\/wp-json\/wp\/v2\/pages"}],"about":[{"href":"https:\/\/www.knowledgebaseltd.eu\/wp-json\/wp\/v2\/types\/page"}],"author":[{"embeddable":true,"href":"https:\/\/www.knowledgebaseltd.eu\/wp-json\/wp\/v2\/users\/1"}],"replies":[{"embeddable":true,"href":"https:\/\/www.knowledgebaseltd.eu\/wp-json\/wp\/v2\/comments?post=434"}],"version-history":[{"count":14,"href":"https:\/\/www.knowledgebaseltd.eu\/wp-json\/wp\/v2\/pages\/434\/revisions"}],"predecessor-version":[{"id":1377,"href":"https:\/\/www.knowledgebaseltd.eu\/wp-json\/wp\/v2\/pages\/434\/revisions\/1377"}],"up":[{"embeddable":true,"href":"https:\/\/www.knowledgebaseltd.eu\/wp-json\/wp\/v2\/pages\/58"}],"wp:attachment":[{"href":"https:\/\/www.knowledgebaseltd.eu\/wp-json\/wp\/v2\/media?parent=434"}],"curies":[{"name":"wp","href":"https:\/\/api.w.org\/{rel}","templated":true}]}}