{"id":410,"date":"2019-03-20T09:15:34","date_gmt":"2019-03-20T08:15:34","guid":{"rendered":"https:\/\/www.knowledgebaseltd.eu\/?page_id=410"},"modified":"2019-05-27T13:16:20","modified_gmt":"2019-05-27T12:16:20","slug":"az-unio-penzugyi-rendszere","status":"publish","type":"page","link":"https:\/\/www.knowledgebaseltd.eu\/project-topics-and-products\/the-european-union\/hungarian\/az-unio-penzugyi-rendszere\/","title":{"rendered":"Az Uni\u00f3 p\u00e9nz\u00fcgyi rendszere"},"content":{"rendered":"<table class=\" aligncenter\">\n<tbody>\n<tr>\n<td style=\"width: 228px; text-align: left; vertical-align: middle;\">1. A forint<\/td>\n<td style=\"width: 650px;\"><a href=\"https:\/\/www.knowledgebaseltd.eu\/wp-content\/uploads\/2019\/01\/A-magyar-forint.pptx\" class=\"mtli_attachment mtli_pptx\" data-mtli=\"mtli_filesize194MB\">A-magyar-forint<\/a><\/p>\n<p><a href=\"https:\/\/www.knowledgebaseltd.eu\/wp-content\/uploads\/2019\/01\/A-magyar-forint.docx\" class=\"mtli_attachment mtli_docx\" data-mtli=\"mtli_filesize23561kB\">A-magyar-forint<\/a><\/p>\n<p><a href=\"https:\/\/www.knowledgebaseltd.eu\/wp-content\/uploads\/2019\/02\/forint-feladat.docx\" class=\"mtli_attachment mtli_docx\" data-mtli=\"mtli_filesize1561kB\">forint-feladat<\/a><\/p>\n<p><a href=\"https:\/\/www.knowledgebaseltd.eu\/wp-content\/uploads\/2019\/01\/Bankjegyek.pptx\" class=\"mtli_attachment mtli_pptx\" data-mtli=\"mtli_filesize548MB\">Bankjegyek<\/a><\/p>\n<p><a href=\"https:\/\/www.knowledgebaseltd.eu\/wp-content\/uploads\/2019\/01\/Bankjegyek_feladat.pptx\" class=\"mtli_attachment mtli_pptx\" data-mtli=\"mtli_filesize120MB\">Bankjegyek_feladat<\/a><\/p>\n<p><a href=\"https:\/\/www.knowledgebaseltd.eu\/wp-content\/uploads\/2019\/02\/bankjegyek-feladat.docx\" class=\"mtli_attachment mtli_docx\" data-mtli=\"mtli_filesize1275kB\">bankjegyek-feladat<\/a><\/p>\n<p><a href=\"https:\/\/www.knowledgebaseltd.eu\/wp-content\/uploads\/2019\/01\/ppt_sz\u00f6veg_Bankjegyek.txt\" class=\"mtli_attachment mtli_txt\" data-mtli=\"mtli_filesize353kB\">ppt_sz\u00f6veg_Bankjegyek<\/a><\/td>\n<\/tr>\n<tr>\n<td style=\"width: 228px; vertical-align: middle;\">2. Az Eur\u00f3pai Uni\u00f3 k\u00f6lts\u00e9gvet\u00e9se<\/td>\n<td style=\"width: 650px;\"><a href=\"https:\/\/www.knowledgebaseltd.eu\/wp-content\/uploads\/2019\/02\/Az-EU-k\u00f6lts\u00e9gvet\u00e9s-elk\u00e9sz\u00edt\u00e9se-\u00e9s-elfogad\u00e1s\u00e1nak-folyamata-1.pptx\" class=\"mtli_attachment mtli_pptx\" data-mtli=\"mtli_filesize64291kB\">Az-EU-k\u00f6lts\u00e9gvet\u00e9s-elk\u00e9sz\u00edt\u00e9se-\u00e9s-elfogad\u00e1s\u00e1nak-folyamata<\/a><\/p>\n<p><a href=\"https:\/\/www.knowledgebaseltd.eu\/wp-content\/uploads\/2019\/05\/EUk\u00f6ltsegvetes-sz\u00f6veg.docx\" class=\"mtli_attachment mtli_docx\" data-mtli=\"mtli_filesize1835kB\">EUk\u00f6ltsegvetes-sz\u00f6veg<\/a><\/td>\n<\/tr>\n<tr>\n<td style=\"width: 228px; vertical-align: middle;\">3. H\u00e1ztart\u00e1sok k\u00f6lts\u00e9gvet\u00e9se<\/td>\n<td style=\"width: 650px;\"><a href=\"https:\/\/www.knowledgebaseltd.eu\/wp-content\/uploads\/2019\/04\/H\u00e1ztart\u00e1sok-k\u00f6lts\u00e9gvet\u00e9se_hun.pptx\" class=\"mtli_attachment mtli_pptx\" data-mtli=\"mtli_filesize216MB\">H\u00e1ztart\u00e1sok k\u00f6lts\u00e9gvet\u00e9se_hun<\/a><\/p>\n<p><a href=\"https:\/\/www.knowledgebaseltd.eu\/wp-content\/uploads\/2019\/04\/H\u00e1ztart\u00e1sok-k\u00f6lts\u00e9gvet\u00e9se_hun.docx\" class=\"mtli_attachment mtli_docx\" data-mtli=\"mtli_filesize1699kB\">H\u00e1ztart\u00e1sok k\u00f6lts\u00e9gvet\u00e9se_hun<\/a><\/td>\n<\/tr>\n<tr>\n<td style=\"width: 228px; vertical-align: middle;\">4. Eur\u00f3pai Uni\u00f3s p\u00e1ly\u00e1zati lehet\u0151s\u00e9gek<\/td>\n<td style=\"width: 650px;\"><a href=\"https:\/\/www.knowledgebaseltd.eu\/wp-content\/uploads\/2019\/02\/EU-s-p\u00e1ly\u00e1zati-lehet\u0151s\u00e9gek.pptx\" class=\"mtli_attachment mtli_pptx\" data-mtli=\"mtli_filesize246MB\">EU-s-p\u00e1ly\u00e1zati-lehet\u0151s\u00e9gek<\/a><\/p>\n<p><a href=\"https:\/\/www.knowledgebaseltd.eu\/wp-content\/uploads\/2019\/02\/h\u00e1ztart\u00e1sok-p\u00e1ly\u00e1zatai.docx\" class=\"mtli_attachment mtli_docx\" data-mtli=\"mtli_filesize1792kB\">H\u00e1ztart\u00e1sok-p\u00e1ly\u00e1zatai<\/a><\/td>\n<\/tr>\n<tr>\n<td style=\"width: 228px; vertical-align: middle;\">5. Az eur\u00f3<\/td>\n<td style=\"width: 650px;\"><a href=\"https:\/\/www.knowledgebaseltd.eu\/wp-content\/uploads\/2019\/01\/Az-eur\u00f3-bevezet\u00e9s\u00e9nek-c\u00e9lja-\u00e9s-felt\u00e9telei.pptx\" class=\"mtli_attachment mtli_pptx\" data-mtli=\"mtli_filesize51461kB\">Az-eur\u00f3-bevezet\u00e9s\u00e9nek-c\u00e9lja-\u00e9s-felt\u00e9telei<\/a><\/p>\n<p><a href=\"https:\/\/www.knowledgebaseltd.eu\/wp-content\/uploads\/2019\/01\/ppt_szoveg-az-Eur\u00f3-bevezet\u00e9s\u00e9nek-c\u00e9lja-\u00e9s-felt\u00e9telei.docx\" class=\"mtli_attachment mtli_docx\" data-mtli=\"mtli_filesize1548kB\">ppt_szoveg-az-Eur\u00f3-bevezet\u00e9s\u00e9nek-c\u00e9lja-\u00e9s-felt\u00e9telei<\/a><\/p>\n<p><a href=\"https:\/\/www.knowledgebaseltd.eu\/wp-content\/uploads\/2019\/01\/Teszt-Az-Eur\u00f3-bevezet\u00e9s\u00e9nek-c\u00e9lja-\u00e9s-felt\u00e9tele.docx\" class=\"mtli_attachment mtli_docx\" data-mtli=\"mtli_filesize1539kB\">Teszt-Az-Eur\u00f3-bevezet\u00e9s\u00e9nek-c\u00e9lja-\u00e9s-felt\u00e9tele<\/a><\/p>\n<p><a href=\"https:\/\/www.knowledgebaseltd.eu\/wp-content\/uploads\/2019\/05\/Hivatalos-fizet\u0151eszk\u00f6z\u00f6k-az-eur\u00f3-bevezet\u00e9se-el\u0151tt.pptx\" class=\"mtli_attachment mtli_pptx\" data-mtli=\"mtli_filesize1498MB\">Hivatalos fizet\u0151eszk\u00f6z\u00f6k az eur\u00f3 bevezet\u00e9se el\u0151tt<\/a><\/td>\n<\/tr>\n<tr>\n<td style=\"width: 228px; vertical-align: middle;\">6. Gazdas\u00e1gi beavatkoz\u00e1s<\/td>\n<td style=\"width: 650px;\"><a href=\"https:\/\/www.knowledgebaseltd.eu\/wp-content\/uploads\/2019\/02\/A-2008-as-v\u00e1ls\u00e1g.pptx\" class=\"mtli_attachment mtli_pptx\" data-mtli=\"mtli_filesize71861kB\">A-2008-as-v\u00e1ls\u00e1g<\/a><\/p>\n<p><a href=\"https:\/\/www.knowledgebaseltd.eu\/wp-content\/uploads\/2019\/02\/V\u00e1ls\u00e1g.docx\" class=\"mtli_attachment mtli_docx\" data-mtli=\"mtli_filesize1761kB\">V\u00e1ls\u00e1g<\/a><\/p>\n<p><a href=\"https:\/\/www.knowledgebaseltd.eu\/wp-content\/uploads\/2019\/02\/Versenypolitika.pptx\" class=\"mtli_attachment mtli_pptx\" data-mtli=\"mtli_filesize89779kB\">Versenypolitika<\/a><\/p>\n<p><a href=\"https:\/\/www.knowledgebaseltd.eu\/wp-content\/uploads\/2019\/04\/v\u00e1ls\u00e1g-feladat.docx\" class=\"mtli_attachment mtli_docx\" data-mtli=\"mtli_filesize1457kB\">V\u00e1ls\u00e1g-feladat<\/a><\/p>\n<p><a href=\"https:\/\/www.knowledgebaseltd.eu\/wp-content\/uploads\/2019\/05\/v\u00e1ls\u00e1g_feladat-megold\u00e1sok.docx\" class=\"mtli_attachment mtli_docx\" data-mtli=\"mtli_filesize1487kB\">v\u00e1ls\u00e1g_feladat-megold\u00e1sok<\/a><\/p>\n<p><a href=\"https:\/\/www.knowledgebaseltd.eu\/wp-content\/uploads\/2019\/04\/Koh\u00e9zi\u00f3s-Politika-\u00d6sszek\u00f6t\u0151-Sz\u00f6veg.docx\" class=\"mtli_attachment mtli_docx\" data-mtli=\"mtli_filesize1269kB\">Koh\u00e9zi\u00f3s Politika \u00d6sszek\u00f6t\u0151 Sz\u00f6veg<\/a><\/p>\n<p><a href=\"https:\/\/www.knowledgebaseltd.eu\/wp-content\/uploads\/2019\/05\/Koh\u00e9zi\u00f3s-politika.pptx\" class=\"mtli_attachment mtli_pptx\" data-mtli=\"mtli_filesize70746kB\">Koh\u00e9zi\u00f3s politika<\/a><\/td>\n<\/tr>\n<tr>\n<td style=\"width: 228px; vertical-align: middle;\">7. V\u00e1m<\/td>\n<td style=\"width: 650px;\"><a href=\"https:\/\/www.knowledgebaseltd.eu\/wp-content\/uploads\/2019\/01\/V\u00e1m-mint-fontos-bev\u00e9teli-forr\u00e1s.pptx\" class=\"mtli_attachment mtli_pptx\" data-mtli=\"mtli_filesize58645kB\">V\u00e1m-mint-fontos-bev\u00e9teli-forr\u00e1s<\/a><\/p>\n<p><a href=\"https:\/\/www.knowledgebaseltd.eu\/wp-content\/uploads\/2019\/01\/V\u00e1m-mint-fontos-bev\u00e9teli-forr\u00e1s.docx\" class=\"mtli_attachment mtli_docx\" data-mtli=\"mtli_filesize2527kB\">V\u00e1m-mint-fontos-bev\u00e9teli-forr\u00e1s<\/a><\/p>\n<p><a href=\"https:\/\/www.knowledgebaseltd.eu\/wp-content\/uploads\/2019\/03\/V\u00e1m-feladat.docx\" class=\"mtli_attachment mtli_docx\" data-mtli=\"mtli_filesize2720kB\">V\u00e1m-feladat<\/a><\/p>\n<p><a href=\"https:\/\/www.knowledgebaseltd.eu\/wp-content\/uploads\/2019\/04\/V\u00e1m-feladat-megold\u00e1s.docx\" class=\"mtli_attachment mtli_docx\" data-mtli=\"mtli_filesize1424kB\">V\u00e1m-feladat-megold\u00e1s<\/a><\/p>\n<p><a href=\"https:\/\/www.knowledgebaseltd.eu\/wp-content\/uploads\/2019\/05\/Schengen.pptx\" class=\"mtli_attachment mtli_pptx\" data-mtli=\"mtli_filesize141MB\">Schengen<\/a><\/p>\n<p><a href=\"https:\/\/www.knowledgebaseltd.eu\/wp-content\/uploads\/2019\/05\/Schengen-v\u00e1zlat.docx\" class=\"mtli_attachment mtli_docx\" data-mtli=\"mtli_filesize1572kB\">Schengen v\u00e1zlat<\/a><\/td>\n<\/tr>\n<tr>\n<td style=\"width: 228px; vertical-align: middle;\">8. K\u00f6z\u00f6s piac<\/td>\n<td style=\"width: 650px;\"><a href=\"https:\/\/www.knowledgebaseltd.eu\/wp-content\/uploads\/2019\/01\/Az-egys\u00e9ges-piac-magyar.pptx\" class=\"mtli_attachment mtli_pptx\" data-mtli=\"mtli_filesize212MB\">Az-egys\u00e9ges-piac-magyar<\/a><\/p>\n<p><a href=\"https:\/\/www.knowledgebaseltd.eu\/wp-content\/uploads\/2019\/01\/Az-egys\u00e9ges-piac-magyar.docx\" class=\"mtli_attachment mtli_docx\" data-mtli=\"mtli_filesize2106kB\">Az-egys\u00e9ges-piac-magyar<\/a><\/td>\n<\/tr>\n<tr>\n<td style=\"width: 228px; vertical-align: middle;\">9. \u00c1rfolyam<\/td>\n<td style=\"width: 650px;\"><a href=\"https:\/\/www.knowledgebaseltd.eu\/wp-content\/uploads\/2019\/03\/Deviza.pptx\" class=\"mtli_attachment mtli_pptx\" data-mtli=\"mtli_filesize23566kB\">Deviza<\/a><\/p>\n<p><a href=\"https:\/\/www.knowledgebaseltd.eu\/wp-content\/uploads\/2019\/03\/Deviza-feladatok.docx\" class=\"mtli_attachment mtli_docx\" data-mtli=\"mtli_filesize1604kB\">Deviza-feladatok<\/a><\/td>\n<\/tr>\n<tr>\n<td style=\"width: 228px; vertical-align: middle;\">10. Az Eur\u00f3pai K\u00f6zponti Bank<\/td>\n<td style=\"width: 650px;\"><a href=\"https:\/\/www.knowledgebaseltd.eu\/wp-content\/uploads\/2019\/01\/Eur\u00f3pai_K\u00f6zponti_Bank.pptx\" class=\"mtli_attachment mtli_pptx\" data-mtli=\"mtli_filesize487MB\">Eur\u00f3pai_K\u00f6zponti_Bank<\/a><\/p>\n<p><a href=\"https:\/\/www.knowledgebaseltd.eu\/wp-content\/uploads\/2019\/02\/Az-Eur\u00f3pai-K\u00f6zponti-Bank-keresztrejtv\u00e9ny.docx\" class=\"mtli_attachment mtli_docx\" data-mtli=\"mtli_filesize1674kB\">Az-Eur\u00f3pai-K\u00f6zponti-Bank-keresztrejtv\u00e9ny<\/a><\/p>\n<p><a href=\"https:\/\/www.knowledgebaseltd.eu\/wp-content\/uploads\/2019\/02\/Az-Eur\u00f3pai-K\u00f6zponti-Bank-keresztrejtv\u00e9ny-megold\u00e1sa.docx\" class=\"mtli_attachment mtli_docx\" data-mtli=\"mtli_filesize1722kB\">Az-Eur\u00f3pai-K\u00f6zponti-Bank-keresztrejtv\u00e9ny-megold\u00e1sa<\/a><\/td>\n<\/tr>\n<tr>\n<td style=\"width: 228px; vertical-align: middle;\">11. Fogyaszt\u00f3v\u00e9delem<\/td>\n<td style=\"width: 650px;\"><a href=\"https:\/\/www.knowledgebaseltd.eu\/wp-content\/uploads\/2019\/02\/Fogyaszt\u00f3v\u00e9delem-Eur\u00f3p\u00e1ban.pptx\" class=\"mtli_attachment mtli_pptx\" data-mtli=\"mtli_filesize301MB\">Fogyaszt\u00f3v\u00e9delem-Eur\u00f3p\u00e1ban<\/a><\/p>\n<p><a href=\"https:\/\/www.knowledgebaseltd.eu\/wp-content\/uploads\/2019\/03\/fogyaszt\u00f3v\u00e9delem_Feladat.docx\" class=\"mtli_attachment mtli_docx\" data-mtli=\"mtli_filesize1433kB\">fogyaszt\u00f3v\u00e9delem_Feladat<\/a><\/td>\n<\/tr>\n<tr>\n<td style=\"width: 228px;\">12. Infl\u00e1ci\u00f3<\/td>\n<td style=\"width: 650px;\"><a href=\"https:\/\/www.knowledgebaseltd.eu\/wp-content\/uploads\/2019\/01\/Infl\u00e1ci\u00f3.pptx\" class=\"mtli_attachment mtli_pptx\" data-mtli=\"mtli_filesize39658kB\">Infl\u00e1ci\u00f3<\/a><\/p>\n<p><a href=\"https:\/\/www.knowledgebaseltd.eu\/wp-content\/uploads\/2019\/01\/Infl\u00e1ci\u00f3.docx\" class=\"mtli_attachment mtli_docx\" data-mtli=\"mtli_filesize2232kB\">Infl\u00e1ci\u00f3<\/a><\/td>\n<\/tr>\n<\/tbody>\n<\/table>\n<style type=\"text\/css\">a[data-mtli~=\"mtli_filesize194MB\"]:after {content:\" (1.94 MB)\"}a[data-mtli~=\"mtli_filesize23561kB\"]:after {content:\" (235.61 kB)\"}a[data-mtli~=\"mtli_filesize1561kB\"]:after {content:\" (15.61 kB)\"}a[data-mtli~=\"mtli_filesize548MB\"]:after {content:\" (5.48 MB)\"}a[data-mtli~=\"mtli_filesize120MB\"]:after {content:\" (1.20 MB)\"}a[data-mtli~=\"mtli_filesize1275kB\"]:after {content:\" (12.75 kB)\"}a[data-mtli~=\"mtli_filesize353kB\"]:after {content:\" (3.53 kB)\"}a[data-mtli~=\"mtli_filesize64291kB\"]:after {content:\" (642.91 kB)\"}a[data-mtli~=\"mtli_filesize1835kB\"]:after {content:\" (18.35 kB)\"}a[data-mtli~=\"mtli_filesize216MB\"]:after {content:\" (2.16 MB)\"}a[data-mtli~=\"mtli_filesize1699kB\"]:after {content:\" (16.99 kB)\"}a[data-mtli~=\"mtli_filesize246MB\"]:after {content:\" (2.46 MB)\"}a[data-mtli~=\"mtli_filesize1792kB\"]:after {content:\" (17.92 kB)\"}a[data-mtli~=\"mtli_filesize51461kB\"]:after {content:\" (514.61 kB)\"}a[data-mtli~=\"mtli_filesize1548kB\"]:after {content:\" (15.48 kB)\"}a[data-mtli~=\"mtli_filesize1539kB\"]:after {content:\" (15.39 kB)\"}a[data-mtli~=\"mtli_filesize1498MB\"]:after {content:\" (14.98 MB)\"}a[data-mtli~=\"mtli_filesize71861kB\"]:after {content:\" (718.61 kB)\"}a[data-mtli~=\"mtli_filesize1761kB\"]:after {content:\" (17.61 kB)\"}a[data-mtli~=\"mtli_filesize89779kB\"]:after {content:\" (897.79 kB)\"}a[data-mtli~=\"mtli_filesize1457kB\"]:after {content:\" (14.57 kB)\"}a[data-mtli~=\"mtli_filesize1487kB\"]:after {content:\" (14.87 kB)\"}a[data-mtli~=\"mtli_filesize1269kB\"]:after {content:\" (12.69 kB)\"}a[data-mtli~=\"mtli_filesize70746kB\"]:after {content:\" (707.46 kB)\"}a[data-mtli~=\"mtli_filesize58645kB\"]:after {content:\" (586.45 kB)\"}a[data-mtli~=\"mtli_filesize2527kB\"]:after {content:\" (25.27 kB)\"}a[data-mtli~=\"mtli_filesize2720kB\"]:after {content:\" (27.20 kB)\"}a[data-mtli~=\"mtli_filesize1424kB\"]:after {content:\" (14.24 kB)\"}a[data-mtli~=\"mtli_filesize141MB\"]:after {content:\" (1.41 MB)\"}a[data-mtli~=\"mtli_filesize1572kB\"]:after {content:\" (15.72 kB)\"}a[data-mtli~=\"mtli_filesize212MB\"]:after {content:\" (2.12 MB)\"}a[data-mtli~=\"mtli_filesize2106kB\"]:after {content:\" (21.06 kB)\"}a[data-mtli~=\"mtli_filesize23566kB\"]:after {content:\" (235.66 kB)\"}a[data-mtli~=\"mtli_filesize1604kB\"]:after {content:\" (16.04 kB)\"}a[data-mtli~=\"mtli_filesize487MB\"]:after {content:\" (4.87 MB)\"}a[data-mtli~=\"mtli_filesize1674kB\"]:after {content:\" (16.74 kB)\"}a[data-mtli~=\"mtli_filesize1722kB\"]:after {content:\" (17.22 kB)\"}a[data-mtli~=\"mtli_filesize301MB\"]:after {content:\" (3.01 MB)\"}a[data-mtli~=\"mtli_filesize1433kB\"]:after {content:\" (14.33 kB)\"}a[data-mtli~=\"mtli_filesize39658kB\"]:after {content:\" (396.58 kB)\"}a[data-mtli~=\"mtli_filesize2232kB\"]:after {content:\" (22.32 kB)\"}<\/style>","protected":false},"excerpt":{"rendered":"<p>1. A forint A-magyar-forint A-magyar-forint forint-feladat Bankjegyek Bankjegyek_feladat bankjegyek-feladat ppt_sz\u00f6veg_Bankjegyek 2. Az Eur\u00f3pai Uni\u00f3 k\u00f6lts\u00e9gvet\u00e9se Az-EU-k\u00f6lts\u00e9gvet\u00e9s-elk\u00e9sz\u00edt\u00e9se-\u00e9s-elfogad\u00e1s\u00e1nak-folyamata EUk\u00f6ltsegvetes-sz\u00f6veg 3. H\u00e1ztart\u00e1sok k\u00f6lts\u00e9gvet\u00e9se H\u00e1ztart\u00e1sok k\u00f6lts\u00e9gvet\u00e9se_hun H\u00e1ztart\u00e1sok k\u00f6lts\u00e9gvet\u00e9se_hun 4. Eur\u00f3pai Uni\u00f3s p\u00e1ly\u00e1zati lehet\u0151s\u00e9gek EU-s-p\u00e1ly\u00e1zati-lehet\u0151s\u00e9gek H\u00e1ztart\u00e1sok-p\u00e1ly\u00e1zatai 5. Az eur\u00f3 Az-eur\u00f3-bevezet\u00e9s\u00e9nek-c\u00e9lja-\u00e9s-felt\u00e9telei ppt_szoveg-az-Eur\u00f3-bevezet\u00e9s\u00e9nek-c\u00e9lja-\u00e9s-felt\u00e9telei Teszt-Az-Eur\u00f3-bevezet\u00e9s\u00e9nek-c\u00e9lja-\u00e9s-felt\u00e9tele Hivatalos fizet\u0151eszk\u00f6z\u00f6k az&hellip; <\/p>\n","protected":false},"author":1,"featured_media":0,"parent":52,"menu_order":3,"comment_status":"closed","ping_status":"closed","template":"","meta":[],"_links":{"self":[{"href":"https:\/\/www.knowledgebaseltd.eu\/wp-json\/wp\/v2\/pages\/410"}],"collection":[{"href":"https:\/\/www.knowledgebaseltd.eu\/wp-json\/wp\/v2\/pages"}],"about":[{"href":"https:\/\/www.knowledgebaseltd.eu\/wp-json\/wp\/v2\/types\/page"}],"author":[{"embeddable":true,"href":"https:\/\/www.knowledgebaseltd.eu\/wp-json\/wp\/v2\/users\/1"}],"replies":[{"embeddable":true,"href":"https:\/\/www.knowledgebaseltd.eu\/wp-json\/wp\/v2\/comments?post=410"}],"version-history":[{"count":15,"href":"https:\/\/www.knowledgebaseltd.eu\/wp-json\/wp\/v2\/pages\/410\/revisions"}],"predecessor-version":[{"id":840,"href":"https:\/\/www.knowledgebaseltd.eu\/wp-json\/wp\/v2\/pages\/410\/revisions\/840"}],"up":[{"embeddable":true,"href":"https:\/\/www.knowledgebaseltd.eu\/wp-json\/wp\/v2\/pages\/52"}],"wp:attachment":[{"href":"https:\/\/www.knowledgebaseltd.eu\/wp-json\/wp\/v2\/media?parent=410"}],"curies":[{"name":"wp","href":"https:\/\/api.w.org\/{rel}","templated":true}]}}