{"id":408,"date":"2019-03-20T09:15:06","date_gmt":"2019-03-20T08:15:06","guid":{"rendered":"https:\/\/www.knowledgebaseltd.eu\/?page_id=408"},"modified":"2021-02-03T08:19:44","modified_gmt":"2021-02-03T07:19:44","slug":"intezmenyrendszer","status":"publish","type":"page","link":"https:\/\/www.knowledgebaseltd.eu\/project-topics-and-products\/the-european-union\/hungarian\/intezmenyrendszer\/","title":{"rendered":"Int\u00e9zm\u00e9nyrendszer"},"content":{"rendered":"<p><a href=\"https:\/\/www.knowledgebaseltd.eu\/wp-content\/uploads\/2020\/01\/Eur\u00f3pai_Befektet\u00e9si_Bank-1.docx\" class=\"mtli_attachment mtli_docx\" data-mtli=\"mtli_filesize1571kB\">Eur\u00f3pai_Befektet\u00e9si_Bank<\/a><\/p>\n<p><a href=\"https:\/\/www.knowledgebaseltd.eu\/wp-content\/uploads\/2020\/01\/Eur\u00f3pai_Befektet\u00e9si_Bank_feladat-1.docx\" class=\"mtli_attachment mtli_docx\" data-mtli=\"mtli_filesize2040kB\">Eur\u00f3pai_Befektet\u00e9si_Bank_feladat<\/a><\/p>\n<p><a href=\"https:\/\/www.knowledgebaseltd.eu\/wp-content\/uploads\/2020\/02\/ECA-Eur\u00f3pai-Sz\u00e1mvev\u0151sz\u00e9k.pptx\" class=\"mtli_attachment mtli_pptx\" data-mtli=\"mtli_filesize17974kB\">ECA-Eur\u00f3pai-Sz\u00e1mvev\u0151sz\u00e9k<\/a><\/p>\n<p><a href=\"https:\/\/www.knowledgebaseltd.eu\/wp-content\/uploads\/2020\/02\/Az-Eur\u00f3pai-Uni\u00f3-Tan\u00e1csa.pptx\" class=\"mtli_attachment mtli_pptx\" data-mtli=\"mtli_filesize53748kB\">Az-Eur\u00f3pai-Uni\u00f3-Tan\u00e1csa<\/a><\/p>\n<p><a href=\"https:\/\/www.knowledgebaseltd.eu\/wp-content\/uploads\/2021\/01\/Europai-Kulugyi-Szolgalat.pptx\" class=\"mtli_attachment mtli_pptx\" data-mtli=\"mtli_filesize7720kB\">Eur\u00f3pai K\u00fcl\u00fcgyi Szolg\u00e1lat<\/a><\/p>\n<p><a href=\"https:\/\/www.knowledgebaseltd.eu\/wp-content\/uploads\/2021\/01\/Europai-Parlament.pptx\" class=\"mtli_attachment mtli_pptx\" data-mtli=\"mtli_filesize29865kB\">Eur\u00f3pai Parlament<\/a><\/p>\n<p><a href=\"https:\/\/www.knowledgebaseltd.eu\/wp-content\/uploads\/2021\/01\/EIB-\u2013-Europai-Befektetesi-bank-Ombudsman_feladat_kerdesek.rtf\" class=\"mtli_attachment mtli_rtf\" data-mtli=\"mtli_filesize6264kB\">EIB \u2013 Eur\u00f3pai Befektet\u00e9si bank, Ombudsman_feladat_k\u00e9rd\u00e9sek<\/a><\/p>\n<p><a href=\"https:\/\/www.knowledgebaseltd.eu\/wp-content\/uploads\/2021\/01\/EIB-Europai-Befektetesi-Bank-Ombudsman.pptx\" class=\"mtli_attachment mtli_pptx\" data-mtli=\"mtli_filesize71369kB\">EIB-Eur\u00f3pai Befektet\u00e9si Bank, Ombudsman<\/a><\/p>\n<p><a href=\"https:\/\/www.knowledgebaseltd.eu\/wp-content\/uploads\/2021\/02\/Europai-Tanacs.pptx\" class=\"mtli_attachment mtli_pptx\" data-mtli=\"mtli_filesize622MB\">Eur\u00f3pai Tan\u00e1cs<\/a><\/p>\n<style type=\"text\/css\">a[data-mtli~=\"mtli_filesize1571kB\"]:after {content:\" (15.71 kB)\"}a[data-mtli~=\"mtli_filesize2040kB\"]:after {content:\" (20.40 kB)\"}a[data-mtli~=\"mtli_filesize17974kB\"]:after {content:\" (179.74 kB)\"}a[data-mtli~=\"mtli_filesize53748kB\"]:after {content:\" (537.48 kB)\"}a[data-mtli~=\"mtli_filesize7720kB\"]:after {content:\" (77.20 kB)\"}a[data-mtli~=\"mtli_filesize29865kB\"]:after {content:\" (298.65 kB)\"}a[data-mtli~=\"mtli_filesize6264kB\"]:after {content:\" (62.64 kB)\"}a[data-mtli~=\"mtli_filesize71369kB\"]:after {content:\" (713.69 kB)\"}a[data-mtli~=\"mtli_filesize622MB\"]:after {content:\" (6.22 MB)\"}<\/style>","protected":false},"excerpt":{"rendered":"<p>Eur\u00f3pai_Befektet\u00e9si_Bank Eur\u00f3pai_Befektet\u00e9si_Bank_feladat ECA-Eur\u00f3pai-Sz\u00e1mvev\u0151sz\u00e9k Az-Eur\u00f3pai-Uni\u00f3-Tan\u00e1csa Eur\u00f3pai K\u00fcl\u00fcgyi Szolg\u00e1lat Eur\u00f3pai Parlament EIB \u2013 Eur\u00f3pai Befektet\u00e9si bank, Ombudsman_feladat_k\u00e9rd\u00e9sek EIB-Eur\u00f3pai Befektet\u00e9si Bank, Ombudsman Eur\u00f3pai Tan\u00e1cs<\/p>\n","protected":false},"author":1,"featured_media":0,"parent":52,"menu_order":2,"comment_status":"closed","ping_status":"closed","template":"","meta":[],"_links":{"self":[{"href":"https:\/\/www.knowledgebaseltd.eu\/wp-json\/wp\/v2\/pages\/408"}],"collection":[{"href":"https:\/\/www.knowledgebaseltd.eu\/wp-json\/wp\/v2\/pages"}],"about":[{"href":"https:\/\/www.knowledgebaseltd.eu\/wp-json\/wp\/v2\/types\/page"}],"author":[{"embeddable":true,"href":"https:\/\/www.knowledgebaseltd.eu\/wp-json\/wp\/v2\/users\/1"}],"replies":[{"embeddable":true,"href":"https:\/\/www.knowledgebaseltd.eu\/wp-json\/wp\/v2\/comments?post=408"}],"version-history":[{"count":8,"href":"https:\/\/www.knowledgebaseltd.eu\/wp-json\/wp\/v2\/pages\/408\/revisions"}],"predecessor-version":[{"id":1435,"href":"https:\/\/www.knowledgebaseltd.eu\/wp-json\/wp\/v2\/pages\/408\/revisions\/1435"}],"up":[{"embeddable":true,"href":"https:\/\/www.knowledgebaseltd.eu\/wp-json\/wp\/v2\/pages\/52"}],"wp:attachment":[{"href":"https:\/\/www.knowledgebaseltd.eu\/wp-json\/wp\/v2\/media?parent=408"}],"curies":[{"name":"wp","href":"https:\/\/api.w.org\/{rel}","templated":true}]}}