{"id":406,"date":"2019-03-20T09:14:37","date_gmt":"2019-03-20T08:14:37","guid":{"rendered":"https:\/\/www.knowledgebaseltd.eu\/?page_id=406"},"modified":"2020-03-09T09:44:31","modified_gmt":"2020-03-09T08:44:31","slug":"maastricht-utan","status":"publish","type":"page","link":"https:\/\/www.knowledgebaseltd.eu\/project-topics-and-products\/the-european-union\/hungarian\/maastricht-utan\/","title":{"rendered":"Maastricht ut\u00e1n"},"content":{"rendered":"<p><a href=\"https:\/\/www.knowledgebaseltd.eu\/wp-content\/uploads\/2020\/03\/Eur\u00f3pai-v\u00e1laszt\u00e1sok.ppt\" class=\"mtli_attachment mtli_ppt\" data-mtli=\"mtli_filesize97800kB\">Eur\u00f3pai-v\u00e1laszt\u00e1sok<\/a><\/p>\n<p><a href=\"https:\/\/www.knowledgebaseltd.eu\/wp-content\/uploads\/2020\/03\/Maastrichti-szerz\u0151d\u00e9s.ppt\" class=\"mtli_attachment mtli_ppt\" data-mtli=\"mtli_filesize383MB\">Maastrichti-szerz\u0151d\u00e9s<\/a><\/p>\n<style type=\"text\/css\">a[data-mtli~=\"mtli_filesize97800kB\"]:after {content:\" (978.00 kB)\"}a[data-mtli~=\"mtli_filesize383MB\"]:after {content:\" (3.83 MB)\"}<\/style>","protected":false},"excerpt":{"rendered":"<p>Eur\u00f3pai-v\u00e1laszt\u00e1sok Maastrichti-szerz\u0151d\u00e9s<\/p>\n","protected":false},"author":1,"featured_media":0,"parent":52,"menu_order":1,"comment_status":"closed","ping_status":"closed","template":"","meta":[],"_links":{"self":[{"href":"https:\/\/www.knowledgebaseltd.eu\/wp-json\/wp\/v2\/pages\/406"}],"collection":[{"href":"https:\/\/www.knowledgebaseltd.eu\/wp-json\/wp\/v2\/pages"}],"about":[{"href":"https:\/\/www.knowledgebaseltd.eu\/wp-json\/wp\/v2\/types\/page"}],"author":[{"embeddable":true,"href":"https:\/\/www.knowledgebaseltd.eu\/wp-json\/wp\/v2\/users\/1"}],"replies":[{"embeddable":true,"href":"https:\/\/www.knowledgebaseltd.eu\/wp-json\/wp\/v2\/comments?post=406"}],"version-history":[{"count":3,"href":"https:\/\/www.knowledgebaseltd.eu\/wp-json\/wp\/v2\/pages\/406\/revisions"}],"predecessor-version":[{"id":1333,"href":"https:\/\/www.knowledgebaseltd.eu\/wp-json\/wp\/v2\/pages\/406\/revisions\/1333"}],"up":[{"embeddable":true,"href":"https:\/\/www.knowledgebaseltd.eu\/wp-json\/wp\/v2\/pages\/52"}],"wp:attachment":[{"href":"https:\/\/www.knowledgebaseltd.eu\/wp-json\/wp\/v2\/media?parent=406"}],"curies":[{"name":"wp","href":"https:\/\/api.w.org\/{rel}","templated":true}]}}