{"id":404,"date":"2019-03-20T09:14:18","date_gmt":"2019-03-20T08:14:18","guid":{"rendered":"https:\/\/www.knowledgebaseltd.eu\/?page_id=404"},"modified":"2021-02-03T08:24:23","modified_gmt":"2021-02-03T07:24:23","slug":"tortenelmi-elozmenyek","status":"publish","type":"page","link":"https:\/\/www.knowledgebaseltd.eu\/project-topics-and-products\/the-european-union\/hungarian\/tortenelmi-elozmenyek\/","title":{"rendered":"T\u00f6rt\u00e9nelmi el\u0151zm\u00e9nyek"},"content":{"rendered":"<p><a href=\"https:\/\/www.knowledgebaseltd.eu\/wp-content\/uploads\/2021\/01\/Europai-Gazdasagi-Kozosseg.docx\" class=\"mtli_attachment mtli_docx\" data-mtli=\"mtli_filesize1555kB\">Europai Gazdasagi Kozosseg<\/a><\/p>\n<p><a href=\"https:\/\/www.knowledgebaseltd.eu\/wp-content\/uploads\/2021\/01\/Feladat-EGK.docx\" class=\"mtli_attachment mtli_docx\" data-mtli=\"mtli_filesize1566kB\">Feladat-EGK<\/a><\/p>\n<table>\n<tbody>\n<tr>\n<td>Berlini fal<\/td>\n<td><\/td>\n<\/tr>\n<tr>\n<td>Schengeni \u00f6vezet<\/td>\n<td><\/td>\n<\/tr>\n<tr>\n<td>Az EU t\u00f6rt\u00e9nete<\/td>\n<td><\/td>\n<\/tr>\n<tr>\n<td>Id\u0151vonal<\/td>\n<td><a href=\"https:\/\/www.knowledgebaseltd.eu\/wp-content\/uploads\/2021\/01\/idovona_feladatl.docx\" class=\"mtli_attachment mtli_docx\" data-mtli=\"mtli_filesize1571kB\">id\u0151vona_feladatl<\/a><\/p>\n<p><a href=\"https:\/\/www.knowledgebaseltd.eu\/wp-content\/uploads\/2021\/01\/Idovonal_feladatok.pptx\" class=\"mtli_attachment mtli_pptx\" data-mtli=\"mtli_filesize52692kB\">Id\u0151vonal_feladatok<\/a><\/td>\n<\/tr>\n<tr>\n<td>Robert Schuman<\/td>\n<td><a href=\"https:\/\/www.knowledgebaseltd.eu\/wp-content\/uploads\/2021\/01\/R.-Schuman_eletrajz.docx\" class=\"mtli_attachment mtli_docx\" data-mtli=\"mtli_filesize8743kB\">R. Schuman_\u00e9letrajz<\/a><\/p>\n<p><a href=\"https:\/\/www.knowledgebaseltd.eu\/wp-content\/uploads\/2021\/01\/R.-Schuman_feladat.docx\" class=\"mtli_attachment mtli_docx\" data-mtli=\"mtli_filesize1445kB\">R. Schuman_feladat<\/a><\/p>\n<p><a href=\"https:\/\/www.knowledgebaseltd.eu\/wp-content\/uploads\/2021\/01\/R.Schuman_feladat.pdf\" class=\"mtli_attachment mtli_pdf\" data-mtli=\"mtli_filesize24307kB\">R.Schuman_feladat<\/a><\/td>\n<\/tr>\n<tr>\n<td>Az EU alap\u00edt\u00f3 \u00e1llamai<\/td>\n<td><a href=\"https:\/\/www.knowledgebaseltd.eu\/wp-content\/uploads\/2021\/02\/EU_alapitok.ppt\" class=\"mtli_attachment mtli_ppt\" data-mtli=\"mtli_filesize600MB\">EU_alap\u00edt\u00f3k<\/a><\/p>\n<p><a href=\"https:\/\/www.knowledgebaseltd.eu\/wp-content\/uploads\/2021\/02\/EU_alapitok_feladat.docx\" class=\"mtli_attachment mtli_docx\" data-mtli=\"mtli_filesize1686kB\">EU_alap\u00edt\u00f3k_feladat<\/a><\/td>\n<\/tr>\n<tr>\n<td>Szabadkereskedelmi T\u00e1rsul\u00e1s<\/td>\n<td><a href=\"https:\/\/www.knowledgebaseltd.eu\/wp-content\/uploads\/2020\/01\/Eur\u00f3pai-Szabadkereskedelmi-T\u00e1rsul\u00e1s.pptx\" class=\"mtli_attachment mtli_pptx\" data-mtli=\"mtli_filesize4794kB\">Eur\u00f3pai-Szabadkereskedelmi-T\u00e1rsul\u00e1s<\/a><\/td>\n<\/tr>\n<tr>\n<td>R\u00f3mai Szerz\u0151d\u00e9s<\/td>\n<td><a href=\"https:\/\/www.knowledgebaseltd.eu\/wp-content\/uploads\/2020\/01\/R\u00f3mai-Szerz\u0151d\u00e9s.docx\" class=\"mtli_attachment mtli_docx\" data-mtli=\"mtli_filesize2496kB\">R\u00f3mai-Szerz\u0151d\u00e9s<\/a><\/td>\n<\/tr>\n<tr>\n<td>P\u00e1rizsi Szerz\u0151d\u00e9s<\/td>\n<td><\/td>\n<\/tr>\n<tr>\n<td>Eur\u00f3pai \u00dajj\u00e1\u00e9p\u00edt\u00e9si \u00e9s Fejleszt\u00e9si Bank<\/td>\n<td><a href=\"https:\/\/www.knowledgebaseltd.eu\/wp-content\/uploads\/2020\/01\/Eur\u00f3pai_Befektet\u00e9si_Bank.docx\" class=\"mtli_attachment mtli_docx\" data-mtli=\"mtli_filesize1568kB\">Eur\u00f3pai_Befektet\u00e9si_Bank<\/a><\/p>\n<p><a href=\"https:\/\/www.knowledgebaseltd.eu\/wp-content\/uploads\/2020\/01\/Eur\u00f3pai_Befektet\u00e9si_Bank_feladat.docx\" class=\"mtli_attachment mtli_docx\" data-mtli=\"mtli_filesize2040kB\">Eur\u00f3pai_Befektet\u00e9si_Bank_feladat<\/a><\/p>\n<p><a href=\"https:\/\/www.knowledgebaseltd.eu\/wp-content\/uploads\/2020\/03\/Eur\u00f3pai_\u00dajj\u00e1\u00e9p\u00edt\u00e9si_\u00e9s_Fejleszt\u00e9si_Bank.pptx\" class=\"mtli_attachment mtli_pptx\" data-mtli=\"mtli_filesize78860kB\">Eur\u00f3pai_\u00dajj\u00e1\u00e9p\u00edt\u00e9si_\u00e9s_Fejleszt\u00e9si_Bank<\/a><\/td>\n<\/tr>\n<tr>\n<td style=\"width: 273.969px;\">Eur\u00f3pai Tan\u00e1cs<\/td>\n<td style=\"width: 274.969px;\"><a href=\"https:\/\/www.knowledgebaseltd.eu\/wp-content\/uploads\/2021\/01\/Europai-Tanacs.pptx\" class=\"mtli_attachment mtli_pptx\" data-mtli=\"mtli_filesize287MB\">Eur\u00f3pai Tan\u00e1cs<\/a><\/p>\n<p><a href=\"https:\/\/www.knowledgebaseltd.eu\/wp-content\/uploads\/2021\/01\/Europai-Tanacs-feladat-Utasitasok.docx\" class=\"mtli_attachment mtli_docx\" data-mtli=\"mtli_filesize1508kB\">Eur\u00f3pai Tan\u00e1cs-feladat-Utas\u00edt\u00e1sok<\/a><\/td>\n<\/tr>\n<tr>\n<td style=\"width: 273.969px;\"><\/td>\n<td style=\"width: 274.969px;\"><\/td>\n<\/tr>\n<\/tbody>\n<\/table>\n<style type=\"text\/css\">a[data-mtli~=\"mtli_filesize1555kB\"]:after {content:\" (15.55 kB)\"}a[data-mtli~=\"mtli_filesize1566kB\"]:after {content:\" (15.66 kB)\"}a[data-mtli~=\"mtli_filesize1571kB\"]:after {content:\" (15.71 kB)\"}a[data-mtli~=\"mtli_filesize52692kB\"]:after {content:\" (526.92 kB)\"}a[data-mtli~=\"mtli_filesize8743kB\"]:after {content:\" (87.43 kB)\"}a[data-mtli~=\"mtli_filesize1445kB\"]:after {content:\" (14.45 kB)\"}a[data-mtli~=\"mtli_filesize24307kB\"]:after {content:\" (243.07 kB)\"}a[data-mtli~=\"mtli_filesize600MB\"]:after {content:\" (6.00 MB)\"}a[data-mtli~=\"mtli_filesize1686kB\"]:after {content:\" (16.86 kB)\"}a[data-mtli~=\"mtli_filesize4794kB\"]:after {content:\" (47.94 kB)\"}a[data-mtli~=\"mtli_filesize2496kB\"]:after {content:\" (24.96 kB)\"}a[data-mtli~=\"mtli_filesize1568kB\"]:after {content:\" (15.68 kB)\"}a[data-mtli~=\"mtli_filesize2040kB\"]:after {content:\" (20.40 kB)\"}a[data-mtli~=\"mtli_filesize78860kB\"]:after {content:\" (788.60 kB)\"}a[data-mtli~=\"mtli_filesize287MB\"]:after {content:\" (2.87 MB)\"}a[data-mtli~=\"mtli_filesize1508kB\"]:after {content:\" (15.08 kB)\"}<\/style>","protected":false},"excerpt":{"rendered":"<p>Europai Gazdasagi Kozosseg Feladat-EGK Berlini fal Schengeni \u00f6vezet Az EU t\u00f6rt\u00e9nete Id\u0151vonal id\u0151vona_feladatl Id\u0151vonal_feladatok Robert Schuman R. Schuman_\u00e9letrajz R. Schuman_feladat R.Schuman_feladat Az EU alap\u00edt\u00f3 \u00e1llamai EU_alap\u00edt\u00f3k EU_alap\u00edt\u00f3k_feladat Szabadkereskedelmi T\u00e1rsul\u00e1s Eur\u00f3pai-Szabadkereskedelmi-T\u00e1rsul\u00e1s R\u00f3mai Szerz\u0151d\u00e9s R\u00f3mai-Szerz\u0151d\u00e9s P\u00e1rizsi Szerz\u0151d\u00e9s Eur\u00f3pai \u00dajj\u00e1\u00e9p\u00edt\u00e9si \u00e9s Fejleszt\u00e9si Bank&hellip; <\/p>\n","protected":false},"author":1,"featured_media":0,"parent":52,"menu_order":0,"comment_status":"closed","ping_status":"closed","template":"","meta":[],"_links":{"self":[{"href":"https:\/\/www.knowledgebaseltd.eu\/wp-json\/wp\/v2\/pages\/404"}],"collection":[{"href":"https:\/\/www.knowledgebaseltd.eu\/wp-json\/wp\/v2\/pages"}],"about":[{"href":"https:\/\/www.knowledgebaseltd.eu\/wp-json\/wp\/v2\/types\/page"}],"author":[{"embeddable":true,"href":"https:\/\/www.knowledgebaseltd.eu\/wp-json\/wp\/v2\/users\/1"}],"replies":[{"embeddable":true,"href":"https:\/\/www.knowledgebaseltd.eu\/wp-json\/wp\/v2\/comments?post=404"}],"version-history":[{"count":12,"href":"https:\/\/www.knowledgebaseltd.eu\/wp-json\/wp\/v2\/pages\/404\/revisions"}],"predecessor-version":[{"id":1347,"href":"https:\/\/www.knowledgebaseltd.eu\/wp-json\/wp\/v2\/pages\/404\/revisions\/1347"}],"up":[{"embeddable":true,"href":"https:\/\/www.knowledgebaseltd.eu\/wp-json\/wp\/v2\/pages\/52"}],"wp:attachment":[{"href":"https:\/\/www.knowledgebaseltd.eu\/wp-json\/wp\/v2\/media?parent=404"}],"curies":[{"name":"wp","href":"https:\/\/api.w.org\/{rel}","templated":true}]}}