{"id":34,"date":"2019-01-05T18:00:22","date_gmt":"2019-01-05T17:00:22","guid":{"rendered":"http:\/\/www.knowledgebaseltd.eu\/?page_id=34"},"modified":"2021-10-29T16:22:10","modified_gmt":"2021-10-29T15:22:10","slug":"other-products","status":"publish","type":"page","link":"https:\/\/www.knowledgebaseltd.eu\/meetings\/hungary\/other-products\/","title":{"rendered":"Other products"},"content":{"rendered":"<h6><a href=\"https:\/\/www.knowledgebaseltd.eu\/wp-content\/uploads\/2019\/03\/Hungary.pptx\" class=\"mtli_attachment mtli_pptx\" data-mtli=\"mtli_filesize569MB\">Hungary<\/a><\/h6>\n<h6><a href=\"https:\/\/www.knowledgebaseltd.eu\/wp-content\/uploads\/2019\/03\/Our-town_Hatvan.pptx\" class=\"mtli_attachment mtli_pptx\" data-mtli=\"mtli_filesize838MB\">Our-town_Hatvan<\/a><\/h6>\n<h6><a href=\"https:\/\/www.knowledgebaseltd.eu\/wp-content\/uploads\/2019\/03\/Sz\u00e9chenyi-Istv\u00e1n-Roman-Catholic-Secondary-School.pptx\" class=\"mtli_attachment mtli_pptx\" data-mtli=\"mtli_filesize1035MB\">Sz\u00e9chenyi-Istv\u00e1n-Roman-Catholic-Secondary-School<\/a><\/h6>\n<table class=\" aligncenter\">\n<tbody>\n<tr>\n<td style=\"width: 228px; vertical-align: middle;\">Household budget<\/td>\n<td style=\"width: 650px;\"><a href=\"https:\/\/www.knowledgebaseltd.eu\/wp-content\/uploads\/2021\/10\/Haztartasok-koltsegvetese_eng.pptx\" class=\"mtli_attachment mtli_pptx\" data-mtli=\"mtli_filesize161MB\">H\u00e1ztart\u00e1sok-k\u00f6lts\u00e9gvet\u00e9se_eng<\/a><\/td>\n<\/tr>\n<\/tbody>\n<\/table>\n<h4>Digital guidebooks:<\/h4>\n<p>&nbsp;<\/p>\n<table class=\" alignleft\" style=\"width: 500px;\">\n<tbody>\n<tr>\n<td style=\"width: 100px; text-align: center; vertical-align: middle;\">Group 1:<\/td>\n<td style=\"width: 400px;\"><div id=\"wpfp_b863f4604dc68bbf82d50056e93753f5\" data-item=\"{&quot;sources&quot;:[{&quot;src&quot;:&quot;https:\\\/\\\/www.knowledgebaseltd.eu\\\/1st_meeting-Hatvan\\\/Digital_guidebook\\\/VIDEO\\\/Group_1.mp4&quot;,&quot;type&quot;:&quot;video\\\/mp4&quot;}],&quot;id&quot;:&quot;5&quot;}\" class=\"flowplayer no-brand is-splash no-svg is-paused skin-slim fp-slim fp-edgy\" data-fv-embed=\"https:\/\/www.knowledgebaseltd.eu\/meetings\/hungary\/other-products\/fvp-5\/\" style=\"position:relative; max-width: 300px; max-height: 200px; \" data-ratio=\"0.6667\">\n\t<div class=\"fp-ratio\" style=\"padding-top: 66.67%\"><\/div>\n\t<div class=\"fp-ui\"><noscript>Please enable JavaScript<\/noscript><div class=\"fp-play fp-visible\"><svg class=\"fp-play-sharp-fill\" xmlns=\"http:\/\/www.w3.org\/2000\/svg\" viewBox=\"0 0 100 100\"><defs><style>.fp-color-play{opacity:0.65;}.controlbutton{fill:#fff;}<\/style><\/defs><title>play-sharp-fill<\/title><path class=\"fp-color-play\" d=\"M49.9217-.078a50,50,0,1,0,50,50A50.0564,50.0564,0,0,0,49.9217-.078Z\"\/><polygon class=\"controlbutton\" points=\"73.601 50 37.968 70.573 37.968 29.427 73.601 50\" filter=\"url(#f1)\"\/><\/svg><\/div><div class=\"fp-preload\"><b><\/b><b><\/b><b><\/b><b><\/b><\/div><\/div>\n<div class='fvp-share-bar'><ul class=\"fvp-sharing\">\n    <li><a class=\"sharing-facebook\" href=\"https:\/\/www.facebook.com\/sharer\/sharer.php?u=https%3A%2F%2Fwww.knowledgebaseltd.eu%2Fmeetings%2Fhungary%2Fother-products%2F\" target=\"_blank\"><\/a><\/li>\n    <li><a class=\"sharing-twitter\" href=\"https:\/\/twitter.com\/intent\/tweet?text=Knowledge+Base+International+Ltd+&url=https%3A%2F%2Fwww.knowledgebaseltd.eu%2Fmeetings%2Fhungary%2Fother-products%2F\" target=\"_blank\"><\/a><\/li>\n    <li><a class=\"sharing-email\" href=\"mailto:?body=Check%20out%20the%20amazing%20video%20here%3A%20https%3A%2F%2Fwww.knowledgebaseltd.eu%2Fmeetings%2Fhungary%2Fother-products%2F\" target=\"_blank\"><\/a><\/li><\/ul><div><a class=\"sharing-link\" href=\"https:\/\/www.knowledgebaseltd.eu\/meetings\/hungary\/other-products\/\" target=\"_blank\">Link<\/a><\/div><div><label><a class=\"embed-code-toggle\" href=\"#\"><strong>Embed<\/strong><\/a><\/label><\/div><div class=\"embed-code\"><label>Copy and paste this HTML code into your webpage to embed.<\/label><textarea><\/textarea><\/div><\/div>\n<\/div>\n<\/td>\n<\/tr>\n<tr>\n<td style=\"text-align: center; vertical-align: middle;\">Group 2:<\/td>\n<td><div id=\"wpfp_a8934d3f7ed892f602ed10b349af03fb\" data-item=\"{&quot;sources&quot;:[{&quot;src&quot;:&quot;https:\\\/\\\/www.knowledgebaseltd.eu\\\/1st_meeting-Hatvan\\\/Digital_guidebook\\\/VIDEO\\\/Group_2.mp4&quot;,&quot;type&quot;:&quot;video\\\/mp4&quot;}],&quot;id&quot;:&quot;6&quot;}\" class=\"flowplayer no-brand is-splash no-svg is-paused skin-slim fp-slim fp-edgy\" data-fv-embed=\"https:\/\/www.knowledgebaseltd.eu\/meetings\/hungary\/other-products\/fvp-6\/\" style=\"position:relative; max-width: 300px; max-height: 200px; \" data-ratio=\"0.6667\">\n\t<div class=\"fp-ratio\" style=\"padding-top: 66.67%\"><\/div>\n\t<div class=\"fp-ui\"><noscript>Please enable JavaScript<\/noscript><div class=\"fp-play fp-visible\"><svg class=\"fp-play-sharp-fill\" xmlns=\"http:\/\/www.w3.org\/2000\/svg\" viewBox=\"0 0 100 100\"><defs><style>.fp-color-play{opacity:0.65;}.controlbutton{fill:#fff;}<\/style><\/defs><title>play-sharp-fill<\/title><path class=\"fp-color-play\" d=\"M49.9217-.078a50,50,0,1,0,50,50A50.0564,50.0564,0,0,0,49.9217-.078Z\"\/><polygon class=\"controlbutton\" points=\"73.601 50 37.968 70.573 37.968 29.427 73.601 50\" filter=\"url(#f1)\"\/><\/svg><\/div><div class=\"fp-preload\"><b><\/b><b><\/b><b><\/b><b><\/b><\/div><\/div>\n<div class='fvp-share-bar'><ul class=\"fvp-sharing\">\n    <li><a class=\"sharing-facebook\" href=\"https:\/\/www.facebook.com\/sharer\/sharer.php?u=https%3A%2F%2Fwww.knowledgebaseltd.eu%2Fmeetings%2Fhungary%2Fother-products%2F\" target=\"_blank\"><\/a><\/li>\n    <li><a class=\"sharing-twitter\" href=\"https:\/\/twitter.com\/intent\/tweet?text=Knowledge+Base+International+Ltd+&url=https%3A%2F%2Fwww.knowledgebaseltd.eu%2Fmeetings%2Fhungary%2Fother-products%2F\" target=\"_blank\"><\/a><\/li>\n    <li><a class=\"sharing-email\" href=\"mailto:?body=Check%20out%20the%20amazing%20video%20here%3A%20https%3A%2F%2Fwww.knowledgebaseltd.eu%2Fmeetings%2Fhungary%2Fother-products%2F\" target=\"_blank\"><\/a><\/li><\/ul><div><a class=\"sharing-link\" href=\"https:\/\/www.knowledgebaseltd.eu\/meetings\/hungary\/other-products\/\" target=\"_blank\">Link<\/a><\/div><div><label><a class=\"embed-code-toggle\" href=\"#\"><strong>Embed<\/strong><\/a><\/label><\/div><div class=\"embed-code\"><label>Copy and paste this HTML code into your webpage to embed.<\/label><textarea><\/textarea><\/div><\/div>\n<\/div>\n<\/td>\n<\/tr>\n<tr>\n<td style=\"text-align: center; vertical-align: middle;\">Group 3:<\/td>\n<td><div id=\"wpfp_d6792a5193352bf53fae74244c19124d\" data-item=\"{&quot;sources&quot;:[{&quot;src&quot;:&quot;https:\\\/\\\/www.knowledgebaseltd.eu\\\/1st_meeting-Hatvan\\\/Digital_guidebook\\\/VIDEO\\\/Group_3.mp4&quot;,&quot;type&quot;:&quot;video\\\/mp4&quot;}],&quot;id&quot;:&quot;7&quot;}\" class=\"flowplayer no-brand is-splash no-svg is-paused skin-slim fp-slim fp-edgy\" data-fv-embed=\"https:\/\/www.knowledgebaseltd.eu\/meetings\/hungary\/other-products\/fvp-7\/\" style=\"position:relative; max-width: 300px; max-height: 200px; \" data-ratio=\"0.6667\">\n\t<div class=\"fp-ratio\" style=\"padding-top: 66.67%\"><\/div>\n\t<div class=\"fp-ui\"><noscript>Please enable JavaScript<\/noscript><div class=\"fp-play fp-visible\"><svg class=\"fp-play-sharp-fill\" xmlns=\"http:\/\/www.w3.org\/2000\/svg\" viewBox=\"0 0 100 100\"><defs><style>.fp-color-play{opacity:0.65;}.controlbutton{fill:#fff;}<\/style><\/defs><title>play-sharp-fill<\/title><path class=\"fp-color-play\" d=\"M49.9217-.078a50,50,0,1,0,50,50A50.0564,50.0564,0,0,0,49.9217-.078Z\"\/><polygon class=\"controlbutton\" points=\"73.601 50 37.968 70.573 37.968 29.427 73.601 50\" filter=\"url(#f1)\"\/><\/svg><\/div><div class=\"fp-preload\"><b><\/b><b><\/b><b><\/b><b><\/b><\/div><\/div>\n<div class='fvp-share-bar'><ul class=\"fvp-sharing\">\n    <li><a class=\"sharing-facebook\" href=\"https:\/\/www.facebook.com\/sharer\/sharer.php?u=https%3A%2F%2Fwww.knowledgebaseltd.eu%2Fmeetings%2Fhungary%2Fother-products%2F\" target=\"_blank\"><\/a><\/li>\n    <li><a class=\"sharing-twitter\" href=\"https:\/\/twitter.com\/intent\/tweet?text=Knowledge+Base+International+Ltd+&url=https%3A%2F%2Fwww.knowledgebaseltd.eu%2Fmeetings%2Fhungary%2Fother-products%2F\" target=\"_blank\"><\/a><\/li>\n    <li><a class=\"sharing-email\" href=\"mailto:?body=Check%20out%20the%20amazing%20video%20here%3A%20https%3A%2F%2Fwww.knowledgebaseltd.eu%2Fmeetings%2Fhungary%2Fother-products%2F\" target=\"_blank\"><\/a><\/li><\/ul><div><a class=\"sharing-link\" href=\"https:\/\/www.knowledgebaseltd.eu\/meetings\/hungary\/other-products\/\" target=\"_blank\">Link<\/a><\/div><div><label><a class=\"embed-code-toggle\" href=\"#\"><strong>Embed<\/strong><\/a><\/label><\/div><div class=\"embed-code\"><label>Copy and paste this HTML code into your webpage to embed.<\/label><textarea><\/textarea><\/div><\/div>\n<\/div>\n<\/td>\n<\/tr>\n<tr>\n<td style=\"text-align: center; vertical-align: middle;\">Group 4:<\/td>\n<td><div id=\"wpfp_64523d0ae47df1f9d3db0c0e19c340cd\" data-item=\"{&quot;sources&quot;:[{&quot;src&quot;:&quot;https:\\\/\\\/www.knowledgebaseltd.eu\\\/1st_meeting-Hatvan\\\/Digital_guidebook\\\/VIDEO\\\/Group_4.mp4&quot;,&quot;type&quot;:&quot;video\\\/mp4&quot;}],&quot;id&quot;:&quot;8&quot;}\" class=\"flowplayer no-brand is-splash no-svg is-paused skin-slim fp-slim fp-edgy\" data-fv-embed=\"https:\/\/www.knowledgebaseltd.eu\/meetings\/hungary\/other-products\/fvp-8\/\" style=\"position:relative; max-width: 300px; max-height: 200px; \" data-ratio=\"0.6667\">\n\t<div class=\"fp-ratio\" style=\"padding-top: 66.67%\"><\/div>\n\t<div class=\"fp-ui\"><noscript>Please enable JavaScript<\/noscript><div class=\"fp-play fp-visible\"><svg class=\"fp-play-sharp-fill\" xmlns=\"http:\/\/www.w3.org\/2000\/svg\" viewBox=\"0 0 100 100\"><defs><style>.fp-color-play{opacity:0.65;}.controlbutton{fill:#fff;}<\/style><\/defs><title>play-sharp-fill<\/title><path class=\"fp-color-play\" d=\"M49.9217-.078a50,50,0,1,0,50,50A50.0564,50.0564,0,0,0,49.9217-.078Z\"\/><polygon class=\"controlbutton\" points=\"73.601 50 37.968 70.573 37.968 29.427 73.601 50\" filter=\"url(#f1)\"\/><\/svg><\/div><div class=\"fp-preload\"><b><\/b><b><\/b><b><\/b><b><\/b><\/div><\/div>\n<div class='fvp-share-bar'><ul class=\"fvp-sharing\">\n    <li><a class=\"sharing-facebook\" href=\"https:\/\/www.facebook.com\/sharer\/sharer.php?u=https%3A%2F%2Fwww.knowledgebaseltd.eu%2Fmeetings%2Fhungary%2Fother-products%2F\" target=\"_blank\"><\/a><\/li>\n    <li><a class=\"sharing-twitter\" href=\"https:\/\/twitter.com\/intent\/tweet?text=Knowledge+Base+International+Ltd+&url=https%3A%2F%2Fwww.knowledgebaseltd.eu%2Fmeetings%2Fhungary%2Fother-products%2F\" target=\"_blank\"><\/a><\/li>\n    <li><a class=\"sharing-email\" href=\"mailto:?body=Check%20out%20the%20amazing%20video%20here%3A%20https%3A%2F%2Fwww.knowledgebaseltd.eu%2Fmeetings%2Fhungary%2Fother-products%2F\" target=\"_blank\"><\/a><\/li><\/ul><div><a class=\"sharing-link\" href=\"https:\/\/www.knowledgebaseltd.eu\/meetings\/hungary\/other-products\/\" target=\"_blank\">Link<\/a><\/div><div><label><a class=\"embed-code-toggle\" href=\"#\"><strong>Embed<\/strong><\/a><\/label><\/div><div class=\"embed-code\"><label>Copy and paste this HTML code into your webpage to embed.<\/label><textarea><\/textarea><\/div><\/div>\n<\/div>\n<\/td>\n<\/tr>\n<tr>\n<td style=\"text-align: center; vertical-align: middle;\">Group 5:<\/td>\n<td><div id=\"wpfp_cf059c349e86a88c9d497f78ea07ce4d\" data-item=\"{&quot;sources&quot;:[{&quot;src&quot;:&quot;https:\\\/\\\/www.knowledgebaseltd.eu\\\/1st_meeting-Hatvan\\\/Digital_guidebook\\\/VIDEO\\\/Group_5.mp4&quot;,&quot;type&quot;:&quot;video\\\/mp4&quot;}],&quot;id&quot;:&quot;9&quot;}\" class=\"flowplayer no-brand is-splash no-svg is-paused skin-slim fp-slim fp-edgy\" data-fv-embed=\"https:\/\/www.knowledgebaseltd.eu\/meetings\/hungary\/other-products\/fvp-9\/\" style=\"position:relative; max-width: 300px; max-height: 200px; \" data-ratio=\"0.6667\">\n\t<div class=\"fp-ratio\" style=\"padding-top: 66.67%\"><\/div>\n\t<div class=\"fp-ui\"><noscript>Please enable JavaScript<\/noscript><div class=\"fp-play fp-visible\"><svg class=\"fp-play-sharp-fill\" xmlns=\"http:\/\/www.w3.org\/2000\/svg\" viewBox=\"0 0 100 100\"><defs><style>.fp-color-play{opacity:0.65;}.controlbutton{fill:#fff;}<\/style><\/defs><title>play-sharp-fill<\/title><path class=\"fp-color-play\" d=\"M49.9217-.078a50,50,0,1,0,50,50A50.0564,50.0564,0,0,0,49.9217-.078Z\"\/><polygon class=\"controlbutton\" points=\"73.601 50 37.968 70.573 37.968 29.427 73.601 50\" filter=\"url(#f1)\"\/><\/svg><\/div><div class=\"fp-preload\"><b><\/b><b><\/b><b><\/b><b><\/b><\/div><\/div>\n<div class='fvp-share-bar'><ul class=\"fvp-sharing\">\n    <li><a class=\"sharing-facebook\" href=\"https:\/\/www.facebook.com\/sharer\/sharer.php?u=https%3A%2F%2Fwww.knowledgebaseltd.eu%2Fmeetings%2Fhungary%2Fother-products%2F\" target=\"_blank\"><\/a><\/li>\n    <li><a class=\"sharing-twitter\" href=\"https:\/\/twitter.com\/intent\/tweet?text=Knowledge+Base+International+Ltd+&url=https%3A%2F%2Fwww.knowledgebaseltd.eu%2Fmeetings%2Fhungary%2Fother-products%2F\" target=\"_blank\"><\/a><\/li>\n    <li><a class=\"sharing-email\" href=\"mailto:?body=Check%20out%20the%20amazing%20video%20here%3A%20https%3A%2F%2Fwww.knowledgebaseltd.eu%2Fmeetings%2Fhungary%2Fother-products%2F\" target=\"_blank\"><\/a><\/li><\/ul><div><a class=\"sharing-link\" href=\"https:\/\/www.knowledgebaseltd.eu\/meetings\/hungary\/other-products\/\" target=\"_blank\">Link<\/a><\/div><div><label><a class=\"embed-code-toggle\" href=\"#\"><strong>Embed<\/strong><\/a><\/label><\/div><div class=\"embed-code\"><label>Copy and paste this HTML code into your webpage to embed.<\/label><textarea><\/textarea><\/div><\/div>\n<\/div>\n<\/td>\n<\/tr>\n<tr>\n<td style=\"text-align: center; vertical-align: middle;\">Group 6:<\/td>\n<td><div id=\"wpfp_5dbc16ced4da22e147f1d19c532b824f\" data-item=\"{&quot;sources&quot;:[{&quot;src&quot;:&quot;https:\\\/\\\/www.knowledgebaseltd.eu\\\/1st_meeting-Hatvan\\\/Digital_guidebook\\\/VIDEO\\\/Group_6.mp4&quot;,&quot;type&quot;:&quot;video\\\/mp4&quot;}],&quot;id&quot;:&quot;10&quot;}\" class=\"flowplayer no-brand is-splash no-svg is-paused skin-slim fp-slim fp-edgy\" data-fv-embed=\"https:\/\/www.knowledgebaseltd.eu\/meetings\/hungary\/other-products\/fvp-10\/\" style=\"position:relative; max-width: 300px; max-height: 200px; \" data-ratio=\"0.6667\">\n\t<div class=\"fp-ratio\" style=\"padding-top: 66.67%\"><\/div>\n\t<div class=\"fp-ui\"><noscript>Please enable JavaScript<\/noscript><div class=\"fp-play fp-visible\"><svg class=\"fp-play-sharp-fill\" xmlns=\"http:\/\/www.w3.org\/2000\/svg\" viewBox=\"0 0 100 100\"><defs><style>.fp-color-play{opacity:0.65;}.controlbutton{fill:#fff;}<\/style><\/defs><title>play-sharp-fill<\/title><path class=\"fp-color-play\" d=\"M49.9217-.078a50,50,0,1,0,50,50A50.0564,50.0564,0,0,0,49.9217-.078Z\"\/><polygon class=\"controlbutton\" points=\"73.601 50 37.968 70.573 37.968 29.427 73.601 50\" filter=\"url(#f1)\"\/><\/svg><\/div><div class=\"fp-preload\"><b><\/b><b><\/b><b><\/b><b><\/b><\/div><\/div>\n<div class='fvp-share-bar'><ul class=\"fvp-sharing\">\n    <li><a class=\"sharing-facebook\" href=\"https:\/\/www.facebook.com\/sharer\/sharer.php?u=https%3A%2F%2Fwww.knowledgebaseltd.eu%2Fmeetings%2Fhungary%2Fother-products%2F\" target=\"_blank\"><\/a><\/li>\n    <li><a class=\"sharing-twitter\" href=\"https:\/\/twitter.com\/intent\/tweet?text=Knowledge+Base+International+Ltd+&url=https%3A%2F%2Fwww.knowledgebaseltd.eu%2Fmeetings%2Fhungary%2Fother-products%2F\" target=\"_blank\"><\/a><\/li>\n    <li><a class=\"sharing-email\" href=\"mailto:?body=Check%20out%20the%20amazing%20video%20here%3A%20https%3A%2F%2Fwww.knowledgebaseltd.eu%2Fmeetings%2Fhungary%2Fother-products%2F\" target=\"_blank\"><\/a><\/li><\/ul><div><a class=\"sharing-link\" href=\"https:\/\/www.knowledgebaseltd.eu\/meetings\/hungary\/other-products\/\" target=\"_blank\">Link<\/a><\/div><div><label><a class=\"embed-code-toggle\" href=\"#\"><strong>Embed<\/strong><\/a><\/label><\/div><div class=\"embed-code\"><label>Copy and paste this HTML code into your webpage to embed.<\/label><textarea><\/textarea><\/div><\/div>\n<\/div>\n<\/td>\n<\/tr>\n<tr>\n<td style=\"text-align: center; vertical-align: middle;\">Group 7:<\/td>\n<td><div id=\"wpfp_86b3c75ce23ad8dbca844ef4651d4491\" data-item=\"{&quot;sources&quot;:[{&quot;src&quot;:&quot;https:\\\/\\\/www.knowledgebaseltd.eu\\\/1st_meeting-Hatvan\\\/Digital_guidebook\\\/VIDEO\\\/Group_7.mp4&quot;,&quot;type&quot;:&quot;video\\\/mp4&quot;}],&quot;id&quot;:&quot;11&quot;}\" class=\"flowplayer no-brand is-splash no-svg is-paused skin-slim fp-slim fp-edgy\" data-fv-embed=\"https:\/\/www.knowledgebaseltd.eu\/meetings\/hungary\/other-products\/fvp-11\/\" style=\"position:relative; max-width: 300px; max-height: 200px; \" data-ratio=\"0.6667\">\n\t<div class=\"fp-ratio\" style=\"padding-top: 66.67%\"><\/div>\n\t<div class=\"fp-ui\"><noscript>Please enable JavaScript<\/noscript><div class=\"fp-play fp-visible\"><svg class=\"fp-play-sharp-fill\" xmlns=\"http:\/\/www.w3.org\/2000\/svg\" viewBox=\"0 0 100 100\"><defs><style>.fp-color-play{opacity:0.65;}.controlbutton{fill:#fff;}<\/style><\/defs><title>play-sharp-fill<\/title><path class=\"fp-color-play\" d=\"M49.9217-.078a50,50,0,1,0,50,50A50.0564,50.0564,0,0,0,49.9217-.078Z\"\/><polygon class=\"controlbutton\" points=\"73.601 50 37.968 70.573 37.968 29.427 73.601 50\" filter=\"url(#f1)\"\/><\/svg><\/div><div class=\"fp-preload\"><b><\/b><b><\/b><b><\/b><b><\/b><\/div><\/div>\n<div class='fvp-share-bar'><ul class=\"fvp-sharing\">\n    <li><a class=\"sharing-facebook\" href=\"https:\/\/www.facebook.com\/sharer\/sharer.php?u=https%3A%2F%2Fwww.knowledgebaseltd.eu%2Fmeetings%2Fhungary%2Fother-products%2F\" target=\"_blank\"><\/a><\/li>\n    <li><a class=\"sharing-twitter\" href=\"https:\/\/twitter.com\/intent\/tweet?text=Knowledge+Base+International+Ltd+&url=https%3A%2F%2Fwww.knowledgebaseltd.eu%2Fmeetings%2Fhungary%2Fother-products%2F\" target=\"_blank\"><\/a><\/li>\n    <li><a class=\"sharing-email\" href=\"mailto:?body=Check%20out%20the%20amazing%20video%20here%3A%20https%3A%2F%2Fwww.knowledgebaseltd.eu%2Fmeetings%2Fhungary%2Fother-products%2F\" target=\"_blank\"><\/a><\/li><\/ul><div><a class=\"sharing-link\" href=\"https:\/\/www.knowledgebaseltd.eu\/meetings\/hungary\/other-products\/\" target=\"_blank\">Link<\/a><\/div><div><label><a class=\"embed-code-toggle\" href=\"#\"><strong>Embed<\/strong><\/a><\/label><\/div><div class=\"embed-code\"><label>Copy and paste this HTML code into your webpage to embed.<\/label><textarea><\/textarea><\/div><\/div>\n<\/div>\n<\/td>\n<\/tr>\n<tr>\n<td style=\"text-align: center; vertical-align: middle;\">Group 8:<\/td>\n<td><div id=\"wpfp_0cb4050afdf98c5b238bfd9388b5e8b8\" data-item=\"{&quot;sources&quot;:[{&quot;src&quot;:&quot;https:\\\/\\\/www.knowledgebaseltd.eu\\\/1st_meeting-Hatvan\\\/Digital_guidebook\\\/VIDEO\\\/Group_8.mp4&quot;,&quot;type&quot;:&quot;video\\\/mp4&quot;}],&quot;id&quot;:&quot;12&quot;}\" class=\"flowplayer no-brand is-splash no-svg is-paused skin-slim fp-slim fp-edgy\" data-fv-embed=\"https:\/\/www.knowledgebaseltd.eu\/meetings\/hungary\/other-products\/fvp-12\/\" style=\"position:relative; max-width: 300px; max-height: 200px; \" data-ratio=\"0.6667\">\n\t<div class=\"fp-ratio\" style=\"padding-top: 66.67%\"><\/div>\n\t<div class=\"fp-ui\"><noscript>Please enable JavaScript<\/noscript><div class=\"fp-play fp-visible\"><svg class=\"fp-play-sharp-fill\" xmlns=\"http:\/\/www.w3.org\/2000\/svg\" viewBox=\"0 0 100 100\"><defs><style>.fp-color-play{opacity:0.65;}.controlbutton{fill:#fff;}<\/style><\/defs><title>play-sharp-fill<\/title><path class=\"fp-color-play\" d=\"M49.9217-.078a50,50,0,1,0,50,50A50.0564,50.0564,0,0,0,49.9217-.078Z\"\/><polygon class=\"controlbutton\" points=\"73.601 50 37.968 70.573 37.968 29.427 73.601 50\" filter=\"url(#f1)\"\/><\/svg><\/div><div class=\"fp-preload\"><b><\/b><b><\/b><b><\/b><b><\/b><\/div><\/div>\n<div class='fvp-share-bar'><ul class=\"fvp-sharing\">\n    <li><a class=\"sharing-facebook\" href=\"https:\/\/www.facebook.com\/sharer\/sharer.php?u=https%3A%2F%2Fwww.knowledgebaseltd.eu%2Fmeetings%2Fhungary%2Fother-products%2F\" target=\"_blank\"><\/a><\/li>\n    <li><a class=\"sharing-twitter\" href=\"https:\/\/twitter.com\/intent\/tweet?text=Knowledge+Base+International+Ltd+&url=https%3A%2F%2Fwww.knowledgebaseltd.eu%2Fmeetings%2Fhungary%2Fother-products%2F\" target=\"_blank\"><\/a><\/li>\n    <li><a class=\"sharing-email\" href=\"mailto:?body=Check%20out%20the%20amazing%20video%20here%3A%20https%3A%2F%2Fwww.knowledgebaseltd.eu%2Fmeetings%2Fhungary%2Fother-products%2F\" target=\"_blank\"><\/a><\/li><\/ul><div><a class=\"sharing-link\" href=\"https:\/\/www.knowledgebaseltd.eu\/meetings\/hungary\/other-products\/\" target=\"_blank\">Link<\/a><\/div><div><label><a class=\"embed-code-toggle\" href=\"#\"><strong>Embed<\/strong><\/a><\/label><\/div><div class=\"embed-code\"><label>Copy and paste this HTML code into your webpage to embed.<\/label><textarea><\/textarea><\/div><\/div>\n<\/div>\n<\/td>\n<\/tr>\n<\/tbody>\n<\/table>\n<p>&nbsp;<\/p>\n<style type=\"text\/css\">a[data-mtli~=\"mtli_filesize569MB\"]:after {content:\" (5.69 MB)\"}a[data-mtli~=\"mtli_filesize838MB\"]:after {content:\" (8.38 MB)\"}a[data-mtli~=\"mtli_filesize1035MB\"]:after {content:\" (10.35 MB)\"}a[data-mtli~=\"mtli_filesize161MB\"]:after {content:\" (1.61 MB)\"}<\/style>","protected":false},"excerpt":{"rendered":"<p>Hungary Our-town_Hatvan Sz\u00e9chenyi-Istv\u00e1n-Roman-Catholic-Secondary-School Household budget H\u00e1ztart\u00e1sok-k\u00f6lts\u00e9gvet\u00e9se_eng Digital guidebooks: &nbsp; Group 1: Group 2: Group 3: Group 4: Group 5: Group 6: Group 7: Group 8: &nbsp;<\/p>\n","protected":false},"author":1,"featured_media":0,"parent":22,"menu_order":1,"comment_status":"closed","ping_status":"closed","template":"","meta":[],"_links":{"self":[{"href":"https:\/\/www.knowledgebaseltd.eu\/wp-json\/wp\/v2\/pages\/34"}],"collection":[{"href":"https:\/\/www.knowledgebaseltd.eu\/wp-json\/wp\/v2\/pages"}],"about":[{"href":"https:\/\/www.knowledgebaseltd.eu\/wp-json\/wp\/v2\/types\/page"}],"author":[{"embeddable":true,"href":"https:\/\/www.knowledgebaseltd.eu\/wp-json\/wp\/v2\/users\/1"}],"replies":[{"embeddable":true,"href":"https:\/\/www.knowledgebaseltd.eu\/wp-json\/wp\/v2\/comments?post=34"}],"version-history":[{"count":8,"href":"https:\/\/www.knowledgebaseltd.eu\/wp-json\/wp\/v2\/pages\/34\/revisions"}],"predecessor-version":[{"id":231,"href":"https:\/\/www.knowledgebaseltd.eu\/wp-json\/wp\/v2\/pages\/34\/revisions\/231"}],"up":[{"embeddable":true,"href":"https:\/\/www.knowledgebaseltd.eu\/wp-json\/wp\/v2\/pages\/22"}],"wp:attachment":[{"href":"https:\/\/www.knowledgebaseltd.eu\/wp-json\/wp\/v2\/media?parent=34"}],"curies":[{"name":"wp","href":"https:\/\/api.w.org\/{rel}","templated":true}]}}